{"id":10438,"date":"2025-10-08T11:29:44","date_gmt":"2025-10-08T09:29:44","guid":{"rendered":"https:\/\/raumluft24.de\/?post_type=product&#038;p=10438"},"modified":"2026-02-05T13:03:49","modified_gmt":"2026-02-05T12:03:49","slug":"klimaanlage-rimini-inhp09","status":"publish","type":"product","link":"https:\/\/raumluft24.de\/en\/produkt\/klimaanlage-rimini-inhp09\/","title":{"rendered":"Klimaanlage Rimini INHP09"},"content":{"rendered":"<p>Our space-saving inverter model (with inverter technology and a narrow width of just 81 cm and WiFi control) - the further development of the wall-mounted air conditioner series with a painted stainless steel housing.<\/p>\n<p>Mit einem sehr niedrigen Ger\u00e4uschpegel von nur 27 Dezibel und einer geringen Geh\u00e4usetiefe von nur 16,5 cm ist das neue Design Monoblock Wand-Klimager\u00e4t Rimini INHP09 ein Blickfang f\u00fcr Ihre R\u00e4ume mit komfortabler Wlan Steuerung. Unsere erste Monoblockwandklimaanlage ohne Au\u00dfenger\u00e4t mit K\u00e4ltemittel R290!<\/p>\n<div id=\"attachment_1545\" style=\"width: 420px\" class=\"wp-caption alignright\"><img decoding=\"async\" aria-describedby=\"caption-attachment-1545\" class=\"wp-image-1545\" src=\"https:\/\/raumluft24.de\/wp-content\/uploads\/2021\/03\/6018-capri-mini-1024x1024.jpg\" alt=\"\" width=\"410\" height=\"410\" \/><p id=\"caption-attachment-1545\" class=\"wp-caption-text\">Only 81 cm wide, particularly space-saving and yet extremely powerful!<\/p><\/div>\n<p>The air conditioner is suitable for room sizes up to 30 m\u00b2.<\/p>\n<p>Another highlight of this newly developed air conditioner is that the outer cover flaps close automatically when the air conditioner is not in operation.<\/p>\n<p>This air conditioner combines air conditioning and heating in one unit. In addition, our air conditioners no longer require a disruptive outdoor unit on your building facade.<\/p>\n<p>Sie erwerben hier ein extrem leises und hochwertiges Klimager\u00e4t der neusten Generation in ansprechendem, schicken grauem RAL9007 Design.<\/p>\n<p>Our air conditioners are designed and manufactured in Europe and are characterized by high quality, very quiet operation and low energy consumption.<\/p>\n<p>The air conditioners can be controlled via the supplied remote control. In addition, the air conditioner is equipped with a touch display, which means that the air conditioner can be used at any time even without a remote control.<\/p>\n<p>A dehumidification function allows the multifunctional air conditioner to be set to \"only\" dehumidification mode.<\/p>\n<p>An absolute highlight is that you can install the air conditioner both at foot height and at head height. Thus, air conditioning of the room is possible at virtually any mounting height.<\/p>\n<p>The air conditioner is characterized by a very quiet operating noise of only 27 decibels. Thus, it can be perfectly used in living rooms and bedrooms.<\/p>\n<p>This modern air conditioner ensures your independence from the outside temperatures.<\/p>\n<p>Bring a breath of fresh air into your home.<\/p>","protected":false},"excerpt":{"rendered":"<p>The space-saving inverter model<\/p>","protected":false},"featured_media":10357,"template":"","meta":{"_acf_changed":false,"_et_pb_use_builder":"","_et_pb_old_content":"","_et_gb_content_width":""},"product_brand":[],"product_cat":[113],"product_tag":[],"class_list":{"0":"post-10438","1":"product","2":"type-product","3":"status-publish","4":"has-post-thumbnail","6":"product_cat-haendlershop","8":"first","9":"instock","10":"taxable","11":"shipping-taxable","12":"product-type-simple"},"acf":[],"_links":{"self":[{"href":"https:\/\/raumluft24.de\/en\/wp-json\/wp\/v2\/product\/10438","targetHints":{"allow":["GET"]}}],"collection":[{"href":"https:\/\/raumluft24.de\/en\/wp-json\/wp\/v2\/product"}],"about":[{"href":"https:\/\/raumluft24.de\/en\/wp-json\/wp\/v2\/types\/product"}],"wp:featuredmedia":[{"embeddable":true,"href":"https:\/\/raumluft24.de\/en\/wp-json\/wp\/v2\/media\/10357"}],"wp:attachment":[{"href":"https:\/\/raumluft24.de\/en\/wp-json\/wp\/v2\/media?parent=10438"}],"wp:term":[{"taxonomy":"product_brand","embeddable":true,"href":"https:\/\/raumluft24.de\/en\/wp-json\/wp\/v2\/product_brand?post=10438"},{"taxonomy":"product_cat","embeddable":true,"href":"https:\/\/raumluft24.de\/en\/wp-json\/wp\/v2\/product_cat?post=10438"},{"taxonomy":"product_tag","embeddable":true,"href":"https:\/\/raumluft24.de\/en\/wp-json\/wp\/v2\/product_tag?post=10438"}],"curies":[{"name":"wp","href":"https:\/\/api.w.org\/{rel}","templated":true}]}}