{"id":10984,"date":"2026-05-12T14:36:10","date_gmt":"2026-05-12T12:36:10","guid":{"rendered":"https:\/\/raumluft24.de\/?post_type=product&#038;p=10984"},"modified":"2026-05-15T16:24:34","modified_gmt":"2026-05-15T14:24:34","slug":"klimaanlage-catania-vertikal-inhp15-elecpie","status":"publish","type":"product","link":"https:\/\/raumluft24.de\/en\/produkt\/klimaanlage-catania-vertikal-inhp15-elecpie\/","title":{"rendered":"Klimaanlage Catania Vertikal INHP15ELEC"},"content":{"rendered":"<p>Our powerful premium model with WLAN module and APP control - the further development of wall air conditioners with a housing made of painted stainless steel.<\/p>\n<p>Mit einem sehr niedrigen Ger\u00e4uschpegel von nur 29 Dezibel und einer geringen Geh\u00e4usetiefe von nur 20,5 cm ist das neue Design Monoblock Wand-Klimager\u00e4t Catania Vertical INHP15 ELEC ein Blickfang f\u00fcr Ihre R\u00e4ume.<\/p>\n<p>The air conditioner is suitable for room sizes up to 60 m\u00b2.<\/p>\n<p>Another highlight of this newly developed air conditioner is that the outer cover flaps close automatically when the air conditioner is not in operation.<\/p>\n<p>This air conditioner combines air conditioning and heating in one unit. In addition, our air conditioners no longer require a disruptive outdoor unit on your building facade.<\/p>\n<p>You acquire here an extremely quiet and high-quality air conditioner of the latest generation in an attractive, chic, pure white design.<\/p>\n<p>Our air conditioners are designed and manufactured in Europe and are characterized by high quality, very quiet operation and low energy consumption.<\/p>\n<p>The air conditioners can be controlled via the supplied remote control. In addition, the air conditioner is equipped with a touch display, which means that the air conditioner can be used at any time even without a remote control. It is also possible to access, set or change all functions via your mobile device (tablet or smartphone).<\/p>\n<p>A dehumidification function allows the multifunctional air conditioner to be set to \"only\" dehumidification mode.<\/p>\n<p>Das Klimager\u00e4t zeichnet sich durch ein sehr leises Betriebsger\u00e4usch von nur 29 Dezibel aus. Somit kann es perfekt in Wohn- und gewerlichen R\u00e4umen eingesetzt werden.<\/p>\n<p>This modern air conditioner ensures your independence from the outside temperatures.<\/p>\n<p><strong>The following should be noted:<\/strong><br \/>\nThis air conditioner can only be installed at foot level. It is not possible to install this air conditioner close to the ceiling. This is a commercial model, which can not be delivered to the private consumer. Private consumers who are interested in this air conditioner, please contact us by phone. It is possible to order this model including professional installation through a craftsman's company in your area.<\/p>\n<p>The air conditioners must not be installed in wet rooms or bathrooms.<\/p>","protected":false},"excerpt":{"rendered":"<p>The premium commercial model<br \/>\n-Kann einen Heizk\u00f6rper ersetzen-<\/p>","protected":false},"featured_media":11015,"template":"","meta":{"_acf_changed":false,"_et_pb_use_builder":"","_et_pb_old_content":"","_et_gb_content_width":""},"product_brand":[],"product_cat":[15,90],"product_tag":[],"class_list":{"0":"post-10984","1":"product","2":"type-product","3":"status-publish","4":"has-post-thumbnail","6":"product_cat-klimaanlagen","7":"product_cat-vertikal","9":"first","10":"instock","11":"taxable","12":"shipping-taxable","13":"purchasable","14":"product-type-simple"},"acf":[],"_links":{"self":[{"href":"https:\/\/raumluft24.de\/en\/wp-json\/wp\/v2\/product\/10984","targetHints":{"allow":["GET"]}}],"collection":[{"href":"https:\/\/raumluft24.de\/en\/wp-json\/wp\/v2\/product"}],"about":[{"href":"https:\/\/raumluft24.de\/en\/wp-json\/wp\/v2\/types\/product"}],"wp:featuredmedia":[{"embeddable":true,"href":"https:\/\/raumluft24.de\/en\/wp-json\/wp\/v2\/media\/11015"}],"wp:attachment":[{"href":"https:\/\/raumluft24.de\/en\/wp-json\/wp\/v2\/media?parent=10984"}],"wp:term":[{"taxonomy":"product_brand","embeddable":true,"href":"https:\/\/raumluft24.de\/en\/wp-json\/wp\/v2\/product_brand?post=10984"},{"taxonomy":"product_cat","embeddable":true,"href":"https:\/\/raumluft24.de\/en\/wp-json\/wp\/v2\/product_cat?post=10984"},{"taxonomy":"product_tag","embeddable":true,"href":"https:\/\/raumluft24.de\/en\/wp-json\/wp\/v2\/product_tag?post=10984"}],"curies":[{"name":"wp","href":"https:\/\/api.w.org\/{rel}","templated":true}]}}