{"id":8174,"date":"2024-03-27T09:16:23","date_gmt":"2024-03-27T08:16:23","guid":{"rendered":"https:\/\/raumluft24.de\/?post_type=product&#038;p=8174"},"modified":"2025-10-08T10:48:18","modified_gmt":"2025-10-08T08:48:18","slug":"air-conditioner-florence-inhp15-3","status":"publish","type":"product","link":"https:\/\/raumluft24.de\/en\/produkt\/luftwaermepumpe-neapel-inhp15elec-kopie\/","title":{"rendered":"Naples air source heat pump INHP15ELEC"},"content":{"rendered":"<p>Our extremely quiet and powerful inverter model with WLAN module and APP control for very large rooms. Our first monobloc wall air conditioner with R32 refrigerant.<\/p>\n<p>This air conditioner is characterized by its strong heating capacity even at very cold outside temperatures and is also suitable as the sole source of heating for rooms up to a maximum of 80 m\u00b2.<\/p>\n<p>With a very low noise level of just 29 decibels and a shallow housing depth of just 16.5 cm, the new NEAPEL INHP15ELEC 2 KW design monobloc wall-mounted air conditioner is an eye-catcher for your rooms.<\/p>\n<p>Another highlight of this newly developed air conditioner is that the outer cover flaps close automatically when the air conditioner is not in operation.<\/p>\n<p>This air conditioner combines air conditioning and heating in one unit. In addition, our air conditioners no longer require a disruptive outdoor unit on your building facade.<\/p>\n<p>You acquire here an extremely quiet and high-quality air conditioner of the latest generation in an attractive, chic, pure white design.<\/p>\n<p>Our air conditioners are designed and manufactured in Europe and are characterized by high quality, very quiet operation and low energy consumption.<\/p>\n<p>The air conditioners can be controlled via the supplied remote control. In addition, the air conditioner is equipped with a touch display, which means that the air conditioner can be used at any time even without a remote control. It is also possible to access, set or change all functions via your mobile device (tablet or smartphone).<\/p>\n<p>A dehumidification function allows the multifunctional air conditioner to be set to \"only\" dehumidification mode.<br \/>\nAn absolute highlight is that you can install the air conditioner both at foot height and at head height. Thus, air conditioning of the room is possible at virtually any mounting height.<br \/>\nThe air conditioner is characterized by a very quiet operating noise of only 29 decibels. Thus, it can be perfectly used in living rooms and bedrooms.<\/p>\n<p>This modern air conditioner ensures your independence from the outside temperatures.<\/p>\n<p>Bring a breath of fresh air into your home and save on the initial cost of an additional heating source.<\/p>\n<p>The air conditioners must not be installed in wet rooms or bathrooms.<\/p>","protected":false},"excerpt":{"rendered":"<p>Das Winter-Powermodell f\u00fcr gro\u00dfe R\u00e4ume und Gewerbeobjekte bis 80m\u00b2 &#8211; Kann einen Heizk\u00f6rper ersetzen<\/p>","protected":false},"featured_media":147,"template":"","meta":{"_acf_changed":false,"_et_pb_use_builder":"","_et_pb_old_content":"","_et_gb_content_width":""},"product_brand":[],"product_cat":[113],"product_tag":[139],"class_list":{"0":"post-8174","1":"product","2":"type-product","3":"status-publish","4":"has-post-thumbnail","6":"product_cat-haendlershop","7":"product_tag-b2c-erlaubt","9":"first","10":"instock","11":"taxable","12":"shipping-taxable","13":"product-type-simple"},"acf":[],"_links":{"self":[{"href":"https:\/\/raumluft24.de\/en\/wp-json\/wp\/v2\/product\/8174","targetHints":{"allow":["GET"]}}],"collection":[{"href":"https:\/\/raumluft24.de\/en\/wp-json\/wp\/v2\/product"}],"about":[{"href":"https:\/\/raumluft24.de\/en\/wp-json\/wp\/v2\/types\/product"}],"wp:featuredmedia":[{"embeddable":true,"href":"https:\/\/raumluft24.de\/en\/wp-json\/wp\/v2\/media\/147"}],"wp:attachment":[{"href":"https:\/\/raumluft24.de\/en\/wp-json\/wp\/v2\/media?parent=8174"}],"wp:term":[{"taxonomy":"product_brand","embeddable":true,"href":"https:\/\/raumluft24.de\/en\/wp-json\/wp\/v2\/product_brand?post=8174"},{"taxonomy":"product_cat","embeddable":true,"href":"https:\/\/raumluft24.de\/en\/wp-json\/wp\/v2\/product_cat?post=8174"},{"taxonomy":"product_tag","embeddable":true,"href":"https:\/\/raumluft24.de\/en\/wp-json\/wp\/v2\/product_tag?post=8174"}],"curies":[{"name":"wp","href":"https:\/\/api.w.org\/{rel}","templated":true}]}}