{"id":9394,"date":"2025-03-14T10:08:37","date_gmt":"2025-03-14T09:08:37","guid":{"rendered":"https:\/\/raumluft24.de\/?post_type=product&#038;p=9394"},"modified":"2026-05-04T15:26:05","modified_gmt":"2026-05-04T13:26:05","slug":"klimaanlage-verona-inhp10","status":"publish","type":"product","link":"https:\/\/raumluft24.de\/en\/produkt\/klimaanlage-verona-inhp10\/","title":{"rendered":"Klimaanlage Verona INHP10"},"content":{"rendered":"<p><code>Unser extrem leises Inverter Model mit WLAN Modul und APP Steuerung - die Weiterentwicklung der Wandklimaanlagen mit einem Geh\u00e4use aus lackiertem Edelstahl.<\/code><\/p>\n<p>Mit einem sehr niedrigen Ger\u00e4uschpegel von nur 26 Dezibel und einer geringen Geh\u00e4usetiefe von nur 16,5 cm ist das neue Design Monoblock Wand-Klimager\u00e4t Verona INHP10 ein Blickfang f\u00fcr Ihre R\u00e4ume.<\/p>\n<p>The air conditioner is suitable for room sizes up to 50 m\u00b2.<\/p>\n<p>Another highlight of this newly developed air conditioner is that the outer cover flaps close automatically when the air conditioner is not in operation.<\/p>\n<p>This air conditioner combines air conditioning and heating in one unit. In addition, our air conditioners no longer require a disruptive outdoor unit on your building facade.<\/p>\n<p>Sie erwerben hier ein extrem leises und hochwertiges Klimager\u00e4t der neusten Generation in ansprechendem, schicken, grauem RAL9007 Design.<\/p>\n<p>Our air conditioners are designed and manufactured in Europe and are characterized by high quality, very quiet operation and low energy consumption.<\/p>\n<p>The air conditioners can be controlled via the supplied remote control. In addition, the air conditioner is equipped with a touch display, which means that the air conditioner can be used at any time even without a remote control. It is also possible to access, set or change all functions via your mobile device (tablet or smartphone).<\/p>\n<p>A dehumidification function allows the multifunctional air conditioner to be set to \"only\" dehumidification mode.<\/p>\n<p>An absolute highlight is that you can install the air conditioner both at foot height and at head height. Thus, air conditioning of the room is possible at virtually any mounting height.<\/p>\n<p>The air conditioner is characterized by a very quiet operating noise of only 26 decibels. Thus, it can be perfectly used in living rooms and bedrooms.<\/p>\n<p>This modern air conditioner ensures your independence from the outside temperatures.<br \/>\nBring a breath of fresh air into your home.<\/p>\n<p>The air conditioners must not be installed in wet rooms or bathrooms.<\/p>","protected":false},"excerpt":{"rendered":"<p>The extremely quiet inverter model for almost any application - our best-selling air conditioner<\/p>","protected":false},"featured_media":10842,"template":"","meta":{"_acf_changed":false,"_et_pb_use_builder":"","_et_pb_old_content":"","_et_gb_content_width":""},"product_brand":[],"product_cat":[91,15],"product_tag":[139],"class_list":{"0":"post-9394","1":"product","2":"type-product","3":"status-publish","4":"has-post-thumbnail","6":"product_cat-horizontal","7":"product_cat-klimaanlagen","8":"product_tag-b2c-erlaubt","10":"first","11":"instock","12":"taxable","13":"shipping-taxable","14":"purchasable","15":"product-type-simple"},"acf":[],"_links":{"self":[{"href":"https:\/\/raumluft24.de\/en\/wp-json\/wp\/v2\/product\/9394","targetHints":{"allow":["GET"]}}],"collection":[{"href":"https:\/\/raumluft24.de\/en\/wp-json\/wp\/v2\/product"}],"about":[{"href":"https:\/\/raumluft24.de\/en\/wp-json\/wp\/v2\/types\/product"}],"wp:featuredmedia":[{"embeddable":true,"href":"https:\/\/raumluft24.de\/en\/wp-json\/wp\/v2\/media\/10842"}],"wp:attachment":[{"href":"https:\/\/raumluft24.de\/en\/wp-json\/wp\/v2\/media?parent=9394"}],"wp:term":[{"taxonomy":"product_brand","embeddable":true,"href":"https:\/\/raumluft24.de\/en\/wp-json\/wp\/v2\/product_brand?post=9394"},{"taxonomy":"product_cat","embeddable":true,"href":"https:\/\/raumluft24.de\/en\/wp-json\/wp\/v2\/product_cat?post=9394"},{"taxonomy":"product_tag","embeddable":true,"href":"https:\/\/raumluft24.de\/en\/wp-json\/wp\/v2\/product_tag?post=9394"}],"curies":[{"name":"wp","href":"https:\/\/api.w.org\/{rel}","templated":true}]}}