{"id":15,"date":"2021-01-18T00:47:01","date_gmt":"2021-01-17T23:47:01","guid":{"rendered":"https:\/\/staging.raumluft24.de\/widerrufsbelehrung\/"},"modified":"2026-05-08T17:29:05","modified_gmt":"2026-05-08T15:29:05","slug":"politica-de-cancelacion","status":"publish","type":"page","link":"https:\/\/raumluft24.de\/es\/widerrufsbelehrung\/","title":{"rendered":"Pol\u00c3\u00adtica de cancelaci\u00c3\u00b3n"},"content":{"rendered":"<p><span style=\"font-size:18px\"><strong>Widerrufsrecht f&uuml;r den Verkauf von Waren<\/strong><\/span><\/p>\n<p><span style=\"font-size:14px\"><strong><span style=\"font-size:18px\">Derecho de desistimiento de los consumidores&nbsp;<\/span><\/strong><\/span><span style=\"font-size:14px\"><strong><span style=\"font-size:18px\"><span style=\"font-size:14px\"><span style=\"font-size:18px\"><\/span><\/span><\/span><\/strong><\/span><br \/>\n<span style=\"font-size:14px\">(Un consumidor es toda persona f\u00c3\u00adsica que realiza un negocio jur\u00c3\u00addico con fines predominantemente no comerciales ni aut\u00c3\u00b3nomos).<\/span><\/p>\n<p><span style=\"font-size:16px\"><strong>Pol\u00c3\u00adtica de cancelaci\u00c3\u00b3n<\/strong><\/span><\/p>\n<p><span style=\"font-size:14px\"><strong>Derecho de desistimiento<\/strong><br \/>\nTiene derecho a rescindir este contrato en un plazo de 14 d\u00c3\u00adas sin dar ninguna raz\u00c3\u00b3n.<br \/>\nEl plazo de desistimiento es de 14 d\u00c3\u00adas a partir de la fecha, <\/span><\/p>\n<p><span style=\"font-size:14px\">- en la que usted o un tercero nombrado por usted, que no sea el transportista, haya tomado o tome posesi\u00c3\u00b3n de las mercanc\u00c3\u00adas, si usted ha pedido una o varias mercanc\u00c3\u00adas como parte de un pedido uniforme y \u00c3\u00a9stas son o ser\u00c3\u00a1n entregadas uniformemente<\/span>;<\/p>\n<p><span style=\"font-size:14px\">- en la que usted o un tercero nombrado por usted, que no sea el transportista, haya tomado posesi\u00c3\u00b3n de la \u00c3\u00baltima mercanc\u00c3\u00ada o haya tomado posesi\u00c3\u00b3n de la \u00c3\u00baltima mercanc\u00c3\u00ada, si ha pedido varias mercanc\u00c3\u00adas como parte de un pedido uniforme y \u00c3\u00a9stas se entregan por separado<\/span>;<\/p>\n<p><span style=\"font-size:14px\">Para ejercer su derecho de desistimiento, debe enviarnos <strong>(Raumluft24 Klimatechnik GmbH, Nenndorfer Str. 58, 30890 Barsinghausen, tel\u00e9fono: +49 5105 84746, direcci\u00f3n de correo electr\u00f3nico: shop@raumluft24.de)<\/strong> mediante una declaraci\u00c3\u00b3n clara (por ejemplo, una carta enviada por correo postal o un correo electr\u00c3\u00b3nico) de su decisi\u00c3\u00b3n de revocar este contrato. Para ello, puede utilizar el modelo de formulario de desistimiento adjunto, que, sin embargo, no es obligatorio.<\/span><\/p>\n<p><span style=\"font-size:14px\">Para cumplir con el plazo de cancelaci\u00c3\u00b3n, basta con que env\u00c3\u00ade la notificaci\u00c3\u00b3n del ejercicio del derecho de cancelaci\u00c3\u00b3n antes de que finalice el plazo de cancelaci\u00c3\u00b3n.<\/span><\/p>\n<p><span style=\"font-size:14px\"><strong>Consecuencias de la revocaci\u00c3\u00b3n<\/strong><\/p>\n<p>Si usted revoca este contrato, debemos devolverle todos los pagos que hayamos recibido de usted, incluidos los gastos de env\u00c3\u00ado (con la excepci\u00c3\u00b3n de los gastos adicionales resultantes del hecho de que usted haya elegido un tipo de env\u00c3\u00ado distinto al env\u00c3\u00ado est\u00c3\u00a1ndar m\u00c3\u00a1s barato ofrecido por nosotros), sin demora y a m\u00c3\u00a1s tardar en el plazo de 14<span style=\"font-size:14px\">&nbsp;D\u00c3\u00adas<\/span> a partir del d\u00c3\u00ada en que recibamos la notificaci\u00c3\u00b3n de su cancelaci\u00c3\u00b3n de este contrato. Para este reembolso, utilizaremos el mismo medio de pago que usted utiliz\u00c3\u00b3 para la transacci\u00c3\u00b3n original, a menos que se acuerde expresamente lo contrario con usted; en ning\u00c3\u00ban caso se le cobrar\u00c3\u00a1 por este reembolso.<\/span><\/p>\n<p><span style=\"font-size:14px\">Podremos denegar el reembolso hasta que hayamos recibido la mercanc\u00c3\u00ada o hasta que usted haya presentado una prueba de que ha devuelto la mercanc\u00c3\u00ada, lo que ocurra primero.<\/span><\/p>\n<p><span style=\"font-size:14px\">Debe devolver la mercanc\u00c3\u00ada inmediatamente y, en cualquier caso, a m\u00c3\u00a1s tardar en un plazo de 14 d\u00c3\u00adas.<span style=\"font-size:14px\"><span style=\"font-size:14px\"><span style=\"font-size:14px\">&nbsp;D\u00c3\u00adas<\/span><\/span> <\/span>a partir del d\u00c3\u00ada en que nos notifique la revocaci\u00c3\u00b3n de este contrato.&nbsp;<\/span><span style=\"font-size:14px\">para devolver o entregar la mercanc\u00c3\u00ada. El plazo se cumple si devuelve la mercanc\u00c3\u00ada antes de la fecha l\u00c3\u00admite de <span style=\"font-size:14px\">14 d\u00c3\u00adas<\/span> Env\u00c3\u00ade<\/span><\/p>\n<p><span style=\"font-size:14px\">Usted correr\u00e1 con los gastos directos de devoluci\u00f3n de las mercanc\u00edas que puedan enviarse por paquete postal. Usted correr\u00e1 con los gastos directos de devoluci\u00f3n de las mercanc\u00edas que no puedan enviarse por paquete postal por un importe de 15 - 95 euros.<\/span><\/p>\n<p><span style=\"font-size:14px\">S\u00c3\u00b3lo tiene que pagar la p\u00c3\u00a9rdida de valor de la mercanc\u00c3\u00ada si \u00c3\u00a9sta se debe a una manipulaci\u00c3\u00b3n de la misma que no sea necesaria para comprobar su calidad, caracter\u00c3\u00adsticas y funcionamiento.<\/span><\/p>\n<p><span style=\"font-size:14px\"><strong>Motivos de exclusi\u00c3\u00b3n o caducidad<\/strong><\/p>\n<p>El derecho de desistimiento no se aplica a los contratos<\/span><\/p>\n<p><span style=\"font-size:14px\">- para la entrega de bienes que no sean prefabricados y para cuya producci\u00c3\u00b3n sea decisiva una selecci\u00c3\u00b3n o determinaci\u00c3\u00b3n individual por parte del consumidor o que est\u00c3\u00a9n claramente adaptados a las necesidades personales de \u00c3\u00a9ste;<\/span><br \/>\n<span style=\"font-size:14px\">- para la entrega de mercanc\u00c3\u00adas que pueden estropearse r\u00c3\u00a1pidamente o cuya fecha de caducidad se superar\u00c3\u00ada r\u00c3\u00a1pidamente;<\/span><br \/>\n<span style=\"font-size:14px\">- para la entrega de bebidas alcoh\u00c3\u00b3licas, cuyo precio fue acordado en el momento de la celebraci\u00c3\u00b3n del contrato, pero que pueden ser entregadas como muy pronto 30 d\u00c3\u00adas despu\u00c3\u00a9s de la celebraci\u00c3\u00b3n del contrato y cuyo valor actual depende de las fluctuaciones del mercado sobre las que el empresario no tiene influencia;<\/span><br \/>\n<span style=\"font-size:14px\">- para la entrega de diarios, peri\u00c3\u00b3dicos o revistas con la excepci\u00c3\u00b3n de los contratos de suscripci\u00c3\u00b3n.<\/span><\/p>\n<p><span style=\"font-size:14px\">El derecho de desistimiento expira prematuramente en el caso de los contratos<\/span><\/p>\n<p><span style=\"font-size:14px\"><span style=\"font-size:14px\">- para la entrega de mercanc\u00c3\u00adas precintadas que no son aptas para ser devueltas por razones de protecci\u00c3\u00b3n de la salud o de higiene si su precinto ha sido retirado despu\u00c3\u00a9s de la entrega;<\/span><\/span><br \/>\n<span style=\"font-size:14px\"><span style=\"font-size:14px\">- para la entrega de mercanc\u00c3\u00adas si \u00c3\u00a9stas se han mezclado inseparablemente con otras mercanc\u00c3\u00adas despu\u00c3\u00a9s de la entrega debido a su naturaleza;<\/span><\/span><br \/>\n<span style=\"font-size:14px\"><span style=\"font-size:14px\">- para la entrega de grabaciones de sonido o v\u00c3\u00addeo o de programas inform\u00c3\u00a1ticos en un paquete sellado si el sello se ha retirado despu\u00c3\u00a9s de la entrega.<\/span><\/span><\/p>\n<hr \/>\n<p>\n<span style=\"font-size:14px\"><strong>Ejemplo de formulario de cancelaci\u00c3\u00b3n<\/strong><\/p>\n<p>(Si desea cancelar el contrato, rellene y devuelva este formulario).<\/p>\n<p>- Un <span style=\"font-size:14px\"><span style=\"font-size:14px\">Raumluft24 Klimatechnik GmbH, Nenndorfer Str. 58, 30890 Barsinghausen<span style=\"font-size:14px\"><span style=\"font-size:14px\">,<\/span><\/span><span style=\"font-size:14px\"><span style=\"font-size:14px\"><span style=\"font-size:14px\"><span style=\"font-size:14px\"> <span style=\"font-size:14px\">Direcci\u00c3\u00b3n de correo electr\u00c3\u00b3nico:&nbsp;<\/span><\/span><\/span><span style=\"font-size:14px\"><span style=\"font-size:14px\"><span style=\"font-size:14px\"><span style=\"font-size:14px\">shop@raumluft24.de<\/span><\/span><\/span><\/span> :<\/span><\/span><\/span><\/span><\/p>\n<p>- Yo\/nosotros (*) revocamos el contrato celebrado por m\u00c3\u00ad\/nosotros (*) para la compra de los siguientes bienes (*)\/<br \/>\n&nbsp; la prestaci\u00c3\u00b3n del siguiente servicio (*)<\/p>\n<p>- Pedido el (*)\/ recibido el (*)<\/p>\n<p>- Nombre del consumidor(es)<br \/>\n- Direcci\u00c3\u00b3n del consumidor o consumidores<br \/>\n- Firma del consumidor o consumidores (s\u00c3\u00b3lo en el caso de la notificaci\u00c3\u00b3n en papel)<br \/>\n- Fecha<\/p>\n<p>(*) T\u00c3\u00a1chese lo que proceda.<\/span><\/p>","protected":false},"excerpt":{"rendered":"<p>Widerrufsrecht f&uuml;r den Verkauf von Waren Widerrufsrecht f&uuml;r Verbraucher&nbsp; (Verbraucher ist jede nat&uuml;rliche Person, die ein Rechtsgesch&auml;ft zu Zwecken abschlie&szlig;t, die &uuml;berwiegend weder ihrer gewerblichen noch ihrer selbstst&auml;ndigen beruflichen T&auml;tigkeit zugerechnet werden k&ouml;nnen.) Widerrufsbelehrung Widerrufsrecht Sie haben das Recht, binnen 14 Tagen ohne Angabe von Gr&uuml;nden diesen Vertrag zu widerrufen. Die Widerrufsfrist betr&auml;gt 14 Tage [&hellip;]<\/p>\n","protected":false},"author":1,"featured_media":0,"parent":0,"menu_order":0,"comment_status":"closed","ping_status":"closed","template":"","meta":{"_acf_changed":false,"_et_pb_use_builder":"off","_et_pb_old_content":"","_et_gb_content_width":"","footnotes":""},"class_list":["post-15","page","type-page","status-publish","hentry"],"acf":[],"_links":{"self":[{"href":"https:\/\/raumluft24.de\/es\/wp-json\/wp\/v2\/pages\/15","targetHints":{"allow":["GET"]}}],"collection":[{"href":"https:\/\/raumluft24.de\/es\/wp-json\/wp\/v2\/pages"}],"about":[{"href":"https:\/\/raumluft24.de\/es\/wp-json\/wp\/v2\/types\/page"}],"author":[{"embeddable":true,"href":"https:\/\/raumluft24.de\/es\/wp-json\/wp\/v2\/users\/1"}],"replies":[{"embeddable":true,"href":"https:\/\/raumluft24.de\/es\/wp-json\/wp\/v2\/comments?post=15"}],"version-history":[{"count":10,"href":"https:\/\/raumluft24.de\/es\/wp-json\/wp\/v2\/pages\/15\/revisions"}],"predecessor-version":[{"id":10805,"href":"https:\/\/raumluft24.de\/es\/wp-json\/wp\/v2\/pages\/15\/revisions\/10805"}],"wp:attachment":[{"href":"https:\/\/raumluft24.de\/es\/wp-json\/wp\/v2\/media?parent=15"}],"curies":[{"name":"wp","href":"https:\/\/api.w.org\/{rel}","templated":true}]}}