{"id":10438,"date":"2025-10-08T11:29:44","date_gmt":"2025-10-08T09:29:44","guid":{"rendered":"https:\/\/raumluft24.de\/?post_type=product&#038;p=10438"},"modified":"2026-02-05T13:03:49","modified_gmt":"2026-02-05T12:03:49","slug":"klimaanlage-rimini-inhp09","status":"publish","type":"product","link":"https:\/\/raumluft24.de\/es\/produkt\/klimaanlage-rimini-inhp09\/","title":{"rendered":"Klimaanlage Rimini INHP09"},"content":{"rendered":"<p>Nuestro modelo inverter ahorrador de espacio (con tecnolog\u00eda inverter y una estrecha anchura de tan s\u00f3lo 81 cm y control WiFi): el perfeccionamiento de la serie de climatizadores de pared con carcasa de acero inoxidable pintado.<\/p>\n<p>Mit einem sehr niedrigen Ger\u00e4uschpegel von nur 27 Dezibel und einer geringen Geh\u00e4usetiefe von nur 16,5 cm ist das neue Design Monoblock Wand-Klimager\u00e4t Rimini INHP09 ein Blickfang f\u00fcr Ihre R\u00e4ume mit komfortabler Wlan Steuerung. Unsere erste Monoblockwandklimaanlage ohne Au\u00dfenger\u00e4t mit K\u00e4ltemittel R290!<\/p>\n<div id=\"attachment_1545\" style=\"width: 420px\" class=\"wp-caption alignright\"><img decoding=\"async\" aria-describedby=\"caption-attachment-1545\" class=\"wp-image-1545\" src=\"https:\/\/raumluft24.de\/wp-content\/uploads\/2021\/03\/6018-capri-mini-1024x1024.jpg\" alt=\"\" width=\"410\" height=\"410\" \/><p id=\"caption-attachment-1545\" class=\"wp-caption-text\">Con s\u00c3\u00b3lo 81 cm de ancho, ahorra mucho espacio y, sin embargo, es muy potente.<\/p><\/div>\n<p>El acondicionador de aire es adecuado para habitaciones de hasta 30 m\u00b2.<\/p>\n<p>Otro aspecto destacado de este nuevo acondicionador de aire es que las aletas de la cubierta exterior se cierran autom\u00c3\u00a1ticamente cuando el acondicionador de aire no est\u00c3\u00a1 en funcionamiento.<\/p>\n<p>Este acondicionador de aire combina el aire acondicionado y la calefacci\u00c3\u00b3n en una sola unidad. Adem\u00c3\u00a1s, nuestros acondicionadores de aire ya no requieren una molesta unidad exterior en la fachada de tu edificio.<\/p>\n<p>Sie erwerben hier ein extrem leises und hochwertiges Klimager\u00e4t der neusten Generation in ansprechendem, schicken grauem RAL9007 Design.<\/p>\n<p>Nuestros acondicionadores de aire se desarrollan y producen en Europa y se caracterizan por su alta calidad, su funcionamiento muy silencioso y su bajo consumo energ\u00c3\u00a9tico.<\/p>\n<p>Los acondicionadores de aire se pueden controlar mediante el mando a distancia suministrado. Adem\u00c3\u00a1s, el acondicionador de aire est\u00c3\u00a1 equipado con una pantalla t\u00c3\u00a1ctil, lo que significa que el acondicionador de aire se puede utilizar sin un mando a distancia en cualquier momento.<\/p>\n<p>Una funci\u00c3\u00b3n de deshumidificaci\u00c3\u00b3n permite ajustar el acondicionador de aire multifuncional en modo \"s\u00c3\u00b3lo\" de deshumidificaci\u00c3\u00b3n.<\/p>\n<p>Lo m\u00c3\u00a1s destacado es que puedes instalar el acondicionador de aire tanto a la altura de los pies como de la cabeza. Esto permite climatizar la sala pr\u00c3\u00a1cticamente a cualquier altura de instalaci\u00c3\u00b3n.<\/p>\n<p>El aire acondicionado se caracteriza por un ruido de funcionamiento muy silencioso, de s\u00c3\u00b3lo 27 decibelios. Esto hace que sea perfecto para su uso en salones y dormitorios.<\/p>\n<p>Este moderno acondicionador de aire garantiza tu independencia de las temperaturas exteriores.<\/p>\n<p>Lleva un soplo de aire fresco a tu casa.<\/p>","protected":false},"excerpt":{"rendered":"<p>El modelo de inversor que ahorra espacio<\/p>","protected":false},"featured_media":10357,"template":"","meta":{"_acf_changed":false,"_et_pb_use_builder":"","_et_pb_old_content":"","_et_gb_content_width":""},"product_brand":[],"product_cat":[113],"product_tag":[],"class_list":{"0":"post-10438","1":"product","2":"type-product","3":"status-publish","4":"has-post-thumbnail","6":"product_cat-haendlershop","8":"first","9":"instock","10":"taxable","11":"shipping-taxable","12":"product-type-simple"},"acf":[],"_links":{"self":[{"href":"https:\/\/raumluft24.de\/es\/wp-json\/wp\/v2\/product\/10438","targetHints":{"allow":["GET"]}}],"collection":[{"href":"https:\/\/raumluft24.de\/es\/wp-json\/wp\/v2\/product"}],"about":[{"href":"https:\/\/raumluft24.de\/es\/wp-json\/wp\/v2\/types\/product"}],"wp:featuredmedia":[{"embeddable":true,"href":"https:\/\/raumluft24.de\/es\/wp-json\/wp\/v2\/media\/10357"}],"wp:attachment":[{"href":"https:\/\/raumluft24.de\/es\/wp-json\/wp\/v2\/media?parent=10438"}],"wp:term":[{"taxonomy":"product_brand","embeddable":true,"href":"https:\/\/raumluft24.de\/es\/wp-json\/wp\/v2\/product_brand?post=10438"},{"taxonomy":"product_cat","embeddable":true,"href":"https:\/\/raumluft24.de\/es\/wp-json\/wp\/v2\/product_cat?post=10438"},{"taxonomy":"product_tag","embeddable":true,"href":"https:\/\/raumluft24.de\/es\/wp-json\/wp\/v2\/product_tag?post=10438"}],"curies":[{"name":"wp","href":"https:\/\/api.w.org\/{rel}","templated":true}]}}