{"id":1403,"date":"2021-02-27T15:50:25","date_gmt":"2021-02-27T14:50:25","guid":{"rendered":"https:\/\/raumluft24.de\/?post_type=product&#038;p=1403"},"modified":"2026-01-14T18:52:47","modified_gmt":"2026-01-14T17:52:47","slug":"aire-acondicionado-linera-vertical-inhp10_comercial","status":"publish","type":"product","link":"https:\/\/raumluft24.de\/es\/produkt\/klimaanlage-linate-vertical-inhp10_gewerbe\/","title":{"rendered":"Klimaanlage Linate Vertikal INHP10"},"content":{"rendered":"<p>Nuestro silencioso y s\u00c3\u00b3lido modelo comercial con m\u00c3\u00b3dulo WLAN y control APP - la evoluci\u00c3\u00b3n de los acondicionadores de aire de pared con carcasa de acero inoxidable pintado.<\/p>\n<p>Con un nivel sonoro muy bajo, de s\u00f3lo 26 decibelios, y una carcasa de escasa profundidad, de s\u00f3lo 16,5 cm, el nuevo climatizador monobloque de pared de dise\u00f1o vertical INHP10 de Linate es un elemento llamativo para sus estancias.<\/p>\n<p>El acondicionador de aire es adecuado para habitaciones de hasta 50 m\u00b2.<\/p>\n<p>Otro aspecto destacado de este nuevo acondicionador de aire es que las aletas de la cubierta exterior se cierran autom\u00c3\u00a1ticamente cuando el acondicionador de aire no est\u00c3\u00a1 en funcionamiento.<\/p>\n<p>Este acondicionador de aire combina el aire acondicionado y la calefacci\u00c3\u00b3n en una sola unidad. Adem\u00c3\u00a1s, nuestros acondicionadores de aire ya no requieren una molesta unidad exterior en la fachada de tu edificio.<\/p>\n<p>Est\u00c3\u00a1s comprando un acondicionador de aire de \u00c3\u00baltima generaci\u00c3\u00b3n, extremadamente silencioso y de gran calidad, con un dise\u00c3\u00b1o atractivo, elegante y de color blanco puro.<\/p>\n<p>Nuestros acondicionadores de aire se desarrollan y producen en Europa y se caracterizan por su alta calidad, su funcionamiento muy silencioso y su bajo consumo energ\u00c3\u00a9tico.<\/p>\n<p>Los acondicionadores de aire se pueden controlar mediante el mando a distancia suministrado. Adem\u00c3\u00a1s, el acondicionador de aire est\u00c3\u00a1 equipado con una pantalla t\u00c3\u00a1ctil, lo que significa que el acondicionador de aire se puede utilizar sin un mando a distancia en cualquier momento. Tambi\u00c3\u00a9n es posible acceder, ajustar o cambiar todas las funciones a trav\u00c3\u00a9s de tu dispositivo m\u00c3\u00b3vil (tablet o smartphone).<\/p>\n<p>Una funci\u00c3\u00b3n de deshumidificaci\u00c3\u00b3n permite ajustar el acondicionador de aire multifuncional en modo \"s\u00c3\u00b3lo\" de deshumidificaci\u00c3\u00b3n.<\/p>\n<p>El acondicionador de aire se caracteriza por un ruido de funcionamiento muy silencioso de s\u00c3\u00b3lo 26 decibelios. Esto lo hace perfecto para su uso en salones y dormitorios.<\/p>\n<p>Este moderno acondicionador de aire garantiza tu independencia de las temperaturas exteriores.<\/p>\n<p><strong>Hay que tener en cuenta lo siguiente:<\/strong><br \/>\nEste acondicionador de aire s\u00c3\u00b3lo puede instalarse a la altura de los pies. No es posible instalar este acondicionador de aire cerca del techo.<\/p>\n<p>Se trata de un modelo comercial que no puede ofrecerse a los consumidores privados. Los consumidores particulares que est\u00c3\u00a9n interesados en este acondicionador de aire deben ponerse en contacto con nosotros por tel\u00c3\u00a9fono. Es posible encargar este modelo, incluida la instalaci\u00c3\u00b3n profesional, a trav\u00c3\u00a9s de un negocio artesanal de su zona.<\/p>","protected":false},"excerpt":{"rendered":"<p>El s\u00c3\u00b3lido modelo comercial<\/p>","protected":false},"featured_media":271,"template":"","meta":{"_acf_changed":false,"_et_pb_use_builder":"","_et_pb_old_content":"","_et_gb_content_width":""},"product_brand":[],"product_cat":[113],"product_tag":[],"class_list":{"0":"post-1403","1":"product","2":"type-product","3":"status-publish","4":"has-post-thumbnail","6":"product_cat-haendlershop","8":"first","9":"instock","10":"taxable","11":"shipping-taxable","12":"product-type-simple"},"acf":[],"_links":{"self":[{"href":"https:\/\/raumluft24.de\/es\/wp-json\/wp\/v2\/product\/1403","targetHints":{"allow":["GET"]}}],"collection":[{"href":"https:\/\/raumluft24.de\/es\/wp-json\/wp\/v2\/product"}],"about":[{"href":"https:\/\/raumluft24.de\/es\/wp-json\/wp\/v2\/types\/product"}],"wp:featuredmedia":[{"embeddable":true,"href":"https:\/\/raumluft24.de\/es\/wp-json\/wp\/v2\/media\/271"}],"wp:attachment":[{"href":"https:\/\/raumluft24.de\/es\/wp-json\/wp\/v2\/media?parent=1403"}],"wp:term":[{"taxonomy":"product_brand","embeddable":true,"href":"https:\/\/raumluft24.de\/es\/wp-json\/wp\/v2\/product_brand?post=1403"},{"taxonomy":"product_cat","embeddable":true,"href":"https:\/\/raumluft24.de\/es\/wp-json\/wp\/v2\/product_cat?post=1403"},{"taxonomy":"product_tag","embeddable":true,"href":"https:\/\/raumluft24.de\/es\/wp-json\/wp\/v2\/product_tag?post=1403"}],"curies":[{"name":"wp","href":"https:\/\/api.w.org\/{rel}","templated":true}]}}