{"id":273,"date":"2021-01-21T01:35:38","date_gmt":"2021-01-21T00:35:38","guid":{"rendered":"https:\/\/raumluft24.de\/?post_type=product&#038;p=273"},"modified":"2026-01-14T18:49:32","modified_gmt":"2026-01-14T17:49:32","slug":"aire-acondicionado-bergamo-vertical-inhp12","status":"publish","type":"product","link":"https:\/\/raumluft24.de\/es\/produkt\/klimaanlage-bergamo-vertical-inhp12\/","title":{"rendered":"Klimaanlage Bergamo Vertikal INHP12"},"content":{"rendered":"<p>Nuestro potente modelo premium con m\u00c3\u00b3dulo WLAN y control APP: la evoluci\u00c3\u00b3n de los climatizadores de pared con carcasa de acero inoxidable pintado.<\/p>\n<p>Con un nivel sonoro muy bajo, de s\u00f3lo 29 decibelios, y una carcasa de escasa profundidad, de s\u00f3lo 18,5 cm, el nuevo climatizador monobloque de pared de dise\u00f1o vertical INHP12 de B\u00e9rgamo ser\u00e1 el centro de atenci\u00f3n de sus estancias.<\/p>\n<p>El acondicionador de aire es adecuado para habitaciones de hasta 60 m\u00b2.<\/p>\n<p>Otro aspecto destacado de este nuevo acondicionador de aire es que las aletas de la cubierta exterior se cierran autom\u00c3\u00a1ticamente cuando el acondicionador de aire no est\u00c3\u00a1 en funcionamiento.<\/p>\n<p>Este acondicionador de aire combina el aire acondicionado y la calefacci\u00c3\u00b3n en una sola unidad. Adem\u00c3\u00a1s, nuestros acondicionadores de aire ya no requieren una molesta unidad exterior en la fachada de tu edificio.<\/p>\n<p>Est\u00c3\u00a1s comprando un acondicionador de aire de \u00c3\u00baltima generaci\u00c3\u00b3n, extremadamente silencioso y de gran calidad, con un dise\u00c3\u00b1o atractivo, elegante y de color blanco puro.<\/p>\n<p>Nuestros acondicionadores de aire se desarrollan y producen en Europa y se caracterizan por su alta calidad, su funcionamiento muy silencioso y su bajo consumo energ\u00c3\u00a9tico.<\/p>\n<p>Los acondicionadores de aire se pueden controlar mediante el mando a distancia suministrado. Adem\u00c3\u00a1s, el acondicionador de aire est\u00c3\u00a1 equipado con una pantalla t\u00c3\u00a1ctil, lo que significa que el acondicionador de aire se puede utilizar sin un mando a distancia en cualquier momento. Tambi\u00c3\u00a9n es posible acceder, ajustar o cambiar todas las funciones a trav\u00c3\u00a9s de tu dispositivo m\u00c3\u00b3vil (tablet o smartphone).<\/p>\n<p>Una funci\u00c3\u00b3n de deshumidificaci\u00c3\u00b3n permite ajustar el acondicionador de aire multifuncional en modo \"s\u00c3\u00b3lo\" de deshumidificaci\u00c3\u00b3n.<\/p>\n<p>El aire acondicionado se caracteriza por un ruido de funcionamiento muy silencioso, de s\u00c3\u00b3lo 29 decibelios. Esto hace que sea perfecto para su uso en salones y dormitorios.<\/p>\n<p>Este moderno acondicionador de aire garantiza tu independencia de las temperaturas exteriores.<\/p>\n<p><strong>Hay que tener en cuenta lo siguiente:<\/strong><br \/>\nEste acondicionador de aire s\u00c3\u00b3lo puede instalarse a la altura de los pies. No es posible instalar este acondicionador de aire cerca del techo. Se trata de un modelo comercial que no puede ofrecerse a los consumidores privados. Los consumidores particulares que est\u00c3\u00a9n interesados en este acondicionador de aire deben ponerse en contacto con nosotros por tel\u00c3\u00a9fono. Es posible encargar este modelo, incluida la instalaci\u00c3\u00b3n profesional, a trav\u00c3\u00a9s de un negocio artesanal de su zona.<\/p>\n<p>Los acondicionadores de aire no deben instalarse en habitaciones o ba\u00c3\u00b1os h\u00c3\u00bamedos.<\/p>","protected":false},"excerpt":{"rendered":"<p>El modelo comercial premium<\/p>","protected":false},"featured_media":271,"template":"","meta":{"_acf_changed":false,"_et_pb_use_builder":"","_et_pb_old_content":"","_et_gb_content_width":""},"product_brand":[],"product_cat":[15,90],"product_tag":[],"class_list":{"0":"post-273","1":"product","2":"type-product","3":"status-publish","4":"has-post-thumbnail","6":"product_cat-klimaanlagen","7":"product_cat-vertikal","9":"first","10":"instock","11":"taxable","12":"shipping-taxable","13":"purchasable","14":"product-type-simple"},"acf":[],"_links":{"self":[{"href":"https:\/\/raumluft24.de\/es\/wp-json\/wp\/v2\/product\/273","targetHints":{"allow":["GET"]}}],"collection":[{"href":"https:\/\/raumluft24.de\/es\/wp-json\/wp\/v2\/product"}],"about":[{"href":"https:\/\/raumluft24.de\/es\/wp-json\/wp\/v2\/types\/product"}],"wp:featuredmedia":[{"embeddable":true,"href":"https:\/\/raumluft24.de\/es\/wp-json\/wp\/v2\/media\/271"}],"wp:attachment":[{"href":"https:\/\/raumluft24.de\/es\/wp-json\/wp\/v2\/media?parent=273"}],"wp:term":[{"taxonomy":"product_brand","embeddable":true,"href":"https:\/\/raumluft24.de\/es\/wp-json\/wp\/v2\/product_brand?post=273"},{"taxonomy":"product_cat","embeddable":true,"href":"https:\/\/raumluft24.de\/es\/wp-json\/wp\/v2\/product_cat?post=273"},{"taxonomy":"product_tag","embeddable":true,"href":"https:\/\/raumluft24.de\/es\/wp-json\/wp\/v2\/product_tag?post=273"}],"curies":[{"name":"wp","href":"https:\/\/api.w.org\/{rel}","templated":true}]}}