{"id":7773,"date":"2023-11-09T12:12:11","date_gmt":"2023-11-09T11:12:11","guid":{"rendered":"https:\/\/raumluft24.de\/?post_type=product&#038;p=7773"},"modified":"2026-01-14T19:00:16","modified_gmt":"2026-01-14T18:00:16","slug":"aire-acondicionado-florence-inhp15-2","status":"publish","type":"product","link":"https:\/\/raumluft24.de\/es\/produkt\/klimaanlage-neapel-inhp15\/","title":{"rendered":"Bomba de calor geot\u00e9rmica de N\u00e1poles INHP15ELEC"},"content":{"rendered":"<p>Nuestro modelo inverter extremadamente silencioso y potente con m\u00f3dulo WLAN y control APP para habitaciones muy grandes. Nuestro climatizador monobloque de pared con refrigerante R32.<\/p>\n<p>Este climatizador se caracteriza por su potente potencia calor\u00edfica incluso a temperaturas exteriores muy fr\u00edas y tambi\u00e9n es adecuado como \u00fanica fuente de calefacci\u00f3n para habitaciones de hasta un m\u00e1ximo de 80 m\u00b2.<\/p>\n<p>Con un nivel sonoro muy bajo, de s\u00f3lo 29 decibelios, y una carcasa de poca profundidad, de s\u00f3lo 16,5 cm, el nuevo climatizador monobloque de pared de dise\u00f1o NEAPEL INHP15ELEC de 2 KW ser\u00e1 el centro de atenci\u00f3n de sus estancias.<\/p>\n<p>Otro aspecto destacado de este nuevo acondicionador de aire es que las aletas de la cubierta exterior se cierran autom\u00c3\u00a1ticamente cuando el acondicionador de aire no est\u00c3\u00a1 en funcionamiento.<\/p>\n<p>Este acondicionador de aire combina el aire acondicionado y la calefacci\u00c3\u00b3n en una sola unidad. Adem\u00c3\u00a1s, nuestros acondicionadores de aire ya no requieren una molesta unidad exterior en la fachada de tu edificio.<\/p>\n<p>Est\u00c3\u00a1s comprando un acondicionador de aire de \u00c3\u00baltima generaci\u00c3\u00b3n, extremadamente silencioso y de gran calidad, con un dise\u00c3\u00b1o atractivo, elegante y de color blanco puro.<\/p>\n<p>Nuestros acondicionadores de aire se desarrollan y producen en Europa y se caracterizan por su alta calidad, su funcionamiento muy silencioso y su bajo consumo energ\u00c3\u00a9tico.<\/p>\n<p>Los acondicionadores de aire se pueden controlar mediante el mando a distancia suministrado. Adem\u00c3\u00a1s, el acondicionador de aire est\u00c3\u00a1 equipado con una pantalla t\u00c3\u00a1ctil, lo que significa que el acondicionador de aire se puede utilizar sin un mando a distancia en cualquier momento. Tambi\u00c3\u00a9n es posible acceder, ajustar o cambiar todas las funciones a trav\u00c3\u00a9s de tu dispositivo m\u00c3\u00b3vil (tablet o smartphone).<\/p>\n<p>Una funci\u00c3\u00b3n de deshumidificaci\u00c3\u00b3n permite ajustar el acondicionador de aire multifuncional en modo \"s\u00c3\u00b3lo\" de deshumidificaci\u00c3\u00b3n.<br \/>\nLo m\u00c3\u00a1s destacado es que puedes instalar el acondicionador de aire tanto a la altura de los pies como de la cabeza. Esto permite climatizar la sala pr\u00c3\u00a1cticamente a cualquier altura de instalaci\u00c3\u00b3n.<br \/>\nEl aire acondicionado se caracteriza por un ruido de funcionamiento muy silencioso, de s\u00c3\u00b3lo 29 decibelios. Esto hace que sea perfecto para su uso en salones y dormitorios.<\/p>\n<p>Este moderno acondicionador de aire garantiza tu independencia de las temperaturas exteriores.<\/p>\n<p>Lleva un soplo de aire fresco a tu casa y ah\u00c3\u00b3rrate los costes iniciales de una fuente de calefacci\u00c3\u00b3n adicional.<\/p>\n<p>Los acondicionadores de aire no deben instalarse en habitaciones o ba\u00c3\u00b1os h\u00c3\u00bamedos.<\/p>","protected":false},"excerpt":{"rendered":"<p>El potente sistema de aire acondicionado para habitaciones grandes y locales comerciales de hasta 80 m\u00b2 - Puede sustituir a un radiador<\/p>","protected":false},"featured_media":147,"template":"","meta":{"_acf_changed":false,"_et_pb_use_builder":"","_et_pb_old_content":"","_et_gb_content_width":""},"product_brand":[],"product_cat":[91,15],"product_tag":[139],"class_list":{"0":"post-7773","1":"product","2":"type-product","3":"status-publish","4":"has-post-thumbnail","6":"product_cat-horizontal","7":"product_cat-klimaanlagen","8":"product_tag-b2c-erlaubt","10":"first","11":"instock","12":"taxable","13":"shipping-taxable","14":"purchasable","15":"product-type-simple"},"acf":[],"_links":{"self":[{"href":"https:\/\/raumluft24.de\/es\/wp-json\/wp\/v2\/product\/7773","targetHints":{"allow":["GET"]}}],"collection":[{"href":"https:\/\/raumluft24.de\/es\/wp-json\/wp\/v2\/product"}],"about":[{"href":"https:\/\/raumluft24.de\/es\/wp-json\/wp\/v2\/types\/product"}],"wp:featuredmedia":[{"embeddable":true,"href":"https:\/\/raumluft24.de\/es\/wp-json\/wp\/v2\/media\/147"}],"wp:attachment":[{"href":"https:\/\/raumluft24.de\/es\/wp-json\/wp\/v2\/media?parent=7773"}],"wp:term":[{"taxonomy":"product_brand","embeddable":true,"href":"https:\/\/raumluft24.de\/es\/wp-json\/wp\/v2\/product_brand?post=7773"},{"taxonomy":"product_cat","embeddable":true,"href":"https:\/\/raumluft24.de\/es\/wp-json\/wp\/v2\/product_cat?post=7773"},{"taxonomy":"product_tag","embeddable":true,"href":"https:\/\/raumluft24.de\/es\/wp-json\/wp\/v2\/product_tag?post=7773"}],"curies":[{"name":"wp","href":"https:\/\/api.w.org\/{rel}","templated":true}]}}