{"id":9394,"date":"2025-03-14T10:08:37","date_gmt":"2025-03-14T09:08:37","guid":{"rendered":"https:\/\/raumluft24.de\/?post_type=product&#038;p=9394"},"modified":"2026-05-04T15:25:04","modified_gmt":"2026-05-04T13:25:04","slug":"klimaanlage-verona-inhp10","status":"publish","type":"product","link":"https:\/\/raumluft24.de\/es\/produkt\/klimaanlage-verona-inhp10\/","title":{"rendered":"Klimaanlage Verona INHP10"},"content":{"rendered":"<p><code>Unser extrem leises Inverter Model mit WLAN Modul und APP Steuerung - die Weiterentwicklung der Wandklimaanlagen mit einem Geh\u00e4use aus lackiertem Edelstahl.<\/code><\/p>\n<p>Mit einem sehr niedrigen Ger\u00e4uschpegel von nur 26 Dezibel und einer geringen Geh\u00e4usetiefe von nur 16,5 cm ist das neue Design Monoblock Wand-Klimager\u00e4t Verona INHP10 ein Blickfang f\u00fcr Ihre R\u00e4ume.<\/p>\n<p>El acondicionador de aire es adecuado para habitaciones de hasta 50 m\u00b2.<\/p>\n<p>Otro aspecto destacado de este nuevo acondicionador de aire es que las aletas de la cubierta exterior se cierran autom\u00c3\u00a1ticamente cuando el acondicionador de aire no est\u00c3\u00a1 en funcionamiento.<\/p>\n<p>Este acondicionador de aire combina el aire acondicionado y la calefacci\u00c3\u00b3n en una sola unidad. Adem\u00c3\u00a1s, nuestros acondicionadores de aire ya no requieren una molesta unidad exterior en la fachada de tu edificio.<\/p>\n<p>Sie erwerben hier ein extrem leises und hochwertiges Klimager\u00e4t der neusten Generation in ansprechendem, schicken, grauem RAL9007 Design.<\/p>\n<p>Nuestros acondicionadores de aire se desarrollan y producen en Europa y se caracterizan por su alta calidad, su funcionamiento muy silencioso y su bajo consumo energ\u00c3\u00a9tico.<\/p>\n<p>Los acondicionadores de aire se pueden controlar mediante el mando a distancia suministrado. Adem\u00c3\u00a1s, el acondicionador de aire est\u00c3\u00a1 equipado con una pantalla t\u00c3\u00a1ctil, lo que significa que el acondicionador de aire se puede utilizar sin un mando a distancia en cualquier momento. Tambi\u00c3\u00a9n es posible acceder, ajustar o cambiar todas las funciones a trav\u00c3\u00a9s de tu dispositivo m\u00c3\u00b3vil (tablet o smartphone).<\/p>\n<p>Una funci\u00c3\u00b3n de deshumidificaci\u00c3\u00b3n permite ajustar el acondicionador de aire multifuncional en modo \"s\u00c3\u00b3lo\" de deshumidificaci\u00c3\u00b3n.<\/p>\n<p>Lo m\u00c3\u00a1s destacado es que puedes instalar el acondicionador de aire tanto a la altura de los pies como de la cabeza. Esto permite climatizar la sala pr\u00c3\u00a1cticamente a cualquier altura de instalaci\u00c3\u00b3n.<\/p>\n<p>El acondicionador de aire se caracteriza por un ruido de funcionamiento muy silencioso de s\u00c3\u00b3lo 26 decibelios. Esto lo hace perfecto para su uso en salones y dormitorios.<\/p>\n<p>Este moderno acondicionador de aire garantiza tu independencia de las temperaturas exteriores.<br \/>\nLleva un soplo de aire fresco a tu casa.<\/p>\n<p>Los acondicionadores de aire no deben instalarse en habitaciones o ba\u00c3\u00b1os h\u00c3\u00bamedos.<\/p>","protected":false},"excerpt":{"rendered":"<p>El modelo inverter extremadamente silencioso para casi cualquier aplicaci\u00f3n - nuestro sistema de aire acondicionado m\u00e1s vendido<\/p>","protected":false},"featured_media":10842,"template":"","meta":{"_acf_changed":false,"_et_pb_use_builder":"","_et_pb_old_content":"","_et_gb_content_width":""},"product_brand":[],"product_cat":[91,15],"product_tag":[139],"class_list":{"0":"post-9394","1":"product","2":"type-product","3":"status-publish","4":"has-post-thumbnail","6":"product_cat-horizontal","7":"product_cat-klimaanlagen","8":"product_tag-b2c-erlaubt","10":"first","11":"instock","12":"taxable","13":"shipping-taxable","14":"purchasable","15":"product-type-simple"},"acf":[],"_links":{"self":[{"href":"https:\/\/raumluft24.de\/es\/wp-json\/wp\/v2\/product\/9394","targetHints":{"allow":["GET"]}}],"collection":[{"href":"https:\/\/raumluft24.de\/es\/wp-json\/wp\/v2\/product"}],"about":[{"href":"https:\/\/raumluft24.de\/es\/wp-json\/wp\/v2\/types\/product"}],"wp:featuredmedia":[{"embeddable":true,"href":"https:\/\/raumluft24.de\/es\/wp-json\/wp\/v2\/media\/10842"}],"wp:attachment":[{"href":"https:\/\/raumluft24.de\/es\/wp-json\/wp\/v2\/media?parent=9394"}],"wp:term":[{"taxonomy":"product_brand","embeddable":true,"href":"https:\/\/raumluft24.de\/es\/wp-json\/wp\/v2\/product_brand?post=9394"},{"taxonomy":"product_cat","embeddable":true,"href":"https:\/\/raumluft24.de\/es\/wp-json\/wp\/v2\/product_cat?post=9394"},{"taxonomy":"product_tag","embeddable":true,"href":"https:\/\/raumluft24.de\/es\/wp-json\/wp\/v2\/product_tag?post=9394"}],"curies":[{"name":"wp","href":"https:\/\/api.w.org\/{rel}","templated":true}]}}