{"id":10984,"date":"2026-05-12T14:36:10","date_gmt":"2026-05-12T12:36:10","guid":{"rendered":"https:\/\/raumluft24.de\/?post_type=product&#038;p=10984"},"modified":"2026-05-15T16:24:34","modified_gmt":"2026-05-15T14:24:34","slug":"klimaanlage-catania-vertikal-inhp15-elecpie","status":"publish","type":"product","link":"https:\/\/raumluft24.de\/fr\/produkt\/klimaanlage-catania-vertikal-inhp15-elecpie\/","title":{"rendered":"Klimaanlage Catania Vertikal INHP15ELEC"},"content":{"rendered":"<p>Notre puissant mod\u00c3\u00a8le premium avec module WLAN et contr\u00c3\u00b4le APP - l'\u00c3\u00a9volution des climatiseurs muraux avec un bo\u00c3\u00aetier en acier inoxydable peint.<\/p>\n<p>Mit einem sehr niedrigen Ger\u00e4uschpegel von nur 29 Dezibel und einer geringen Geh\u00e4usetiefe von nur 20,5 cm ist das neue Design Monoblock Wand-Klimager\u00e4t Catania Vertical INHP15 ELEC ein Blickfang f\u00fcr Ihre R\u00e4ume.<\/p>\n<p>Le climatiseur est adapt\u00c3\u00a9 aux pi\u00c3\u00a8ces de 60 m\u00b2 maximum.<\/p>\n<p>Un autre point fort de ce nouveau climatiseur est que les volets ext\u00c3\u00a9rieurs se ferment automatiquement lorsque le climatiseur n'est pas utilis\u00c3\u00a9.<\/p>\n<p>Ce climatiseur combine climatisation et chauffage en une seule installation. De plus, nos climatiseurs ne n\u00c3\u00a9cessitent plus d'unit\u00c3\u00a9 ext\u00c3\u00a9rieure g\u00c3\u00aanante sur la fa\u00c3\u00a7ade de ton b\u00c3\u00a2timent.<\/p>\n<p>Tu ach\u00c3\u00a8tes ici un climatiseur de derni\u00c3\u00a8re g\u00c3\u00a9n\u00c3\u00a9ration, extr\u00c3\u00aamement silencieux et de haute qualit\u00c3\u00a9, au design blanc pur, chic et attrayant.<\/p>\n<p>Nos climatiseurs sont con\u00c3\u00a7us et fabriqu\u00c3\u00a9s en Europe et se distinguent par leur haute qualit\u00c3\u00a9, leur fonctionnement tr\u00c3\u00a8s silencieux et leur faible consommation d'\u00c3\u00a9nergie.<\/p>\n<p>Les climatiseurs peuvent \u00c3\u00aatre contr\u00c3\u00b4l\u00c3\u00a9s \u00c3\u00a0 l'aide de la t\u00c3\u00a9l\u00c3\u00a9commande fournie. De plus, le climatiseur est \u00c3\u00a9quip\u00c3\u00a9 d'un \u00c3\u00a9cran tactile, ce qui permet d'utiliser le climatiseur \u00c3\u00a0 tout moment, m\u00c3\u00aame sans t\u00c3\u00a9l\u00c3\u00a9commande. Il est \u00c3\u00a9galement possible d'acc\u00c3\u00a9der \u00c3\u00a0 toutes les fonctions, de les r\u00c3\u00a9gler ou de les modifier via ton appareil mobile (tablette ou smartphone).<\/p>\n<p>Une fonction de d\u00c3\u00a9shumidification de l'air permet de r\u00c3\u00a9gler le climatiseur multifonctionnel sur le mode d\u00c3\u00a9shumidification de l'air \"uniquement\".<\/p>\n<p>Das Klimager\u00e4t zeichnet sich durch ein sehr leises Betriebsger\u00e4usch von nur 29 Dezibel aus. Somit kann es perfekt in Wohn- und gewerlichen R\u00e4umen eingesetzt werden.<\/p>\n<p>Ce climatiseur moderne garantit ton ind\u00c3\u00a9pendance vis-\u00c3\u00a0-vis des temp\u00c3\u00a9ratures ext\u00c3\u00a9rieures.<\/p>\n<p><strong>Il faut tenir compte des points suivants :<\/strong><br \/>\nCe climatiseur ne peut \u00c3\u00aatre install\u00c3\u00a9 qu'\u00c3\u00a0 hauteur de pied. Il n'est pas possible d'installer ce climatiseur pr\u00c3\u00a8s du plafond. Il s'agit d'un mod\u00c3\u00a8le professionnel qui ne peut pas \u00c3\u00aatre livr\u00c3\u00a9 aux consommateurs priv\u00c3\u00a9s. Les consommateurs priv\u00c3\u00a9s int\u00c3\u00a9ress\u00c3\u00a9s par ce climatiseur sont pri\u00c3\u00a9s de nous contacter par t\u00c3\u00a9l\u00c3\u00a9phone. Il est possible de commander ce mod\u00c3\u00a8le avec un montage professionnel via une entreprise artisanale pr\u00c3\u00a8s de chez toi.<\/p>\n<p>Les climatiseurs ne doivent pas \u00c3\u00aatre install\u00c3\u00a9s dans des pi\u00c3\u00a8ces humides ou des salles de bain.<\/p>","protected":false},"excerpt":{"rendered":"<p>Le mod\u00c3\u00a8le commercial premium<br \/>\n-Kann einen Heizk\u00f6rper ersetzen-<\/p>","protected":false},"featured_media":11015,"template":"","meta":{"_acf_changed":false,"_et_pb_use_builder":"","_et_pb_old_content":"","_et_gb_content_width":""},"product_brand":[],"product_cat":[15,90],"product_tag":[],"class_list":{"0":"post-10984","1":"product","2":"type-product","3":"status-publish","4":"has-post-thumbnail","6":"product_cat-klimaanlagen","7":"product_cat-vertikal","9":"first","10":"instock","11":"taxable","12":"shipping-taxable","13":"purchasable","14":"product-type-simple"},"acf":[],"_links":{"self":[{"href":"https:\/\/raumluft24.de\/fr\/wp-json\/wp\/v2\/product\/10984","targetHints":{"allow":["GET"]}}],"collection":[{"href":"https:\/\/raumluft24.de\/fr\/wp-json\/wp\/v2\/product"}],"about":[{"href":"https:\/\/raumluft24.de\/fr\/wp-json\/wp\/v2\/types\/product"}],"wp:featuredmedia":[{"embeddable":true,"href":"https:\/\/raumluft24.de\/fr\/wp-json\/wp\/v2\/media\/11015"}],"wp:attachment":[{"href":"https:\/\/raumluft24.de\/fr\/wp-json\/wp\/v2\/media?parent=10984"}],"wp:term":[{"taxonomy":"product_brand","embeddable":true,"href":"https:\/\/raumluft24.de\/fr\/wp-json\/wp\/v2\/product_brand?post=10984"},{"taxonomy":"product_cat","embeddable":true,"href":"https:\/\/raumluft24.de\/fr\/wp-json\/wp\/v2\/product_cat?post=10984"},{"taxonomy":"product_tag","embeddable":true,"href":"https:\/\/raumluft24.de\/fr\/wp-json\/wp\/v2\/product_tag?post=10984"}],"curies":[{"name":"wp","href":"https:\/\/api.w.org\/{rel}","templated":true}]}}