{"id":1165,"date":"2021-02-17T13:28:57","date_gmt":"2021-02-17T12:28:57","guid":{"rendered":"https:\/\/raumluft24.de\/produkt\/untere-abdeckung\/"},"modified":"2026-01-08T14:10:32","modified_gmt":"2026-01-08T13:10:32","slug":"couverture-inferieure","status":"publish","type":"product","link":"https:\/\/raumluft24.de\/fr\/produkt\/untere-abdeckung\/","title":{"rendered":"couvercle inf\u00e9rieur mod\u00e8les 6010 - 6013 et 6019 - 6022"},"content":{"rendered":"<p>couvercle inf\u00e9rieur en m\u00e9tal mod\u00e8les 6010 - 6013 et 6019 -6022<\/p>","protected":false},"excerpt":{"rendered":"<p>couvercle inf\u00e9rieur en m\u00e9tal mod\u00e8les 6010 - 6013 et 6019 -6022<\/p>","protected":false},"featured_media":1142,"template":"","meta":{"_acf_changed":false,"_et_pb_use_builder":"","_et_pb_old_content":"","_et_gb_content_width":""},"product_brand":[],"product_cat":[99],"product_tag":[],"class_list":{"0":"post-1165","1":"product","2":"type-product","3":"status-publish","4":"has-post-thumbnail","6":"product_cat-ersatzteile","8":"first","9":"instock","10":"taxable","11":"shipping-taxable","12":"product-type-simple"},"acf":[],"_links":{"self":[{"href":"https:\/\/raumluft24.de\/fr\/wp-json\/wp\/v2\/product\/1165","targetHints":{"allow":["GET"]}}],"collection":[{"href":"https:\/\/raumluft24.de\/fr\/wp-json\/wp\/v2\/product"}],"about":[{"href":"https:\/\/raumluft24.de\/fr\/wp-json\/wp\/v2\/types\/product"}],"wp:featuredmedia":[{"embeddable":true,"href":"https:\/\/raumluft24.de\/fr\/wp-json\/wp\/v2\/media\/1142"}],"wp:attachment":[{"href":"https:\/\/raumluft24.de\/fr\/wp-json\/wp\/v2\/media?parent=1165"}],"wp:term":[{"taxonomy":"product_brand","embeddable":true,"href":"https:\/\/raumluft24.de\/fr\/wp-json\/wp\/v2\/product_brand?post=1165"},{"taxonomy":"product_cat","embeddable":true,"href":"https:\/\/raumluft24.de\/fr\/wp-json\/wp\/v2\/product_cat?post=1165"},{"taxonomy":"product_tag","embeddable":true,"href":"https:\/\/raumluft24.de\/fr\/wp-json\/wp\/v2\/product_tag?post=1165"}],"curies":[{"name":"wp","href":"https:\/\/api.w.org\/{rel}","templated":true}]}}