{"id":1403,"date":"2021-02-27T15:50:25","date_gmt":"2021-02-27T14:50:25","guid":{"rendered":"https:\/\/raumluft24.de\/?post_type=product&#038;p=1403"},"modified":"2026-01-14T18:52:47","modified_gmt":"2026-01-14T17:52:47","slug":"climatiseur-linate-vertical-inhp10_industrie","status":"publish","type":"product","link":"https:\/\/raumluft24.de\/fr\/produkt\/klimaanlage-linate-vertical-inhp10_gewerbe\/","title":{"rendered":"Klimaanlage Linate Vertikal INHP10"},"content":{"rendered":"<p>Notre mod\u00c3\u00a8le commercial silencieux et solide avec module WLAN et contr\u00c3\u00b4le APP - l'\u00c3\u00a9volution des climatiseurs muraux avec un bo\u00c3\u00aetier en acier inoxydable peint.<\/p>\n<p>Avec un niveau sonore tr\u00e8s bas de seulement 26 d\u00e9cibels et une profondeur de caisson r\u00e9duite de seulement 16,5 cm, le nouveau climatiseur mural monobloc Linate Vertical INHP10 ne manquera pas d'attirer l'attention dans vos pi\u00e8ces.<\/p>\n<p>Le climatiseur est adapt\u00c3\u00a9 aux pi\u00c3\u00a8ces de 50 m\u00b2 maximum.<\/p>\n<p>Un autre point fort de ce nouveau climatiseur est que les volets ext\u00c3\u00a9rieurs se ferment automatiquement lorsque le climatiseur n'est pas utilis\u00c3\u00a9.<\/p>\n<p>Ce climatiseur combine climatisation et chauffage en une seule installation. De plus, nos climatiseurs ne n\u00c3\u00a9cessitent plus d'unit\u00c3\u00a9 ext\u00c3\u00a9rieure g\u00c3\u00aanante sur la fa\u00c3\u00a7ade de ton b\u00c3\u00a2timent.<\/p>\n<p>Tu ach\u00c3\u00a8tes ici un climatiseur de derni\u00c3\u00a8re g\u00c3\u00a9n\u00c3\u00a9ration, extr\u00c3\u00aamement silencieux et de haute qualit\u00c3\u00a9, au design blanc pur, chic et attrayant.<\/p>\n<p>Nos climatiseurs sont con\u00c3\u00a7us et fabriqu\u00c3\u00a9s en Europe et se distinguent par leur haute qualit\u00c3\u00a9, leur fonctionnement tr\u00c3\u00a8s silencieux et leur faible consommation d'\u00c3\u00a9nergie.<\/p>\n<p>Les climatiseurs peuvent \u00c3\u00aatre contr\u00c3\u00b4l\u00c3\u00a9s \u00c3\u00a0 l'aide de la t\u00c3\u00a9l\u00c3\u00a9commande fournie. De plus, le climatiseur est \u00c3\u00a9quip\u00c3\u00a9 d'un \u00c3\u00a9cran tactile, ce qui permet d'utiliser le climatiseur \u00c3\u00a0 tout moment, m\u00c3\u00aame sans t\u00c3\u00a9l\u00c3\u00a9commande. Il est \u00c3\u00a9galement possible d'acc\u00c3\u00a9der \u00c3\u00a0 toutes les fonctions, de les r\u00c3\u00a9gler ou de les modifier via ton appareil mobile (tablette ou smartphone).<\/p>\n<p>Une fonction de d\u00c3\u00a9shumidification de l'air permet de r\u00c3\u00a9gler le climatiseur multifonctionnel sur le mode d\u00c3\u00a9shumidification de l'air \"uniquement\".<\/p>\n<p>Le climatiseur se caract\u00c3\u00a9rise par un fonctionnement tr\u00c3\u00a8s silencieux de seulement 26 d\u00c3\u00a9cibels. Il peut donc parfaitement \u00c3\u00aatre utilis\u00c3\u00a9 dans les salles de s\u00c3\u00a9jour et les chambres \u00c3\u00a0 coucher.<\/p>\n<p>Ce climatiseur moderne garantit ton ind\u00c3\u00a9pendance vis-\u00c3\u00a0-vis des temp\u00c3\u00a9ratures ext\u00c3\u00a9rieures.<\/p>\n<p><strong>Il faut tenir compte des points suivants :<\/strong><br \/>\nCe climatiseur ne peut \u00c3\u00aatre install\u00c3\u00a9 qu'\u00c3\u00a0 hauteur de pied. Il n'est pas possible d'installer ce climatiseur pr\u00c3\u00a8s du plafond.<\/p>\n<p>Il s'agit d'un mod\u00c3\u00a8le professionnel qui ne peut pas \u00c3\u00aatre livr\u00c3\u00a9 aux consommateurs priv\u00c3\u00a9s. Les consommateurs priv\u00c3\u00a9s int\u00c3\u00a9ress\u00c3\u00a9s par ce climatiseur sont pri\u00c3\u00a9s de nous contacter par t\u00c3\u00a9l\u00c3\u00a9phone. Il est possible de commander ce mod\u00c3\u00a8le, y compris le montage professionnel, via une entreprise artisanale pr\u00c3\u00a8s de chez toi.<\/p>","protected":false},"excerpt":{"rendered":"<p>Le mod\u00c3\u00a8le commercial solide<\/p>","protected":false},"featured_media":271,"template":"","meta":{"_acf_changed":false,"_et_pb_use_builder":"","_et_pb_old_content":"","_et_gb_content_width":""},"product_brand":[],"product_cat":[113],"product_tag":[],"class_list":{"0":"post-1403","1":"product","2":"type-product","3":"status-publish","4":"has-post-thumbnail","6":"product_cat-haendlershop","8":"first","9":"instock","10":"taxable","11":"shipping-taxable","12":"product-type-simple"},"acf":[],"_links":{"self":[{"href":"https:\/\/raumluft24.de\/fr\/wp-json\/wp\/v2\/product\/1403","targetHints":{"allow":["GET"]}}],"collection":[{"href":"https:\/\/raumluft24.de\/fr\/wp-json\/wp\/v2\/product"}],"about":[{"href":"https:\/\/raumluft24.de\/fr\/wp-json\/wp\/v2\/types\/product"}],"wp:featuredmedia":[{"embeddable":true,"href":"https:\/\/raumluft24.de\/fr\/wp-json\/wp\/v2\/media\/271"}],"wp:attachment":[{"href":"https:\/\/raumluft24.de\/fr\/wp-json\/wp\/v2\/media?parent=1403"}],"wp:term":[{"taxonomy":"product_brand","embeddable":true,"href":"https:\/\/raumluft24.de\/fr\/wp-json\/wp\/v2\/product_brand?post=1403"},{"taxonomy":"product_cat","embeddable":true,"href":"https:\/\/raumluft24.de\/fr\/wp-json\/wp\/v2\/product_cat?post=1403"},{"taxonomy":"product_tag","embeddable":true,"href":"https:\/\/raumluft24.de\/fr\/wp-json\/wp\/v2\/product_tag?post=1403"}],"curies":[{"name":"wp","href":"https:\/\/api.w.org\/{rel}","templated":true}]}}