{"id":1552,"date":"2021-03-16T11:29:18","date_gmt":"2021-03-16T10:29:18","guid":{"rendered":"https:\/\/raumluft24.de\/?post_type=product&#038;p=1552"},"modified":"2025-10-08T10:56:55","modified_gmt":"2025-10-08T08:56:55","slug":"climatisation-capri-mini-inhp09-h","status":"publish","type":"product","link":"https:\/\/raumluft24.de\/fr\/produkt\/klimaanlage-capri-mini-inhp09-h\/","title":{"rendered":"Climatiseur Capri Mini INHP09"},"content":{"rendered":"<p>Notre mod\u00e8le Inverter peu encombrant (avec technologie Inverter et largeur r\u00e9duite de 81 cm seulement et commande Wlan) - l'\u00e9volution de la s\u00e9rie de climatiseurs muraux avec un bo\u00eetier en acier inoxydable peint.<\/p>\n<p>Avec un niveau sonore tr\u00c3\u00a8s bas de seulement 27 d\u00c3\u00a9cibels et une faible profondeur de bo\u00c3\u00aetier de seulement 16,5 cm, le nouveau climatiseur mural monobloc Capri Mini INHP09 attire l'attention dans tes pi\u00c3\u00a8ces avec un contr\u00c3\u00b4le wifi confortable. Notre premier climatiseur mural monobloc sans unit\u00c3\u00a9 ext\u00c3\u00a9rieure avec le r\u00c3\u00a9frig\u00c3\u00a9rant R290 !<\/p>\n<div id=\"attachment_1545\" style=\"width: 420px\" class=\"wp-caption alignright\"><img decoding=\"async\" aria-describedby=\"caption-attachment-1545\" class=\"wp-image-1545\" src=\"https:\/\/raumluft24.de\/wp-content\/uploads\/2021\/03\/6018-capri-mini-1024x1024.jpg\" alt=\"\" width=\"410\" height=\"410\" \/><p id=\"caption-attachment-1545\" class=\"wp-caption-text\">Seulement 81 cm de large, particuli\u00c3\u00a8rement peu encombrant et pourtant extr\u00c3\u00aamement puissant !<\/p><\/div>\n<p>Le climatiseur est adapt\u00c3\u00a9 aux pi\u00c3\u00a8ces de 30 m\u00b2 maximum.<\/p>\n<p>Un autre point fort de ce nouveau climatiseur est que les volets ext\u00c3\u00a9rieurs se ferment automatiquement lorsque le climatiseur n'est pas utilis\u00c3\u00a9.<\/p>\n<p>Ce climatiseur combine climatisation et chauffage en une seule installation. De plus, nos climatiseurs ne n\u00c3\u00a9cessitent plus d'unit\u00c3\u00a9 ext\u00c3\u00a9rieure g\u00c3\u00aanante sur la fa\u00c3\u00a7ade de ton b\u00c3\u00a2timent.<\/p>\n<p>Tu ach\u00c3\u00a8tes ici un climatiseur de derni\u00c3\u00a8re g\u00c3\u00a9n\u00c3\u00a9ration, extr\u00c3\u00aamement silencieux et de haute qualit\u00c3\u00a9, au design blanc pur, chic et attrayant.<\/p>\n<p>Nos climatiseurs sont con\u00c3\u00a7us et fabriqu\u00c3\u00a9s en Europe et se distinguent par leur haute qualit\u00c3\u00a9, leur fonctionnement tr\u00c3\u00a8s silencieux et leur faible consommation d'\u00c3\u00a9nergie.<\/p>\n<p>Les climatiseurs peuvent \u00c3\u00aatre contr\u00c3\u00b4l\u00c3\u00a9s \u00c3\u00a0 l'aide de la t\u00c3\u00a9l\u00c3\u00a9commande fournie. De plus, le climatiseur est \u00c3\u00a9quip\u00c3\u00a9 d'un \u00c3\u00a9cran tactile, ce qui permet d'utiliser le climatiseur \u00c3\u00a0 tout moment, m\u00c3\u00aame sans t\u00c3\u00a9l\u00c3\u00a9commande.<\/p>\n<p>Une fonction de d\u00c3\u00a9shumidification de l'air permet de r\u00c3\u00a9gler le climatiseur multifonctionnel sur le mode d\u00c3\u00a9shumidification de l'air \"uniquement\".<\/p>\n<p>Un point fort absolu est que tu peux installer le climatiseur aussi bien \u00c3\u00a0 hauteur de pied qu'\u00c3\u00a0 hauteur de t\u00c3\u00aate. Il est donc possible de climatiser la pi\u00c3\u00a8ce \u00c3\u00a0 pratiquement n'importe quelle hauteur de montage.<\/p>\n<p>Le climatiseur se caract\u00c3\u00a9rise par un fonctionnement tr\u00c3\u00a8s silencieux de seulement 27 d\u00c3\u00a9cibels. Il peut donc parfaitement \u00c3\u00aatre utilis\u00c3\u00a9 dans les salles de s\u00c3\u00a9jour et les chambres \u00c3\u00a0 coucher.<\/p>\n<p>Ce climatiseur moderne garantit ton ind\u00c3\u00a9pendance vis-\u00c3\u00a0-vis des temp\u00c3\u00a9ratures ext\u00c3\u00a9rieures.<\/p>\n<p>Fais souffler un vent de fra\u00c3\u00aecheur dans ton appartement.<\/p>","protected":false},"excerpt":{"rendered":"<p>Le mod\u00c3\u00a8le \u00c3\u00a0 inverseur peu encombrant<\/p>","protected":false},"featured_media":147,"template":"","meta":{"_acf_changed":false,"_et_pb_use_builder":"","_et_pb_old_content":"","_et_gb_content_width":""},"product_brand":[],"product_cat":[113],"product_tag":[],"class_list":{"0":"post-1552","1":"product","2":"type-product","3":"status-publish","4":"has-post-thumbnail","6":"product_cat-haendlershop","8":"first","9":"instock","10":"taxable","11":"shipping-taxable","12":"product-type-simple"},"acf":[],"_links":{"self":[{"href":"https:\/\/raumluft24.de\/fr\/wp-json\/wp\/v2\/product\/1552","targetHints":{"allow":["GET"]}}],"collection":[{"href":"https:\/\/raumluft24.de\/fr\/wp-json\/wp\/v2\/product"}],"about":[{"href":"https:\/\/raumluft24.de\/fr\/wp-json\/wp\/v2\/types\/product"}],"wp:featuredmedia":[{"embeddable":true,"href":"https:\/\/raumluft24.de\/fr\/wp-json\/wp\/v2\/media\/147"}],"wp:attachment":[{"href":"https:\/\/raumluft24.de\/fr\/wp-json\/wp\/v2\/media?parent=1552"}],"wp:term":[{"taxonomy":"product_brand","embeddable":true,"href":"https:\/\/raumluft24.de\/fr\/wp-json\/wp\/v2\/product_brand?post=1552"},{"taxonomy":"product_cat","embeddable":true,"href":"https:\/\/raumluft24.de\/fr\/wp-json\/wp\/v2\/product_cat?post=1552"},{"taxonomy":"product_tag","embeddable":true,"href":"https:\/\/raumluft24.de\/fr\/wp-json\/wp\/v2\/product_tag?post=1552"}],"curies":[{"name":"wp","href":"https:\/\/api.w.org\/{rel}","templated":true}]}}