{"id":3773,"date":"2022-03-23T12:21:09","date_gmt":"2022-03-23T11:21:09","guid":{"rendered":"https:\/\/raumluft24.de\/?post_type=product&#038;p=3773"},"modified":"2026-01-13T10:30:32","modified_gmt":"2026-01-13T09:30:32","slug":"trappe-couvercle-exterieur-metal-20cm-diametre","status":"publish","type":"product","link":"https:\/\/raumluft24.de\/fr\/produkt\/abdeckklappen-aussen-metall-20-cm-durchmesser\/","title":{"rendered":"Couvercles m\u00e9talliques avec moustiquaire (20cm) mod\u00e8le Florence + Naples"},"content":{"rendered":"<p>Couvercles m\u00e9talliques avec moustiquaire 20 cm de diam\u00e8tre Set 2 pi\u00e8ces<\/p>","protected":false},"excerpt":{"rendered":"<p>Couvercles m\u00c3\u00a9talliques ext\u00c3\u00a9rieurs pour le mod\u00c3\u00a8le 6019 diam\u00c3\u00a8tre 20 cm<\/p>","protected":false},"featured_media":1142,"template":"","meta":{"_acf_changed":false,"_et_pb_use_builder":"","_et_pb_old_content":"","_et_gb_content_width":""},"product_brand":[],"product_cat":[99],"product_tag":[],"class_list":{"0":"post-3773","1":"product","2":"type-product","3":"status-publish","4":"has-post-thumbnail","6":"product_cat-ersatzteile","8":"first","9":"instock","10":"taxable","11":"shipping-taxable","12":"product-type-simple"},"acf":[],"_links":{"self":[{"href":"https:\/\/raumluft24.de\/fr\/wp-json\/wp\/v2\/product\/3773","targetHints":{"allow":["GET"]}}],"collection":[{"href":"https:\/\/raumluft24.de\/fr\/wp-json\/wp\/v2\/product"}],"about":[{"href":"https:\/\/raumluft24.de\/fr\/wp-json\/wp\/v2\/types\/product"}],"wp:featuredmedia":[{"embeddable":true,"href":"https:\/\/raumluft24.de\/fr\/wp-json\/wp\/v2\/media\/1142"}],"wp:attachment":[{"href":"https:\/\/raumluft24.de\/fr\/wp-json\/wp\/v2\/media?parent=3773"}],"wp:term":[{"taxonomy":"product_brand","embeddable":true,"href":"https:\/\/raumluft24.de\/fr\/wp-json\/wp\/v2\/product_brand?post=3773"},{"taxonomy":"product_cat","embeddable":true,"href":"https:\/\/raumluft24.de\/fr\/wp-json\/wp\/v2\/product_cat?post=3773"},{"taxonomy":"product_tag","embeddable":true,"href":"https:\/\/raumluft24.de\/fr\/wp-json\/wp\/v2\/product_tag?post=3773"}],"curies":[{"name":"wp","href":"https:\/\/api.w.org\/{rel}","templated":true}]}}