{"id":9291,"date":"2025-02-11T08:41:25","date_gmt":"2025-02-11T07:41:25","guid":{"rendered":"https:\/\/raumluft24.de\/?post_type=product&#038;p=9291"},"modified":"2026-02-02T14:48:06","modified_gmt":"2026-02-02T13:48:06","slug":"pompe-a-chaleur-air-pisa-inhp18elec","status":"publish","type":"product","link":"https:\/\/raumluft24.de\/fr\/produkt\/luftwaermepumpe-pisa-inhp18elec\/","title":{"rendered":"Pompe \u00e0 chaleur a\u00e9rothermique PISA INHP18ELEC"},"content":{"rendered":"<p>Notre mod\u00e8le Inverter extr\u00eamement silencieux et puissant avec module WLAN et contr\u00f4le APP pour les r\u00e9gions particuli\u00e8rement chaudes et les grandes pi\u00e8ces. Notre climatiseur mural monobloc le plus puissant avec r\u00e9frig\u00e9rant R32.<\/p>\n<p>Ce climatiseur se caract\u00e9rise par sa forte capacit\u00e9 de chauffage, m\u00eame par des temp\u00e9ratures ext\u00e9rieures tr\u00e8s froides, et peut \u00e9galement \u00eatre utilis\u00e9 comme seule source de chauffage pour des pi\u00e8ces de 100 m\u00b2 maximum.<\/p>\n<p>Avec un niveau sonore tr\u00e8s bas de seulement 30 d\u00e9cibels et une profondeur de bo\u00eetier r\u00e9duite de seulement 16,5 cm, le nouveau climatiseur mural monobloc design PISA INHP18ELEC 2 KW ne manquera pas d'attirer l'attention dans vos pi\u00e8ces.<\/p>\n<p>Un autre point fort de ce nouveau climatiseur est que les volets ext\u00c3\u00a9rieurs se ferment automatiquement lorsque le climatiseur n'est pas utilis\u00c3\u00a9.<\/p>\n<p>Ce climatiseur combine climatisation et chauffage en une seule installation. De plus, nos climatiseurs ne n\u00c3\u00a9cessitent plus d'unit\u00c3\u00a9 ext\u00c3\u00a9rieure g\u00c3\u00aanante sur la fa\u00c3\u00a7ade de ton b\u00c3\u00a2timent.<\/p>\n<p>Tu ach\u00c3\u00a8tes ici un climatiseur de derni\u00c3\u00a8re g\u00c3\u00a9n\u00c3\u00a9ration, extr\u00c3\u00aamement silencieux et de haute qualit\u00c3\u00a9, au design blanc pur, chic et attrayant.<\/p>\n<p>Nos climatiseurs sont con\u00c3\u00a7us et fabriqu\u00c3\u00a9s en Europe et se distinguent par leur haute qualit\u00c3\u00a9, leur fonctionnement tr\u00c3\u00a8s silencieux et leur faible consommation d'\u00c3\u00a9nergie.<\/p>\n<p>Les climatiseurs peuvent \u00c3\u00aatre contr\u00c3\u00b4l\u00c3\u00a9s \u00c3\u00a0 l'aide de la t\u00c3\u00a9l\u00c3\u00a9commande fournie. De plus, le climatiseur est \u00c3\u00a9quip\u00c3\u00a9 d'un \u00c3\u00a9cran tactile, ce qui permet d'utiliser le climatiseur \u00c3\u00a0 tout moment, m\u00c3\u00aame sans t\u00c3\u00a9l\u00c3\u00a9commande. Il est \u00c3\u00a9galement possible d'acc\u00c3\u00a9der \u00c3\u00a0 toutes les fonctions, de les r\u00c3\u00a9gler ou de les modifier via ton appareil mobile (tablette ou smartphone).<\/p>\n<p>Une fonction de d\u00c3\u00a9shumidification de l'air permet de r\u00c3\u00a9gler le climatiseur multifonctionnel sur le mode d\u00c3\u00a9shumidification de l'air \"uniquement\".<br \/>\nUn point fort absolu est que tu peux installer le climatiseur aussi bien \u00c3\u00a0 hauteur de pied qu'\u00c3\u00a0 hauteur de t\u00c3\u00aate. Il est donc possible de climatiser la pi\u00c3\u00a8ce \u00c3\u00a0 pratiquement n'importe quelle hauteur de montage.<br \/>\nLe climatiseur se caract\u00e9rise par un fonctionnement tr\u00e8s silencieux de seulement 30 d\u00e9cibels. Il peut donc parfaitement \u00eatre utilis\u00e9 dans les pi\u00e8ces \u00e0 vivre et les chambres \u00e0 coucher.<\/p>\n<p>Ce climatiseur moderne garantit ton ind\u00c3\u00a9pendance vis-\u00c3\u00a0-vis des temp\u00c3\u00a9ratures ext\u00c3\u00a9rieures.<\/p>\n<p>Fais souffler un vent de fra\u00c3\u00aecheur dans ton appartement et \u00c3\u00a9conomise les co\u00c3\u00bbts d'achat d'une source de chauffage suppl\u00c3\u00a9mentaire.<\/p>\n<p>Les climatiseurs ne doivent pas \u00c3\u00aatre install\u00c3\u00a9s dans des pi\u00c3\u00a8ces humides ou des salles de bain.<\/p>","protected":false},"excerpt":{"rendered":"<p>Le climatiseur puissant pour les r\u00e9gions chaudes, les grandes pi\u00e8ces et les locaux commerciaux jusqu'\u00e0 100m\u00b2 - Peut remplacer un radiateur<\/p>","protected":false},"featured_media":147,"template":"","meta":{"_acf_changed":false,"_et_pb_use_builder":"","_et_pb_old_content":"","_et_gb_content_width":""},"product_brand":[],"product_cat":[91,15],"product_tag":[139],"class_list":{"0":"post-9291","1":"product","2":"type-product","3":"status-publish","4":"has-post-thumbnail","6":"product_cat-horizontal","7":"product_cat-klimaanlagen","8":"product_tag-b2c-erlaubt","10":"first","11":"instock","12":"taxable","13":"shipping-taxable","14":"purchasable","15":"product-type-simple"},"acf":[],"_links":{"self":[{"href":"https:\/\/raumluft24.de\/fr\/wp-json\/wp\/v2\/product\/9291","targetHints":{"allow":["GET"]}}],"collection":[{"href":"https:\/\/raumluft24.de\/fr\/wp-json\/wp\/v2\/product"}],"about":[{"href":"https:\/\/raumluft24.de\/fr\/wp-json\/wp\/v2\/types\/product"}],"wp:featuredmedia":[{"embeddable":true,"href":"https:\/\/raumluft24.de\/fr\/wp-json\/wp\/v2\/media\/147"}],"wp:attachment":[{"href":"https:\/\/raumluft24.de\/fr\/wp-json\/wp\/v2\/media?parent=9291"}],"wp:term":[{"taxonomy":"product_brand","embeddable":true,"href":"https:\/\/raumluft24.de\/fr\/wp-json\/wp\/v2\/product_brand?post=9291"},{"taxonomy":"product_cat","embeddable":true,"href":"https:\/\/raumluft24.de\/fr\/wp-json\/wp\/v2\/product_cat?post=9291"},{"taxonomy":"product_tag","embeddable":true,"href":"https:\/\/raumluft24.de\/fr\/wp-json\/wp\/v2\/product_tag?post=9291"}],"curies":[{"name":"wp","href":"https:\/\/api.w.org\/{rel}","templated":true}]}}