{"id":9394,"date":"2025-03-14T10:08:37","date_gmt":"2025-03-14T09:08:37","guid":{"rendered":"https:\/\/raumluft24.de\/?post_type=product&#038;p=9394"},"modified":"2026-05-04T15:26:05","modified_gmt":"2026-05-04T13:26:05","slug":"klimaanlage-verona-inhp10","status":"publish","type":"product","link":"https:\/\/raumluft24.de\/fr\/produkt\/klimaanlage-verona-inhp10\/","title":{"rendered":"Klimaanlage Verona INHP10"},"content":{"rendered":"<p><code>Unser extrem leises Inverter Model mit WLAN Modul und APP Steuerung - die Weiterentwicklung der Wandklimaanlagen mit einem Geh\u00e4use aus lackiertem Edelstahl.<\/code><\/p>\n<p>Mit einem sehr niedrigen Ger\u00e4uschpegel von nur 26 Dezibel und einer geringen Geh\u00e4usetiefe von nur 16,5 cm ist das neue Design Monoblock Wand-Klimager\u00e4t Verona INHP10 ein Blickfang f\u00fcr Ihre R\u00e4ume.<\/p>\n<p>Le climatiseur est adapt\u00c3\u00a9 aux pi\u00c3\u00a8ces de 50 m\u00b2 maximum.<\/p>\n<p>Un autre point fort de ce nouveau climatiseur est que les volets ext\u00c3\u00a9rieurs se ferment automatiquement lorsque le climatiseur n'est pas utilis\u00c3\u00a9.<\/p>\n<p>Ce climatiseur combine climatisation et chauffage en une seule installation. De plus, nos climatiseurs ne n\u00c3\u00a9cessitent plus d'unit\u00c3\u00a9 ext\u00c3\u00a9rieure g\u00c3\u00aanante sur la fa\u00c3\u00a7ade de ton b\u00c3\u00a2timent.<\/p>\n<p>Sie erwerben hier ein extrem leises und hochwertiges Klimager\u00e4t der neusten Generation in ansprechendem, schicken, grauem RAL9007 Design.<\/p>\n<p>Nos climatiseurs sont con\u00c3\u00a7us et fabriqu\u00c3\u00a9s en Europe et se distinguent par leur haute qualit\u00c3\u00a9, leur fonctionnement tr\u00c3\u00a8s silencieux et leur faible consommation d'\u00c3\u00a9nergie.<\/p>\n<p>Les climatiseurs peuvent \u00c3\u00aatre contr\u00c3\u00b4l\u00c3\u00a9s \u00c3\u00a0 l'aide de la t\u00c3\u00a9l\u00c3\u00a9commande fournie. De plus, le climatiseur est \u00c3\u00a9quip\u00c3\u00a9 d'un \u00c3\u00a9cran tactile, ce qui permet d'utiliser le climatiseur \u00c3\u00a0 tout moment, m\u00c3\u00aame sans t\u00c3\u00a9l\u00c3\u00a9commande. Il est \u00c3\u00a9galement possible d'acc\u00c3\u00a9der \u00c3\u00a0 toutes les fonctions, de les r\u00c3\u00a9gler ou de les modifier via ton appareil mobile (tablette ou smartphone).<\/p>\n<p>Une fonction de d\u00c3\u00a9shumidification de l'air permet de r\u00c3\u00a9gler le climatiseur multifonctionnel sur le mode d\u00c3\u00a9shumidification de l'air \"uniquement\".<\/p>\n<p>Un point fort absolu est que tu peux installer le climatiseur aussi bien \u00c3\u00a0 hauteur de pied qu'\u00c3\u00a0 hauteur de t\u00c3\u00aate. Il est donc possible de climatiser la pi\u00c3\u00a8ce \u00c3\u00a0 pratiquement n'importe quelle hauteur de montage.<\/p>\n<p>Le climatiseur se caract\u00c3\u00a9rise par un fonctionnement tr\u00c3\u00a8s silencieux de seulement 26 d\u00c3\u00a9cibels. Il peut donc parfaitement \u00c3\u00aatre utilis\u00c3\u00a9 dans les salles de s\u00c3\u00a9jour et les chambres \u00c3\u00a0 coucher.<\/p>\n<p>Ce climatiseur moderne garantit ton ind\u00c3\u00a9pendance vis-\u00c3\u00a0-vis des temp\u00c3\u00a9ratures ext\u00c3\u00a9rieures.<br \/>\nFais souffler un vent de fra\u00c3\u00aecheur dans ton appartement.<\/p>\n<p>Les climatiseurs ne doivent pas \u00c3\u00aatre install\u00c3\u00a9s dans des pi\u00c3\u00a8ces humides ou des salles de bain.<\/p>","protected":false},"excerpt":{"rendered":"<p>Le mod\u00e8le \u00e0 inverseur extr\u00eamement silencieux pour presque toutes les applications notre climatiseur le plus vendu<\/p>","protected":false},"featured_media":10842,"template":"","meta":{"_acf_changed":false,"_et_pb_use_builder":"","_et_pb_old_content":"","_et_gb_content_width":""},"product_brand":[],"product_cat":[91,15],"product_tag":[139],"class_list":{"0":"post-9394","1":"product","2":"type-product","3":"status-publish","4":"has-post-thumbnail","6":"product_cat-horizontal","7":"product_cat-klimaanlagen","8":"product_tag-b2c-erlaubt","10":"first","11":"instock","12":"taxable","13":"shipping-taxable","14":"purchasable","15":"product-type-simple"},"acf":[],"_links":{"self":[{"href":"https:\/\/raumluft24.de\/fr\/wp-json\/wp\/v2\/product\/9394","targetHints":{"allow":["GET"]}}],"collection":[{"href":"https:\/\/raumluft24.de\/fr\/wp-json\/wp\/v2\/product"}],"about":[{"href":"https:\/\/raumluft24.de\/fr\/wp-json\/wp\/v2\/types\/product"}],"wp:featuredmedia":[{"embeddable":true,"href":"https:\/\/raumluft24.de\/fr\/wp-json\/wp\/v2\/media\/10842"}],"wp:attachment":[{"href":"https:\/\/raumluft24.de\/fr\/wp-json\/wp\/v2\/media?parent=9394"}],"wp:term":[{"taxonomy":"product_brand","embeddable":true,"href":"https:\/\/raumluft24.de\/fr\/wp-json\/wp\/v2\/product_brand?post=9394"},{"taxonomy":"product_cat","embeddable":true,"href":"https:\/\/raumluft24.de\/fr\/wp-json\/wp\/v2\/product_cat?post=9394"},{"taxonomy":"product_tag","embeddable":true,"href":"https:\/\/raumluft24.de\/fr\/wp-json\/wp\/v2\/product_tag?post=9394"}],"curies":[{"name":"wp","href":"https:\/\/api.w.org\/{rel}","templated":true}]}}