{"id":16,"date":"2021-01-18T00:47:01","date_gmt":"2021-01-17T23:47:01","guid":{"rendered":"https:\/\/raumluft24.de\/versandarten\/"},"modified":"2022-08-30T15:51:23","modified_gmt":"2022-08-30T13:51:23","slug":"metodi-di-spedizione","status":"publish","type":"page","link":"https:\/\/raumluft24.de\/it\/versandarten\/","title":{"rendered":"Metodi di spedizione"},"content":{"rendered":"<p>[et_pb_section fb_built=&#8220;1&#8243; _builder_version=&#8220;4.16&#8243; _module_preset=&#8220;default&#8220; width=&#8220;100%&#8220; custom_padding=&#8220;0px||0px||false|false&#8220; global_colors_info=&#8220;{}&#8220; theme_builder_area=&#8220;post_content&#8220;][et_pb_row use_custom_gutter=&#8220;on&#8220; gutter_width=&#8220;2&#8243; _builder_version=&#8220;4.16&#8243; _module_preset=&#8220;default&#8220; width=&#8220;100%&#8220; global_colors_info=&#8220;{}&#8220; theme_builder_area=&#8220;post_content&#8220;][et_pb_column type=&#8220;4_4&#8243; _builder_version=&#8220;4.16&#8243; _module_preset=&#8220;default&#8220; global_colors_info=&#8220;{}&#8220; theme_builder_area=&#8220;post_content&#8220;][et_pb_text _builder_version=&#8220;4.17.4&#8243; _module_preset=&#8220;default&#8220; global_colors_info=&#8220;{}&#8220; theme_builder_area=&#8220;post_content&#8220;]<\/p>\n<p>&nbsp;<\/p>\n<p>Auf Grund der Geoblocking &#8211; VO sind wir verpflichtet, Bestellungen europaweit anzunehmen. Wir liefern daher freiwillig auch in alle EU-Staaten, in die T\u00fcrkei und in die Schweiz.<br \/>Die Lieferung erfolgt dementsprechend im Inland (Deutschland) und in die nachstehenden L\u00e4nder: Belgien, Bulgarien, D\u00e4nemark, Estland, Finnland, Frankreich, Griechenland, Irland, Italien, Kroatien, Lettland, Litauen, Luxemburg, Malta, die Niederlande, \u00d6sterreich, Polen, Portugal, Rum\u00e4nien, Schweden, die Slowakei, Slowenien, Spanien, Schweiz, T\u00fcrkei, die Tschechische Republik, Ungarn, Zypern.<\/p>\n<p><b>Versandkostenberechnung erfolgt nach Gewicht<\/b><br \/>Versandkosten sind fix und werden automatisch von unserem Onlinesystem per Gewicht berechnet. Aus diesem Grund k\u00f6nnen Versandkosten nicht nachtr\u00e4glich reduziert oder verhandelt werden. Sendungen bis zu einem Gesamtgewicht von 20 KG werden mit dem Paketdienst GLS versendet. Sendungen mit einem Gesamtgewicht von mehr als 20 KG werden mit der Spedition versendet und bei ihnen avisiert. Der Versand per Spedition erfolgt auf einer Palette, dadurch kommt es zu einem erh\u00f6hten Versandgewicht.<\/p>\n<p><b>Sollten Sie eine Lieferung auf eine Insel w\u00fcnschen, kontaktieren Sie uns bitte, um die individuellen Versandkosten zu erfahren.<\/b><\/p>\n<p><b>Die hier angegebenen Versandkosten verstehen sich zzgl. der gesetzlich geltenden Mehrwertsteuer. <\/b><\/p>\n<p><b>Die Lieferung erfolgt bis Bordsteinkante.<br \/><\/b><\/p>\n<p>[\/et_pb_text][\/et_pb_column][\/et_pb_row][et_pb_row use_custom_gutter=&#8220;on&#8220; gutter_width=&#8220;2&#8243; _builder_version=&#8220;4.16&#8243; _module_preset=&#8220;default&#8220; width=&#8220;100%&#8220; custom_padding=&#8220;1em||0px||false|false&#8220; global_colors_info=&#8220;{}&#8220; theme_builder_area=&#8220;post_content&#8220;][et_pb_column type=&#8220;4_4&#8243; _builder_version=&#8220;4.16&#8243; _module_preset=&#8220;default&#8220; global_colors_info=&#8220;{}&#8220; theme_builder_area=&#8220;post_content&#8220;][et_pb_divider color=&#8220;#475D77&#8243; divider_style=&#8220;dotted&#8220; _builder_version=&#8220;4.16&#8243; _module_preset=&#8220;default&#8220; module_alignment=&#8220;center&#8220; global_colors_info=&#8220;{}&#8220; theme_builder_area=&#8220;post_content&#8220;][\/et_pb_divider][\/et_pb_column][\/et_pb_row][et_pb_row column_structure=&#8220;1_2,1_2&#8243; use_custom_gutter=&#8220;on&#8220; gutter_width=&#8220;2&#8243; _builder_version=&#8220;4.16&#8243; _module_preset=&#8220;default&#8220; width=&#8220;100%&#8220; custom_padding=&#8220;||0px||false|false&#8220; global_colors_info=&#8220;{}&#8220; theme_builder_area=&#8220;post_content&#8220;][et_pb_column type=&#8220;1_2&#8243; _builder_version=&#8220;4.16&#8243; _module_preset=&#8220;default&#8220; global_colors_info=&#8220;{}&#8220; theme_builder_area=&#8220;post_content&#8220;][et_pb_text _builder_version=&#8220;4.18.0&#8243; _module_preset=&#8220;default&#8220; global_colors_info=&#8220;{}&#8220; theme_builder_area=&#8220;post_content&#8220;]<\/p>\n<p><b>Versandkosten innerhalb Deutschlands:<\/b><br \/>07,00 Euro f\u00fcr Sendungen bis 5 KG<br \/>09,00 Euro f\u00fcr Sendungen bis 10 KG<br \/>11,00 Euro f\u00fcr Sendungen bis 15 KG<br \/>13,00 Euro f\u00fcr Sendungen bis 20 KG<br \/>59,00 Euro f\u00fcr Sendungen bis 50 KG<br \/>69,00 Euro f\u00fcr Sendungen bis 100 KG<br \/>89,00 Euro f\u00fcr Sendungen bis 150 KG<br \/>94,00 Euro f\u00fcr Sendungen bis 200 KG<br \/>147,00 Euro f\u00fcr Sendungen bis 500 KG<br \/>350,00 Euro f\u00fcr Sendungen bis 2000 KG<br \/>500,00 Euro f\u00fcr Sendungen bis 5000 KG<br \/>950,00 Euro f\u00fcr Sendungen bis 10.000 KG<br \/>1450,00 Euro f\u00fcr Sendungen bis 15.000 KG<\/p>\n<p>[\/et_pb_text][et_pb_text _builder_version=&#8220;4.18.0&#8243; _module_preset=&#8220;default&#8220; global_colors_info=&#8220;{}&#8220; theme_builder_area=&#8220;post_content&#8220;]<\/p>\n<p><b>Versandkosten f\u00fcr Versand in die Schweiz:<\/b><br \/>34,00 Euro f\u00fcr Sendungen bis 10 KG<br \/>40,00 Euro f\u00fcr Sendungen bis 15 KG<br \/>45,00 Euro f\u00fcr Sendungen bis 20 KG<br \/>310,00 Euro f\u00fcr Sendungen bis 200 KG<br \/>380,00 Euro f\u00fcr Sendungen bis 500 KG<br \/>750,00 Euro f\u00fcr Sendungen bis 2000 KG<br \/>800,00 Euro f\u00fcr Sendungen bis 5000 KG<br \/>1300,00 Euro f\u00fcr Sendungen bis 10.000 KG<br \/>1900,00 Euro f\u00fcr Sendungen bis 15.000 KG<\/p>\n<p>[\/et_pb_text][\/et_pb_column][et_pb_column type=&#8220;1_2&#8243; _builder_version=&#8220;4.16&#8243; _module_preset=&#8220;default&#8220; global_colors_info=&#8220;{}&#8220; theme_builder_area=&#8220;post_content&#8220;][et_pb_text _builder_version=&#8220;4.18.0&#8243; _module_preset=&#8220;default&#8220; global_colors_info=&#8220;{}&#8220; theme_builder_area=&#8220;post_content&#8220;]<\/p>\n<p><b>Versandkosten innerhalb der EU:<\/b><br \/>17,00 Euro f\u00fcr Sendungen bis 5 KG<br \/>19,00 Euro f\u00fcr Sendungen bis 10 KG<br \/>22,00 Euro f\u00fcr Sendungen bis 15 KG<br \/>25,00 Euro f\u00fcr Sendungen bis 20 KG<br \/>89,00 Euro f\u00fcr Sendungen bis 50 KG<br \/>99,00 Euro f\u00fcr Sendungen bis 100 KG<br \/>110,00 Euro f\u00fcr Sendungen bis 150 KG<br \/>139,00 Euro f\u00fcr Sendungen bis 200 KG<br \/>205,00 Euro f\u00fcr Sendungen bis 500 KG<br \/>590,00 Euro f\u00fcr Sendungen bis 2000 KG<br \/>650,00 Euro f\u00fcr Sendungen bis 5000 KG<br \/>1100,00 Euro f\u00fcr Sendungen bis 10.000 KG<br \/>1650,00 Euro f\u00fcr Sendungen bis 15.000 KG<\/p>\n<p>[\/et_pb_text][et_pb_text _builder_version=&#8220;4.18.0&#8243; _module_preset=&#8220;default&#8220; hover_enabled=&#8220;0&#8243; global_colors_info=&#8220;{}&#8220; theme_builder_area=&#8220;post_content&#8220; sticky_enabled=&#8220;0&#8243;]<\/p>\n<p><b>Versandkosten f\u00fcr Versand in die T\u00fcrkei bis Zollager Istanbul:<\/b><br \/>380,00 Euro f\u00fcr Sendungen bis 200 KG<br \/>520,00 Euro f\u00fcr Sendungen bis 500 KG<br \/>750,00 Euro f\u00fcr Sendungen bis 2000 KG<\/p>\n<p>[\/et_pb_text][et_pb_text _builder_version=&#8220;4.16&#8243; _module_preset=&#8220;default&#8220; global_colors_info=&#8220;{}&#8220; theme_builder_area=&#8220;post_content&#8220;]Bitte beachten Sie das Verzollungskosten f\u00fcr Lieferungen in die Schweiz und in die T\u00fcrkei bis zur L\u00e4ndergrenze bereits in den Versandkosten enthalten sind.<\/p>\n<p><b>Achtung:<\/b><br \/>\nBei Lieferung in die Schweiz und in die T\u00fcrkei m\u00fcssen Lieferadresse und Rechnungsadresse in der Schweiz\/T\u00fcrkei sein, wenn die Rechnung ohne Steuer ausgestellt werden soll.<br \/>\nEine Ausnahme von dieser Regelung ist leider nicht m\u00f6glich.[\/et_pb_text][\/et_pb_column][\/et_pb_row][\/et_pb_section]<\/p>\n","protected":false},"excerpt":{"rendered":"<p>&nbsp; Auf Grund der Geoblocking &#8211; VO sind wir verpflichtet, Bestellungen europaweit anzunehmen. Wir liefern daher freiwillig auch in alle EU-Staaten, in die T\u00fcrkei und in die Schweiz.Die Lieferung erfolgt dementsprechend im Inland (Deutschland) und in die nachstehenden L\u00e4nder: Belgien, Bulgarien, D\u00e4nemark, Estland, Finnland, Frankreich, Griechenland, Irland, Italien, Kroatien, Lettland, Litauen, Luxemburg, Malta, die Niederlande, [&hellip;]<\/p>\n","protected":false},"author":1,"featured_media":0,"parent":0,"menu_order":0,"comment_status":"closed","ping_status":"closed","template":"","meta":{"_acf_changed":false,"_et_pb_use_builder":"on","_et_pb_old_content":"","_et_gb_content_width":"","footnotes":""},"class_list":["post-16","page","type-page","status-publish","hentry"],"acf":[],"_links":{"self":[{"href":"https:\/\/raumluft24.de\/it\/wp-json\/wp\/v2\/pages\/16","targetHints":{"allow":["GET"]}}],"collection":[{"href":"https:\/\/raumluft24.de\/it\/wp-json\/wp\/v2\/pages"}],"about":[{"href":"https:\/\/raumluft24.de\/it\/wp-json\/wp\/v2\/types\/page"}],"author":[{"embeddable":true,"href":"https:\/\/raumluft24.de\/it\/wp-json\/wp\/v2\/users\/1"}],"replies":[{"embeddable":true,"href":"https:\/\/raumluft24.de\/it\/wp-json\/wp\/v2\/comments?post=16"}],"version-history":[{"count":11,"href":"https:\/\/raumluft24.de\/it\/wp-json\/wp\/v2\/pages\/16\/revisions"}],"predecessor-version":[{"id":6864,"href":"https:\/\/raumluft24.de\/it\/wp-json\/wp\/v2\/pages\/16\/revisions\/6864"}],"wp:attachment":[{"href":"https:\/\/raumluft24.de\/it\/wp-json\/wp\/v2\/media?parent=16"}],"curies":[{"name":"wp","href":"https:\/\/api.w.org\/{rel}","templated":true}]}}