{"id":17,"date":"2021-01-18T00:47:01","date_gmt":"2021-01-17T23:47:01","guid":{"rendered":"https:\/\/raumluft24.de\/bezahlmoeglichkeiten\/"},"modified":"2025-08-01T17:35:00","modified_gmt":"2025-08-01T15:35:00","slug":"opportunita-di-pagamento","status":"publish","type":"page","link":"https:\/\/raumluft24.de\/it\/bezahlmoeglichkeiten\/","title":{"rendered":"Metodi di pagamento"},"content":{"rendered":"<p>[et_pb_section fb_built=&#8220;1&#8243; _builder_version=&#8220;4.16&#8243; _module_preset=&#8220;default&#8220; width=&#8220;100%&#8220; custom_padding=&#8220;0px||0px||false|false&#8220; global_colors_info=&#8220;{}&#8220;][et_pb_row use_custom_gutter=&#8220;on&#8220; gutter_width=&#8220;2&#8243; _builder_version=&#8220;4.16&#8243; _module_preset=&#8220;default&#8220; width=&#8220;100%&#8220; custom_padding=&#8220;1em||0px||false|false&#8220; global_colors_info=&#8220;{}&#8220;][et_pb_column type=&#8220;4_4&#8243; _builder_version=&#8220;4.16&#8243; _module_preset=&#8220;default&#8220; global_colors_info=&#8220;{}&#8220;][et_pb_text _builder_version=&#8220;4.16&#8243; _module_preset=&#8220;default&#8220; global_colors_info=&#8220;{}&#8220;]<div class=\"woocommerce woocommerce-gzd\">\n\t<ul class=\"payment_methods methods\">\n\t\t\t\t\t<li class=\"payment_method_direct_deposit\">\n\t\t\t\t<label>Vorkasse \/ Bank\u00fcberweisung<\/label>\n\t\t\t\t\t\t\t\t\t<div class=\"payment_box payment_method_direct_deposit\">\n\t\t\t\t\t\t<p>\u00dcberweisen Sie den Rechnungsbetrag unter Angabe des Verwendungszwecks direkt an unser Bankkonto. Sobald die Zahlung eingegangen ist, wird Ihre Bestellung abschlie\u00dfend bearbeitet.<\/p>\n\t\t\t\t\t<\/div>\n\t\t\t\t\t\t\t<\/li>\n\t\t\t\t\t<li class=\"payment_method_bacs\">\n\t\t\t\t<label>Vorkasse \/ \u00dcberweisung (1% Skonto)<\/label>\n\t\t\t\t\t\t\t\t\t<div class=\"payment_box payment_method_bacs\">\n\t\t\t\t\t\t<p>\u00dcberweisen Sie direkt an unsere Bankverbindung. Bitte nutzen Sie die Bestellnummer als Verwendungszweck. Ihre Bestellung wird erst nach Geldeingang auf unserem Konto versandt.<\/p>\n\t\t\t\t\t<\/div>\n\t\t\t\t\t\t\t<\/li>\n\t\t\t\t\t<li class=\"payment_method_klarna_payments\">\n\t\t\t\t<label>Klarna<img decoding=\"async\" src=\"https:\/\/raumluft24.de\/wp-content\/plugins\/klarna-payments-for-woocommerce\/assets\/img\/klarna-logo.svg\" alt=\"Klarna\" style=\"max-width:39px\" \/><\/label>\n\t\t\t\t\t\t\t\t\t<div class=\"payment_box payment_method_klarna_payments\">\n\t\t\t\t\t\t<p><\/p>\n\t\t\t\t\t<\/div>\n\t\t\t\t\t\t\t<\/li>\n\t\t\t\t\t<li class=\"payment_method_stripe_cc\">\n\t\t\t\t<label>Kredit- und Debitkarten<span class=\"wc-stripe-card-icons-container\">\n\t        <img decoding=\"async\" class=\"wc-stripe-card-icon amex\" alt=\"Amex\" src=\"https:\/\/raumluft24.de\/wp-content\/plugins\/woo-stripe-payment\/assets\/img\/cards\/amex.svg\" \/>\n\t        <img decoding=\"async\" class=\"wc-stripe-card-icon discover\" alt=\"Discover\" src=\"https:\/\/raumluft24.de\/wp-content\/plugins\/woo-stripe-payment\/assets\/img\/cards\/discover.svg\" \/>\n\t        <img decoding=\"async\" class=\"wc-stripe-card-icon visa\" alt=\"Visa\" src=\"https:\/\/raumluft24.de\/wp-content\/plugins\/woo-stripe-payment\/assets\/img\/cards\/visa.svg\" \/>\n\t        <img decoding=\"async\" class=\"wc-stripe-card-icon mastercard\" alt=\"Mastercard\" src=\"https:\/\/raumluft24.de\/wp-content\/plugins\/woo-stripe-payment\/assets\/img\/cards\/mastercard.svg\" \/>\n\t        <img decoding=\"async\" class=\"wc-stripe-card-icon china_union_pay\" alt=\"China Union Pay\" src=\"https:\/\/raumluft24.de\/wp-content\/plugins\/woo-stripe-payment\/assets\/img\/cards\/china_union_pay.svg\" \/>\n\t        <img decoding=\"async\" class=\"wc-stripe-card-icon jcb\" alt=\"Jcb\" src=\"https:\/\/raumluft24.de\/wp-content\/plugins\/woo-stripe-payment\/assets\/img\/cards\/jcb.svg\" \/>\n\t        <img decoding=\"async\" class=\"wc-stripe-card-icon maestro\" alt=\"Maestro\" src=\"https:\/\/raumluft24.de\/wp-content\/plugins\/woo-stripe-payment\/assets\/img\/cards\/maestro.svg\" \/>\n\t        <img decoding=\"async\" class=\"wc-stripe-card-icon diners\" alt=\"Diners\" src=\"https:\/\/raumluft24.de\/wp-content\/plugins\/woo-stripe-payment\/assets\/img\/cards\/diners.svg\" \/>\n\t<\/span><\/label>\n\t\t\t\t\t\t\t\t\t<div class=\"payment_box payment_method_stripe_cc\">\n\t\t\t\t\t\t<p>Bezahlen Sie Ihre Buchung einfach per Kreditkarte via Stripe.<\/p>\n\t\t\t\t\t<\/div>\n\t\t\t\t\t\t\t<\/li>\n\t\t\t<\/ul>\n<\/div>[\/et_pb_text][et_pb_code _builder_version=&#8220;4.27.4&#8243; _module_preset=&#8220;default&#8220; hover_enabled=&#8220;0&#8243; global_colors_info=&#8220;{}&#8220; sticky_enabled=&#8220;0&#8243;]<script<!-- [et_pb_line_break_holder] -->  async<!-- [et_pb_line_break_holder] -->  src=&#8220;https:\/\/eu-library.klarnaservices.com\/lib.js&#8220;<!-- [et_pb_line_break_holder] -->  data-client-id=&#8220;7395b69f-bb12-5ac0-b052-a9ffcf0b416c&#8220;<!-- [et_pb_line_break_holder] -->><\/script><!-- [et_pb_line_break_holder] --><!-- Placement v2 --><!-- [et_pb_line_break_holder] --><klarna-placement<!-- [et_pb_line_break_holder] -->  data-key=&#8220;footer-promotion-auto-size&#8220;<!-- [et_pb_line_break_holder] -->  data-locale=&#8220;de-DE&#8220;<!-- [et_pb_line_break_holder] -->><\/klarna-placement><!-- [et_pb_line_break_holder] --><!-- end Placement -->[\/et_pb_code][\/et_pb_column][\/et_pb_row][et_pb_row column_structure=&#8220;1_3,1_3,1_3&#8243; use_custom_gutter=&#8220;on&#8220; gutter_width=&#8220;2&#8243; _builder_version=&#8220;4.16&#8243; _module_preset=&#8220;default&#8220; width=&#8220;100%&#8220; global_colors_info=&#8220;{}&#8220;][et_pb_column type=&#8220;1_3&#8243; _builder_version=&#8220;4.16&#8243; _module_preset=&#8220;default&#8220; global_colors_info=&#8220;{}&#8220;][et_pb_text _builder_version=&#8220;4.17.6&#8243; _module_preset=&#8220;default&#8220; global_colors_info=&#8220;{}&#8220;]<b>Ratenkauf<\/b><br \/>\nEntscheiden Sie sich direkt am Checkout bei den Zahlungsarten f\u00fcr den Klarna Ratenkauf. So k\u00f6nnen Sie heute einkaufen und Ihre Kosten in feste oder flexible Raten bis zu 24 Monate aufteilen. Mit der <a target=\"_blank\" class=\"link\" href=\"https:\/\/www.klarna.com\/de\/klarna-app\/\" rel=\"nofollow noopener\">Klarna App<\/a> behalten Sie immer die volle Kontrolle und \u00dcbersicht \u00fcber Ihre Zahlungen.[\/et_pb_text][\/et_pb_column][et_pb_column type=&#8220;1_3&#8243; _builder_version=&#8220;4.16&#8243; _module_preset=&#8220;default&#8220; global_colors_info=&#8220;{}&#8220;][et_pb_text _builder_version=&#8220;4.16&#8243; _module_preset=&#8220;default&#8220; global_colors_info=&#8220;{}&#8220;]<\/p>\n<p><b>Rechnung<\/b><br \/>Bezahlen Sie nur, was Ihnen auch wirklich gef\u00e4llt: Erhalten Sie erst Ihre Bestellung und entscheiden Sie dann, was Sie behalten m\u00f6chten. Wenn Ihnen eine Bestellung gef\u00e4llt, k\u00f6nnen Sie sie einfach sp\u00e4ter in 14 Tagen bezahlen.<\/p>\n<p>[\/et_pb_text][\/et_pb_column][et_pb_column type=&#8220;1_3&#8243; _builder_version=&#8220;4.16&#8243; _module_preset=&#8220;default&#8220; global_colors_info=&#8220;{}&#8220;][et_pb_text _builder_version=&#8220;4.16&#8243; _module_preset=&#8220;default&#8220; global_colors_info=&#8220;{}&#8220;]<\/p>\n<p><b>Sofort bezahlen<\/b><br \/>Bezahlen Sie direkt mit Ihrer Karte oder Ihrem Bankkonto. Ohne Registrierung. Schnell, sicher und einfach.<\/p>\n<p>[\/et_pb_text][\/et_pb_column][\/et_pb_row][\/et_pb_section]<\/p>\n","protected":false},"excerpt":{"rendered":"<p><div class=\"woocommerce woocommerce-gzd\">\n\t<ul class=\"payment_methods methods\">\n\t\t\t\t\t<li class=\"payment_method_direct_deposit\">\n\t\t\t\t<label>Vorkasse \/ Bank\u00fcberweisung<\/label>\n\t\t\t\t\t\t\t\t\t<div class=\"payment_box payment_method_direct_deposit\">\n\t\t\t\t\t\t<p>\u00dcberweisen Sie den Rechnungsbetrag unter Angabe des Verwendungszwecks direkt an unser Bankkonto. Sobald die Zahlung eingegangen ist, wird Ihre Bestellung abschlie\u00dfend bearbeitet.<\/p>\n\t\t\t\t\t<\/div>\n\t\t\t\t\t\t\t<\/li>\n\t\t\t\t\t<li class=\"payment_method_bacs\">\n\t\t\t\t<label>Vorkasse \/ \u00dcberweisung (1% Skonto)<\/label>\n\t\t\t\t\t\t\t\t\t<div class=\"payment_box payment_method_bacs\">\n\t\t\t\t\t\t<p>\u00dcberweisen Sie direkt an unsere Bankverbindung. Bitte nutzen Sie die Bestellnummer als Verwendungszweck. Ihre Bestellung wird erst nach Geldeingang auf unserem Konto versandt.<\/p>\n\t\t\t\t\t<\/div>\n\t\t\t\t\t\t\t<\/li>\n\t\t\t\t\t<li class=\"payment_method_klarna_payments\">\n\t\t\t\t<label>Klarna<img decoding=\"async\" src=\"https:\/\/raumluft24.de\/wp-content\/plugins\/klarna-payments-for-woocommerce\/assets\/img\/klarna-logo.svg\" alt=\"Klarna\" style=\"max-width:39px\" \/><\/label>\n\t\t\t\t\t\t\t\t\t<div class=\"payment_box payment_method_klarna_payments\">\n\t\t\t\t\t\t<p><\/p>\n\t\t\t\t\t<\/div>\n\t\t\t\t\t\t\t<\/li>\n\t\t\t\t\t<li class=\"payment_method_stripe_cc\">\n\t\t\t\t<label>Kredit- und Debitkarten<span class=\"wc-stripe-card-icons-container\">\n\t        <img decoding=\"async\" class=\"wc-stripe-card-icon amex\" alt=\"Amex\" src=\"https:\/\/raumluft24.de\/wp-content\/plugins\/woo-stripe-payment\/assets\/img\/cards\/amex.svg\" \/>\n\t        <img decoding=\"async\" class=\"wc-stripe-card-icon discover\" alt=\"Discover\" src=\"https:\/\/raumluft24.de\/wp-content\/plugins\/woo-stripe-payment\/assets\/img\/cards\/discover.svg\" \/>\n\t        <img decoding=\"async\" class=\"wc-stripe-card-icon visa\" alt=\"Visa\" src=\"https:\/\/raumluft24.de\/wp-content\/plugins\/woo-stripe-payment\/assets\/img\/cards\/visa.svg\" \/>\n\t        <img decoding=\"async\" class=\"wc-stripe-card-icon mastercard\" alt=\"Mastercard\" src=\"https:\/\/raumluft24.de\/wp-content\/plugins\/woo-stripe-payment\/assets\/img\/cards\/mastercard.svg\" \/>\n\t        <img decoding=\"async\" class=\"wc-stripe-card-icon china_union_pay\" alt=\"China Union Pay\" src=\"https:\/\/raumluft24.de\/wp-content\/plugins\/woo-stripe-payment\/assets\/img\/cards\/china_union_pay.svg\" \/>\n\t        <img decoding=\"async\" class=\"wc-stripe-card-icon jcb\" alt=\"Jcb\" src=\"https:\/\/raumluft24.de\/wp-content\/plugins\/woo-stripe-payment\/assets\/img\/cards\/jcb.svg\" \/>\n\t        <img decoding=\"async\" class=\"wc-stripe-card-icon maestro\" alt=\"Maestro\" src=\"https:\/\/raumluft24.de\/wp-content\/plugins\/woo-stripe-payment\/assets\/img\/cards\/maestro.svg\" \/>\n\t        <img decoding=\"async\" class=\"wc-stripe-card-icon diners\" alt=\"Diners\" src=\"https:\/\/raumluft24.de\/wp-content\/plugins\/woo-stripe-payment\/assets\/img\/cards\/diners.svg\" \/>\n\t<\/span><\/label>\n\t\t\t\t\t\t\t\t\t<div class=\"payment_box payment_method_stripe_cc\">\n\t\t\t\t\t\t<p>Bezahlen Sie Ihre Buchung einfach per Kreditkarte via Stripe.<\/p>\n\t\t\t\t\t<\/div>\n\t\t\t\t\t\t\t<\/li>\n\t\t\t<\/ul>\n<\/div>Ratenkauf Entscheiden Sie sich direkt am Checkout bei den Zahlungsarten f\u00fcr den Klarna Ratenkauf. So k\u00f6nnen Sie heute einkaufen und Ihre Kosten in feste oder flexible Raten bis zu 24 Monate aufteilen. Mit der Klarna App behalten Sie immer die volle Kontrolle und \u00dcbersicht \u00fcber Ihre Zahlungen.RechnungBezahlen Sie nur, was Ihnen auch wirklich gef\u00e4llt: Erhalten [&hellip;]<\/p>\n","protected":false},"author":1,"featured_media":0,"parent":0,"menu_order":0,"comment_status":"closed","ping_status":"closed","template":"","meta":{"_acf_changed":false,"_et_pb_use_builder":"on","_et_pb_old_content":"","_et_gb_content_width":"","footnotes":""},"class_list":["post-17","page","type-page","status-publish","hentry"],"acf":[],"_links":{"self":[{"href":"https:\/\/raumluft24.de\/it\/wp-json\/wp\/v2\/pages\/17","targetHints":{"allow":["GET"]}}],"collection":[{"href":"https:\/\/raumluft24.de\/it\/wp-json\/wp\/v2\/pages"}],"about":[{"href":"https:\/\/raumluft24.de\/it\/wp-json\/wp\/v2\/types\/page"}],"author":[{"embeddable":true,"href":"https:\/\/raumluft24.de\/it\/wp-json\/wp\/v2\/users\/1"}],"replies":[{"embeddable":true,"href":"https:\/\/raumluft24.de\/it\/wp-json\/wp\/v2\/comments?post=17"}],"version-history":[{"count":10,"href":"https:\/\/raumluft24.de\/it\/wp-json\/wp\/v2\/pages\/17\/revisions"}],"predecessor-version":[{"id":10150,"href":"https:\/\/raumluft24.de\/it\/wp-json\/wp\/v2\/pages\/17\/revisions\/10150"}],"wp:attachment":[{"href":"https:\/\/raumluft24.de\/it\/wp-json\/wp\/v2\/media?parent=17"}],"curies":[{"name":"wp","href":"https:\/\/api.w.org\/{rel}","templated":true}]}}