{"id":10975,"date":"2026-05-12T09:15:27","date_gmt":"2026-05-12T07:15:27","guid":{"rendered":"https:\/\/raumluft24.de\/?post_type=product&#038;p=10975"},"modified":"2026-05-15T14:35:32","modified_gmt":"2026-05-15T12:35:32","slug":"klimaanlage-siena-mini-inhp09","status":"publish","type":"product","link":"https:\/\/raumluft24.de\/it\/produkt\/klimaanlage-siena-mini-inhp09\/","title":{"rendered":"Klimaanlage Siena Mini INHP09"},"content":{"rendered":"<p>Il nostro modello inverter salvaspazio (con tecnologia inverter e una larghezza ridotta di soli 81 cm e controllo WiFi) - l'ulteriore sviluppo della serie di condizionatori d'aria a parete con un alloggiamento in acciaio inox verniciato.<\/p>\n<p>Mit einem sehr niedrigen Ger\u00e4uschpegel von nur 27 Dezibel und einer geringen Geh\u00e4usetiefe von nur 16,5 cm ist das neue Design Monoblock Wand-Klimager\u00e4t Siena Mini INHP09 ein Blickfang f\u00fcr Ihre R\u00e4ume mit komfortabler Wlan Steuerung. Unsere neue Monoblockwandklimaanlage ohne Au\u00dfenger\u00e4t mit K\u00fchlleistung bis 8\u00b0C!<\/p>\n<div id=\"attachment_1545\" style=\"width: 420px\" class=\"wp-caption alignright\"><img decoding=\"async\" aria-describedby=\"caption-attachment-1545\" class=\"wp-image-1545\" src=\"https:\/\/raumluft24.de\/wp-content\/uploads\/2021\/03\/6018-capri-mini-1024x1024.jpg\" alt=\"\" width=\"410\" height=\"410\" \/><p id=\"caption-attachment-1545\" class=\"wp-caption-text\">Con una larghezza di soli 81 cm, \u00c3\u00a8 particolarmente salvaspazio, ma estremamente potente!<\/p><\/div>\n<p>Il condizionatore d'aria \u00c3\u00a8 adatto a stanze di dimensioni fino a 30 m\u00b2.<\/p>\n<p>Un altro punto di forza di questo condizionatore di nuova concezione \u00c3\u00a8 che le alette di copertura esterne si chiudono automaticamente quando il condizionatore non \u00c3\u00a8 in funzione.<\/p>\n<p>Questo condizionatore combina aria condizionata e riscaldamento in un'unica unit\u00c3\u00a0. Inoltre, i nostri condizionatori non richiedono pi\u00c3\u00b9 un'unit\u00c3\u00a0 esterna di disturbo sulla facciata dell'edificio.<\/p>\n<p>State acquistando un condizionatore d'aria di ultima generazione, estremamente silenzioso e di alta qualit\u00c3\u00a0, dal design accattivante e chic, di colore bianco puro.<\/p>\n<p>I nostri condizionatori d'aria sono sviluppati e prodotti in Europa e si distinguono per l'alta qualit\u00c3\u00a0, il funzionamento molto silenzioso e il basso consumo energetico.<\/p>\n<p>I condizionatori possono essere controllati tramite il telecomando in dotazione. Inoltre, il condizionatore \u00c3\u00a8 dotato di un display touch, il che significa che pu\u00c3\u00b2 essere utilizzato in qualsiasi momento senza telecomando.<\/p>\n<p>La funzione di deumidificazione consente di impostare il condizionatore multifunzione in modalit\u00c3\u00a0 \"solo\" deumidificazione.<\/p>\n<p>Un punto di forza assoluto \u00c3\u00a8 la possibilit\u00c3\u00a0 di installare il condizionatore sia all'altezza dei piedi sia all'altezza della testa. In questo modo \u00c3\u00a8 possibile climatizzare l'ambiente praticamente a qualsiasi altezza di installazione.<\/p>\n<p>Il condizionatore \u00c3\u00a8 caratterizzato da un rumore di funzionamento molto silenzioso, pari a soli 27 decibel. Questo lo rende perfetto per l'uso in soggiorno e in camera da letto.<\/p>\n<p>Questo moderno condizionatore assicura la vostra indipendenza dalle temperature esterne.<\/p>\n<p>Portate una ventata di aria fresca in casa vostra.<\/p>\n<p>I condizionatori d'aria non devono essere installati in stanze o bagni umidi.<\/p>","protected":false},"excerpt":{"rendered":"<p>Das platzsparende Invertermodell f\u00fcr sehr kleine R\u00e4ume wie z.B. Kinderzimmer, kleine B\u00fcros oder Schlafzimmer und einer K\u00fchlleistung bis 8\u00b0C<\/p>","protected":false},"featured_media":147,"template":"","meta":{"_acf_changed":false,"_et_pb_use_builder":"","_et_pb_old_content":"","_et_gb_content_width":""},"product_brand":[],"product_cat":[91,15],"product_tag":[139],"class_list":{"0":"post-10975","1":"product","2":"type-product","3":"status-publish","4":"has-post-thumbnail","6":"product_cat-horizontal","7":"product_cat-klimaanlagen","8":"product_tag-b2c-erlaubt","10":"first","11":"instock","12":"taxable","13":"shipping-taxable","14":"purchasable","15":"product-type-simple"},"acf":[],"_links":{"self":[{"href":"https:\/\/raumluft24.de\/it\/wp-json\/wp\/v2\/product\/10975","targetHints":{"allow":["GET"]}}],"collection":[{"href":"https:\/\/raumluft24.de\/it\/wp-json\/wp\/v2\/product"}],"about":[{"href":"https:\/\/raumluft24.de\/it\/wp-json\/wp\/v2\/types\/product"}],"wp:featuredmedia":[{"embeddable":true,"href":"https:\/\/raumluft24.de\/it\/wp-json\/wp\/v2\/media\/147"}],"wp:attachment":[{"href":"https:\/\/raumluft24.de\/it\/wp-json\/wp\/v2\/media?parent=10975"}],"wp:term":[{"taxonomy":"product_brand","embeddable":true,"href":"https:\/\/raumluft24.de\/it\/wp-json\/wp\/v2\/product_brand?post=10975"},{"taxonomy":"product_cat","embeddable":true,"href":"https:\/\/raumluft24.de\/it\/wp-json\/wp\/v2\/product_cat?post=10975"},{"taxonomy":"product_tag","embeddable":true,"href":"https:\/\/raumluft24.de\/it\/wp-json\/wp\/v2\/product_tag?post=10975"}],"curies":[{"name":"wp","href":"https:\/\/api.w.org\/{rel}","templated":true}]}}