{"id":10984,"date":"2026-05-12T14:36:10","date_gmt":"2026-05-12T12:36:10","guid":{"rendered":"https:\/\/raumluft24.de\/?post_type=product&#038;p=10984"},"modified":"2026-05-15T16:24:34","modified_gmt":"2026-05-15T14:24:34","slug":"klimaanlage-catania-vertikal-inhp15-elecpie","status":"publish","type":"product","link":"https:\/\/raumluft24.de\/it\/produkt\/klimaanlage-catania-vertikal-inhp15-elecpie\/","title":{"rendered":"Klimaanlage Catania Vertikal INHP15ELEC"},"content":{"rendered":"<p>Il nostro potente modello premium con modulo WLAN e controllo APP - l'ulteriore sviluppo dei climatizzatori a parete con un alloggiamento in acciaio inox verniciato.<\/p>\n<p>Mit einem sehr niedrigen Ger\u00e4uschpegel von nur 29 Dezibel und einer geringen Geh\u00e4usetiefe von nur 20,5 cm ist das neue Design Monoblock Wand-Klimager\u00e4t Catania Vertical INHP15 ELEC ein Blickfang f\u00fcr Ihre R\u00e4ume.<\/p>\n<p>Il condizionatore \u00c3\u00a8 adatto a stanze di dimensioni fino a 60 m\u00b2.<\/p>\n<p>Un altro punto di forza di questo condizionatore di nuova concezione \u00c3\u00a8 che le alette di copertura esterne si chiudono automaticamente quando il condizionatore non \u00c3\u00a8 in funzione.<\/p>\n<p>Questo condizionatore combina aria condizionata e riscaldamento in un'unica unit\u00c3\u00a0. Inoltre, i nostri condizionatori non richiedono pi\u00c3\u00b9 un'unit\u00c3\u00a0 esterna di disturbo sulla facciata dell'edificio.<\/p>\n<p>State acquistando un condizionatore d'aria di ultima generazione, estremamente silenzioso e di alta qualit\u00c3\u00a0, dal design accattivante e chic, di colore bianco puro.<\/p>\n<p>I nostri condizionatori d'aria sono sviluppati e prodotti in Europa e si distinguono per l'alta qualit\u00c3\u00a0, il funzionamento molto silenzioso e il basso consumo energetico.<\/p>\n<p>I condizionatori possono essere controllati tramite il telecomando in dotazione. Inoltre, il condizionatore \u00c3\u00a8 dotato di un display touch, il che significa che pu\u00c3\u00b2 essere utilizzato in qualsiasi momento senza telecomando. \u00c3\u02c6 inoltre possibile accedere, impostare o modificare tutte le funzioni tramite il proprio dispositivo mobile (tablet o smartphone).<\/p>\n<p>La funzione di deumidificazione consente di impostare il condizionatore multifunzione in modalit\u00c3\u00a0 \"solo\" deumidificazione.<\/p>\n<p>Das Klimager\u00e4t zeichnet sich durch ein sehr leises Betriebsger\u00e4usch von nur 29 Dezibel aus. Somit kann es perfekt in Wohn- und gewerlichen R\u00e4umen eingesetzt werden.<\/p>\n<p>Questo moderno condizionatore assicura la vostra indipendenza dalle temperature esterne.<\/p>\n<p><strong>Si noti quanto segue:<\/strong><br \/>\nQuesto condizionatore d'aria pu\u00c3\u00b2 essere installato solo all'altezza dei piedi. Non \u00c3\u00a8 possibile installare questo condizionatore d'aria vicino al soffitto. Si tratta di un modello commerciale che non pu\u00c3\u00b2 essere fornito ai consumatori privati. I consumatori privati interessati a questo condizionatore d'aria devono contattarci telefonicamente. \u00c3\u02c6 possibile ordinare questo modello, compresa l'installazione professionale, tramite un'impresa artigiana della sua zona.<\/p>\n<p>I condizionatori d'aria non devono essere installati in stanze o bagni umidi.<\/p>","protected":false},"excerpt":{"rendered":"<p>Il modello commerciale premium<br \/>\n-Kann einen Heizk\u00f6rper ersetzen-<\/p>","protected":false},"featured_media":11015,"template":"","meta":{"_acf_changed":false,"_et_pb_use_builder":"","_et_pb_old_content":"","_et_gb_content_width":""},"product_brand":[],"product_cat":[15,90],"product_tag":[],"class_list":{"0":"post-10984","1":"product","2":"type-product","3":"status-publish","4":"has-post-thumbnail","6":"product_cat-klimaanlagen","7":"product_cat-vertikal","9":"first","10":"instock","11":"taxable","12":"shipping-taxable","13":"purchasable","14":"product-type-simple"},"acf":[],"_links":{"self":[{"href":"https:\/\/raumluft24.de\/it\/wp-json\/wp\/v2\/product\/10984","targetHints":{"allow":["GET"]}}],"collection":[{"href":"https:\/\/raumluft24.de\/it\/wp-json\/wp\/v2\/product"}],"about":[{"href":"https:\/\/raumluft24.de\/it\/wp-json\/wp\/v2\/types\/product"}],"wp:featuredmedia":[{"embeddable":true,"href":"https:\/\/raumluft24.de\/it\/wp-json\/wp\/v2\/media\/11015"}],"wp:attachment":[{"href":"https:\/\/raumluft24.de\/it\/wp-json\/wp\/v2\/media?parent=10984"}],"wp:term":[{"taxonomy":"product_brand","embeddable":true,"href":"https:\/\/raumluft24.de\/it\/wp-json\/wp\/v2\/product_brand?post=10984"},{"taxonomy":"product_cat","embeddable":true,"href":"https:\/\/raumluft24.de\/it\/wp-json\/wp\/v2\/product_cat?post=10984"},{"taxonomy":"product_tag","embeddable":true,"href":"https:\/\/raumluft24.de\/it\/wp-json\/wp\/v2\/product_tag?post=10984"}],"curies":[{"name":"wp","href":"https:\/\/api.w.org\/{rel}","templated":true}]}}