{"id":1403,"date":"2021-02-27T15:50:25","date_gmt":"2021-02-27T14:50:25","guid":{"rendered":"https:\/\/raumluft24.de\/?post_type=product&#038;p=1403"},"modified":"2026-01-14T18:52:47","modified_gmt":"2026-01-14T17:52:47","slug":"condizionatore-daria-linato-verticale-inhp10_commerciale","status":"publish","type":"product","link":"https:\/\/raumluft24.de\/it\/produkt\/klimaanlage-linate-vertical-inhp10_gewerbe\/","title":{"rendered":"Klimaanlage Linate Vertikal INHP10"},"content":{"rendered":"<p>Il nostro modello commerciale silenzioso e solido con modulo WLAN e controllo APP - l'ulteriore sviluppo dei condizionatori d'aria a parete con un alloggiamento in acciaio inox verniciato.<\/p>\n<p>Con un livello di rumorosit\u00e0 molto basso, pari a soli 26 decibel, e una profondit\u00e0 dell'alloggiamento di soli 16,5 cm, il nuovo condizionatore monoblocco a parete Linate Vertical INHP10 design \u00e8 un'attrazione per i suoi ambienti.<\/p>\n<p>Il condizionatore d'aria \u00c3\u00a8 adatto a stanze di dimensioni fino a 50 m\u00b2.<\/p>\n<p>Un altro punto di forza di questo condizionatore di nuova concezione \u00c3\u00a8 che le alette di copertura esterne si chiudono automaticamente quando il condizionatore non \u00c3\u00a8 in funzione.<\/p>\n<p>Questo condizionatore combina aria condizionata e riscaldamento in un'unica unit\u00c3\u00a0. Inoltre, i nostri condizionatori non richiedono pi\u00c3\u00b9 un'unit\u00c3\u00a0 esterna di disturbo sulla facciata dell'edificio.<\/p>\n<p>State acquistando un condizionatore d'aria di ultima generazione, estremamente silenzioso e di alta qualit\u00c3\u00a0, dal design accattivante e chic, di colore bianco puro.<\/p>\n<p>I nostri condizionatori d'aria sono sviluppati e prodotti in Europa e si distinguono per l'alta qualit\u00c3\u00a0, il funzionamento molto silenzioso e il basso consumo energetico.<\/p>\n<p>I condizionatori possono essere controllati tramite il telecomando in dotazione. Inoltre, il condizionatore \u00c3\u00a8 dotato di un display touch, il che significa che pu\u00c3\u00b2 essere utilizzato in qualsiasi momento senza telecomando. \u00c3\u02c6 inoltre possibile accedere, impostare o modificare tutte le funzioni tramite il proprio dispositivo mobile (tablet o smartphone).<\/p>\n<p>La funzione di deumidificazione consente di impostare il condizionatore multifunzione in modalit\u00c3\u00a0 \"solo\" deumidificazione.<\/p>\n<p>Il condizionatore d'aria \u00c3\u00a8 caratterizzato da un rumore di funzionamento molto silenzioso, pari a soli 26 decibel. Questo lo rende perfetto per l'uso in salotti e camere da letto.<\/p>\n<p>Questo moderno condizionatore assicura la vostra indipendenza dalle temperature esterne.<\/p>\n<p><strong>Si noti quanto segue:<\/strong><br \/>\nQuesto condizionatore d'aria pu\u00c3\u00b2 essere installato solo all'altezza dei piedi. Non \u00c3\u00a8 possibile installare questo condizionatore d'aria vicino al soffitto.<\/p>\n<p>Si tratta di un modello commerciale che non pu\u00c3\u00b2 essere fornito ai consumatori privati. I consumatori privati interessati a questo condizionatore d'aria devono contattarci telefonicamente. \u00c3\u02c6 possibile ordinare questo modello, compresa l'installazione professionale, tramite un'impresa artigiana della sua zona.<\/p>","protected":false},"excerpt":{"rendered":"<p>Il solido modello commerciale<\/p>","protected":false},"featured_media":271,"template":"","meta":{"_acf_changed":false,"_et_pb_use_builder":"","_et_pb_old_content":"","_et_gb_content_width":""},"product_brand":[],"product_cat":[113],"product_tag":[],"class_list":{"0":"post-1403","1":"product","2":"type-product","3":"status-publish","4":"has-post-thumbnail","6":"product_cat-haendlershop","8":"first","9":"instock","10":"taxable","11":"shipping-taxable","12":"product-type-simple"},"acf":[],"_links":{"self":[{"href":"https:\/\/raumluft24.de\/it\/wp-json\/wp\/v2\/product\/1403","targetHints":{"allow":["GET"]}}],"collection":[{"href":"https:\/\/raumluft24.de\/it\/wp-json\/wp\/v2\/product"}],"about":[{"href":"https:\/\/raumluft24.de\/it\/wp-json\/wp\/v2\/types\/product"}],"wp:featuredmedia":[{"embeddable":true,"href":"https:\/\/raumluft24.de\/it\/wp-json\/wp\/v2\/media\/271"}],"wp:attachment":[{"href":"https:\/\/raumluft24.de\/it\/wp-json\/wp\/v2\/media?parent=1403"}],"wp:term":[{"taxonomy":"product_brand","embeddable":true,"href":"https:\/\/raumluft24.de\/it\/wp-json\/wp\/v2\/product_brand?post=1403"},{"taxonomy":"product_cat","embeddable":true,"href":"https:\/\/raumluft24.de\/it\/wp-json\/wp\/v2\/product_cat?post=1403"},{"taxonomy":"product_tag","embeddable":true,"href":"https:\/\/raumluft24.de\/it\/wp-json\/wp\/v2\/product_tag?post=1403"}],"curies":[{"name":"wp","href":"https:\/\/api.w.org\/{rel}","templated":true}]}}