{"id":6520,"date":"2023-02-15T14:27:51","date_gmt":"2023-02-15T13:27:51","guid":{"rendered":"https:\/\/raumluft24.de\/?post_type=product&#038;p=6520"},"modified":"2026-01-14T18:58:31","modified_gmt":"2026-01-14T17:58:31","slug":"condizionatore-daria-roma-inhp12elec-2","status":"publish","type":"product","link":"https:\/\/raumluft24.de\/it\/produkt\/klimaanlage-bologna-inhp12elec\/","title":{"rendered":"Pompa di calore a sorgente d'aria Bologna INHP12ELEC"},"content":{"rendered":"<p>Il nostro modello inverter estremamente silenzioso e potente con modulo WLAN e controllo APP per ambienti di grandi dimensioni - l'ulteriore sviluppo dei climatizzatori a parete con un alloggiamento in acciaio inox verniciato.<\/p>\n<p>Questo condizionatore d'aria \u00e8 caratterizzato da una potente potenza di riscaldamento anche a temperature esterne molto basse ed \u00e8 adatto anche come unica fonte di riscaldamento per ambienti fino a un massimo di 60 m\u00b2.<\/p>\n<p>Con un livello di rumorosit\u00e0 molto basso, pari a soli 27 decibel, e una profondit\u00e0 dell'alloggiamento di soli 16,5 cm, il nuovo condizionatore monoblocco a parete di design Bologna INHP12ELEC \u00e8 un vero e proprio richiamo per i suoi ambienti.<\/p>\n<p>Il condizionatore \u00c3\u00a8 adatto a stanze di dimensioni fino a 60 m\u00b2.<\/p>\n<p>Un altro punto di forza di questo condizionatore di nuova concezione \u00c3\u00a8 che le alette di copertura esterne si chiudono automaticamente quando il condizionatore non \u00c3\u00a8 in funzione.<\/p>\n<p>Questo condizionatore combina aria condizionata e riscaldamento in un'unica unit\u00c3\u00a0. Inoltre, i nostri condizionatori non richiedono pi\u00c3\u00b9 un'unit\u00c3\u00a0 esterna di disturbo sulla facciata dell'edificio.<\/p>\n<p>State acquistando un condizionatore d'aria di ultima generazione, estremamente silenzioso e di alta qualit\u00c3\u00a0, dal design accattivante e chic, di colore bianco puro.<\/p>\n<p>I nostri condizionatori d'aria sono sviluppati e prodotti in Europa e si distinguono per l'alta qualit\u00c3\u00a0, il funzionamento molto silenzioso e il basso consumo energetico.<\/p>\n<p>I condizionatori possono essere controllati tramite il telecomando in dotazione. Inoltre, il condizionatore \u00c3\u00a8 dotato di un display touch, il che significa che pu\u00c3\u00b2 essere utilizzato in qualsiasi momento senza telecomando. \u00c3\u02c6 inoltre possibile accedere, impostare o modificare tutte le funzioni tramite il proprio dispositivo mobile (tablet o smartphone).<\/p>\n<p>La funzione di deumidificazione consente di impostare il condizionatore multifunzione in modalit\u00c3\u00a0 \"solo\" deumidificazione.<\/p>\n<p>Un punto di forza assoluto \u00c3\u00a8 la possibilit\u00c3\u00a0 di installare il condizionatore sia all'altezza dei piedi sia all'altezza della testa. In questo modo \u00c3\u00a8 possibile climatizzare l'ambiente praticamente a qualsiasi altezza di installazione.<\/p>\n<p>Il condizionatore \u00c3\u00a8 caratterizzato da un rumore di funzionamento molto silenzioso, pari a soli 27 decibel. Questo lo rende perfetto per l'uso in soggiorno e in camera da letto.<\/p>\n<p>Questo moderno condizionatore assicura la vostra indipendenza dalle temperature esterne.<\/p>\n<p>Porta una ventata di aria fresca nella sua casa e risparmia i costi iniziali di una fonte di riscaldamento aggiuntiva.<\/p>\n<p>I condizionatori d'aria non devono essere installati in stanze o bagni umidi.<\/p>","protected":false},"excerpt":{"rendered":"<p>Il potente sistema di climatizzazione con tecnologia inverter fino a 60m\u00b2 - pu\u00f2 sostituire un radiatore<\/p>","protected":false},"featured_media":147,"template":"","meta":{"_acf_changed":false,"_et_pb_use_builder":"","_et_pb_old_content":"","_et_gb_content_width":""},"product_brand":[],"product_cat":[91,15],"product_tag":[139],"class_list":{"0":"post-6520","1":"product","2":"type-product","3":"status-publish","4":"has-post-thumbnail","6":"product_cat-horizontal","7":"product_cat-klimaanlagen","8":"product_tag-b2c-erlaubt","10":"first","11":"instock","12":"featured","13":"taxable","14":"shipping-taxable","15":"purchasable","16":"product-type-simple"},"acf":[],"_links":{"self":[{"href":"https:\/\/raumluft24.de\/it\/wp-json\/wp\/v2\/product\/6520","targetHints":{"allow":["GET"]}}],"collection":[{"href":"https:\/\/raumluft24.de\/it\/wp-json\/wp\/v2\/product"}],"about":[{"href":"https:\/\/raumluft24.de\/it\/wp-json\/wp\/v2\/types\/product"}],"wp:featuredmedia":[{"embeddable":true,"href":"https:\/\/raumluft24.de\/it\/wp-json\/wp\/v2\/media\/147"}],"wp:attachment":[{"href":"https:\/\/raumluft24.de\/it\/wp-json\/wp\/v2\/media?parent=6520"}],"wp:term":[{"taxonomy":"product_brand","embeddable":true,"href":"https:\/\/raumluft24.de\/it\/wp-json\/wp\/v2\/product_brand?post=6520"},{"taxonomy":"product_cat","embeddable":true,"href":"https:\/\/raumluft24.de\/it\/wp-json\/wp\/v2\/product_cat?post=6520"},{"taxonomy":"product_tag","embeddable":true,"href":"https:\/\/raumluft24.de\/it\/wp-json\/wp\/v2\/product_tag?post=6520"}],"curies":[{"name":"wp","href":"https:\/\/api.w.org\/{rel}","templated":true}]}}