{"id":8174,"date":"2024-03-27T09:16:23","date_gmt":"2024-03-27T08:16:23","guid":{"rendered":"https:\/\/raumluft24.de\/?post_type=product&#038;p=8174"},"modified":"2025-10-08T10:48:18","modified_gmt":"2025-10-08T08:48:18","slug":"condizionatore-daria-florence-inhp15-3","status":"publish","type":"product","link":"https:\/\/raumluft24.de\/it\/produkt\/luftwaermepumpe-neapel-inhp15elec-kopie\/","title":{"rendered":"Pompa di calore a sorgente d'aria Napoli INHP15ELEC"},"content":{"rendered":"<p>Il nostro modello inverter estremamente silenzioso e potente, con modulo WLAN e controllo APP, per ambienti molto grandi. Il nostro primo condizionatore d'aria monoblocco a parete con refrigerante R32.<\/p>\n<p>Questo condizionatore d'aria \u00e8 caratterizzato da una potente potenza di riscaldamento anche a temperature esterne molto basse ed \u00e8 adatto anche come unica fonte di riscaldamento per ambienti fino a un massimo di 80 m\u00b2.<\/p>\n<p>Con un livello di rumorosit\u00e0 molto basso, pari a soli 29 decibel, e una profondit\u00e0 dell'alloggiamento di soli 16,5 cm, il nuovo condizionatore monoblocco a parete di design NEAPEL INHP15ELEC da 2 KW \u00e8 un'attrazione per i suoi ambienti.<\/p>\n<p>Un altro punto di forza di questo condizionatore di nuova concezione \u00c3\u00a8 che le alette di copertura esterne si chiudono automaticamente quando il condizionatore non \u00c3\u00a8 in funzione.<\/p>\n<p>Questo condizionatore combina aria condizionata e riscaldamento in un'unica unit\u00c3\u00a0. Inoltre, i nostri condizionatori non richiedono pi\u00c3\u00b9 un'unit\u00c3\u00a0 esterna di disturbo sulla facciata dell'edificio.<\/p>\n<p>State acquistando un condizionatore d'aria di ultima generazione, estremamente silenzioso e di alta qualit\u00c3\u00a0, dal design accattivante e chic, di colore bianco puro.<\/p>\n<p>I nostri condizionatori d'aria sono sviluppati e prodotti in Europa e si distinguono per l'alta qualit\u00c3\u00a0, il funzionamento molto silenzioso e il basso consumo energetico.<\/p>\n<p>I condizionatori possono essere controllati tramite il telecomando in dotazione. Inoltre, il condizionatore \u00c3\u00a8 dotato di un display touch, il che significa che pu\u00c3\u00b2 essere utilizzato in qualsiasi momento senza telecomando. \u00c3\u02c6 inoltre possibile accedere, impostare o modificare tutte le funzioni tramite il proprio dispositivo mobile (tablet o smartphone).<\/p>\n<p>La funzione di deumidificazione consente di impostare il condizionatore multifunzione in modalit\u00c3\u00a0 \"solo\" deumidificazione.<br \/>\nUn punto di forza assoluto \u00c3\u00a8 la possibilit\u00c3\u00a0 di installare il condizionatore sia all'altezza dei piedi sia all'altezza della testa. In questo modo \u00c3\u00a8 possibile climatizzare l'ambiente praticamente a qualsiasi altezza di installazione.<br \/>\nIl condizionatore \u00c3\u00a8 caratterizzato da un rumore di funzionamento molto silenzioso, pari a soli 29 decibel. Questo lo rende perfetto per l'uso in soggiorno e in camera da letto.<\/p>\n<p>Questo moderno condizionatore assicura la vostra indipendenza dalle temperature esterne.<\/p>\n<p>Porta una ventata di aria fresca nella sua casa e risparmia i costi iniziali di una fonte di riscaldamento aggiuntiva.<\/p>\n<p>I condizionatori d'aria non devono essere installati in stanze o bagni umidi.<\/p>","protected":false},"excerpt":{"rendered":"<p>Das Winter-Powermodell f\u00fcr gro\u00dfe R\u00e4ume und Gewerbeobjekte bis 80m\u00b2 &#8211; Kann einen Heizk\u00f6rper ersetzen<\/p>","protected":false},"featured_media":147,"template":"","meta":{"_acf_changed":false,"_et_pb_use_builder":"","_et_pb_old_content":"","_et_gb_content_width":""},"product_brand":[],"product_cat":[113],"product_tag":[139],"class_list":{"0":"post-8174","1":"product","2":"type-product","3":"status-publish","4":"has-post-thumbnail","6":"product_cat-haendlershop","7":"product_tag-b2c-erlaubt","9":"first","10":"instock","11":"taxable","12":"shipping-taxable","13":"product-type-simple"},"acf":[],"_links":{"self":[{"href":"https:\/\/raumluft24.de\/it\/wp-json\/wp\/v2\/product\/8174","targetHints":{"allow":["GET"]}}],"collection":[{"href":"https:\/\/raumluft24.de\/it\/wp-json\/wp\/v2\/product"}],"about":[{"href":"https:\/\/raumluft24.de\/it\/wp-json\/wp\/v2\/types\/product"}],"wp:featuredmedia":[{"embeddable":true,"href":"https:\/\/raumluft24.de\/it\/wp-json\/wp\/v2\/media\/147"}],"wp:attachment":[{"href":"https:\/\/raumluft24.de\/it\/wp-json\/wp\/v2\/media?parent=8174"}],"wp:term":[{"taxonomy":"product_brand","embeddable":true,"href":"https:\/\/raumluft24.de\/it\/wp-json\/wp\/v2\/product_brand?post=8174"},{"taxonomy":"product_cat","embeddable":true,"href":"https:\/\/raumluft24.de\/it\/wp-json\/wp\/v2\/product_cat?post=8174"},{"taxonomy":"product_tag","embeddable":true,"href":"https:\/\/raumluft24.de\/it\/wp-json\/wp\/v2\/product_tag?post=8174"}],"curies":[{"name":"wp","href":"https:\/\/api.w.org\/{rel}","templated":true}]}}