{"id":9291,"date":"2025-02-11T08:41:25","date_gmt":"2025-02-11T07:41:25","guid":{"rendered":"https:\/\/raumluft24.de\/?post_type=product&#038;p=9291"},"modified":"2026-02-02T14:48:06","modified_gmt":"2026-02-02T13:48:06","slug":"pompa-di-calore-ad-aria-pisa-inhp18elec","status":"publish","type":"product","link":"https:\/\/raumluft24.de\/it\/produkt\/luftwaermepumpe-pisa-inhp18elec\/","title":{"rendered":"Pompa di calore a sorgente d'aria PISA INHP18ELEC"},"content":{"rendered":"<p>Il nostro modello inverter estremamente silenzioso e potente, con modulo WLAN e controllo APP, per regioni particolarmente calde e ambienti di grandi dimensioni. Il nostro condizionatore monoblocco a parete pi\u00f9 potente, con refrigerante R32.<\/p>\n<p>Questo condizionatore d'aria \u00e8 caratterizzato da una potente potenza di riscaldamento anche a temperature esterne molto basse ed \u00e8 adatto anche come unica fonte di riscaldamento per ambienti fino a un massimo di 100 m\u00b2.<\/p>\n<p>Con un livello di rumorosit\u00e0 molto basso, pari a soli 30 decibel, e una profondit\u00e0 dell'alloggiamento di soli 16,5 cm, il nuovo condizionatore monoblocco a parete di design PISA INHP18ELEC 2 KW \u00e8 un vero e proprio richiamo per i suoi ambienti.<\/p>\n<p>Un altro punto di forza di questo condizionatore di nuova concezione \u00c3\u00a8 che le alette di copertura esterne si chiudono automaticamente quando il condizionatore non \u00c3\u00a8 in funzione.<\/p>\n<p>Questo condizionatore combina aria condizionata e riscaldamento in un'unica unit\u00c3\u00a0. Inoltre, i nostri condizionatori non richiedono pi\u00c3\u00b9 un'unit\u00c3\u00a0 esterna di disturbo sulla facciata dell'edificio.<\/p>\n<p>State acquistando un condizionatore d'aria di ultima generazione, estremamente silenzioso e di alta qualit\u00c3\u00a0, dal design accattivante e chic, di colore bianco puro.<\/p>\n<p>I nostri condizionatori d'aria sono sviluppati e prodotti in Europa e si distinguono per l'alta qualit\u00c3\u00a0, il funzionamento molto silenzioso e il basso consumo energetico.<\/p>\n<p>I condizionatori possono essere controllati tramite il telecomando in dotazione. Inoltre, il condizionatore \u00c3\u00a8 dotato di un display touch, il che significa che pu\u00c3\u00b2 essere utilizzato in qualsiasi momento senza telecomando. \u00c3\u02c6 inoltre possibile accedere, impostare o modificare tutte le funzioni tramite il proprio dispositivo mobile (tablet o smartphone).<\/p>\n<p>La funzione di deumidificazione consente di impostare il condizionatore multifunzione in modalit\u00c3\u00a0 \"solo\" deumidificazione.<br \/>\nUn punto di forza assoluto \u00c3\u00a8 la possibilit\u00c3\u00a0 di installare il condizionatore sia all'altezza dei piedi sia all'altezza della testa. In questo modo \u00c3\u00a8 possibile climatizzare l'ambiente praticamente a qualsiasi altezza di installazione.<br \/>\nIl condizionatore \u00e8 caratterizzato da un rumore di funzionamento molto silenzioso, pari a soli 30 decibel. Questo lo rende perfetto per l'uso in soggiorni e camere da letto.<\/p>\n<p>Questo moderno condizionatore assicura la vostra indipendenza dalle temperature esterne.<\/p>\n<p>Porta una ventata di aria fresca nella sua casa e risparmia i costi iniziali di una fonte di riscaldamento aggiuntiva.<\/p>\n<p>I condizionatori d'aria non devono essere installati in stanze o bagni umidi.<\/p>","protected":false},"excerpt":{"rendered":"<p>Il potente sistema di condizionamento dell'aria per le regioni calde, le grandi stanze e gli immobili commerciali fino a 100 m\u00b2 - Pu\u00f2 sostituire un radiatore<\/p>","protected":false},"featured_media":147,"template":"","meta":{"_acf_changed":false,"_et_pb_use_builder":"","_et_pb_old_content":"","_et_gb_content_width":""},"product_brand":[],"product_cat":[91,15],"product_tag":[139],"class_list":{"0":"post-9291","1":"product","2":"type-product","3":"status-publish","4":"has-post-thumbnail","6":"product_cat-horizontal","7":"product_cat-klimaanlagen","8":"product_tag-b2c-erlaubt","10":"first","11":"instock","12":"taxable","13":"shipping-taxable","14":"purchasable","15":"product-type-simple"},"acf":[],"_links":{"self":[{"href":"https:\/\/raumluft24.de\/it\/wp-json\/wp\/v2\/product\/9291","targetHints":{"allow":["GET"]}}],"collection":[{"href":"https:\/\/raumluft24.de\/it\/wp-json\/wp\/v2\/product"}],"about":[{"href":"https:\/\/raumluft24.de\/it\/wp-json\/wp\/v2\/types\/product"}],"wp:featuredmedia":[{"embeddable":true,"href":"https:\/\/raumluft24.de\/it\/wp-json\/wp\/v2\/media\/147"}],"wp:attachment":[{"href":"https:\/\/raumluft24.de\/it\/wp-json\/wp\/v2\/media?parent=9291"}],"wp:term":[{"taxonomy":"product_brand","embeddable":true,"href":"https:\/\/raumluft24.de\/it\/wp-json\/wp\/v2\/product_brand?post=9291"},{"taxonomy":"product_cat","embeddable":true,"href":"https:\/\/raumluft24.de\/it\/wp-json\/wp\/v2\/product_cat?post=9291"},{"taxonomy":"product_tag","embeddable":true,"href":"https:\/\/raumluft24.de\/it\/wp-json\/wp\/v2\/product_tag?post=9291"}],"curies":[{"name":"wp","href":"https:\/\/api.w.org\/{rel}","templated":true}]}}