{"id":9394,"date":"2025-03-14T10:08:37","date_gmt":"2025-03-14T09:08:37","guid":{"rendered":"https:\/\/raumluft24.de\/?post_type=product&#038;p=9394"},"modified":"2026-05-04T15:23:04","modified_gmt":"2026-05-04T13:23:04","slug":"klimaanlage-verona-inhp10","status":"publish","type":"product","link":"https:\/\/raumluft24.de\/it\/produkt\/klimaanlage-verona-inhp10\/","title":{"rendered":"Klimaanlage Verona INHP10"},"content":{"rendered":"<p><code>Unser extrem leises Inverter Model mit WLAN Modul und APP Steuerung - die Weiterentwicklung der Wandklimaanlagen mit einem Geh\u00e4use aus lackiertem Edelstahl.<\/code><\/p>\n<p>Mit einem sehr niedrigen Ger\u00e4uschpegel von nur 26 Dezibel und einer geringen Geh\u00e4usetiefe von nur 16,5 cm ist das neue Design Monoblock Wand-Klimager\u00e4t Verona INHP10 ein Blickfang f\u00fcr Ihre R\u00e4ume.<\/p>\n<p>Il condizionatore d'aria \u00c3\u00a8 adatto a stanze di dimensioni fino a 50 m\u00b2.<\/p>\n<p>Un altro punto di forza di questo condizionatore di nuova concezione \u00c3\u00a8 che le alette di copertura esterne si chiudono automaticamente quando il condizionatore non \u00c3\u00a8 in funzione.<\/p>\n<p>Questo condizionatore combina aria condizionata e riscaldamento in un'unica unit\u00c3\u00a0. Inoltre, i nostri condizionatori non richiedono pi\u00c3\u00b9 un'unit\u00c3\u00a0 esterna di disturbo sulla facciata dell'edificio.<\/p>\n<p>Sie erwerben hier ein extrem leises und hochwertiges Klimager\u00e4t der neusten Generation in ansprechendem, schicken, grauem RAL9007 Design.<\/p>\n<p>I nostri condizionatori d'aria sono sviluppati e prodotti in Europa e si distinguono per l'alta qualit\u00c3\u00a0, il funzionamento molto silenzioso e il basso consumo energetico.<\/p>\n<p>I condizionatori possono essere controllati tramite il telecomando in dotazione. Inoltre, il condizionatore \u00c3\u00a8 dotato di un display touch, il che significa che pu\u00c3\u00b2 essere utilizzato in qualsiasi momento senza telecomando. \u00c3\u02c6 inoltre possibile accedere, impostare o modificare tutte le funzioni tramite il proprio dispositivo mobile (tablet o smartphone).<\/p>\n<p>La funzione di deumidificazione consente di impostare il condizionatore multifunzione in modalit\u00c3\u00a0 \"solo\" deumidificazione.<\/p>\n<p>Un punto di forza assoluto \u00c3\u00a8 la possibilit\u00c3\u00a0 di installare il condizionatore sia all'altezza dei piedi sia all'altezza della testa. In questo modo \u00c3\u00a8 possibile climatizzare l'ambiente praticamente a qualsiasi altezza di installazione.<\/p>\n<p>Il condizionatore d'aria \u00c3\u00a8 caratterizzato da un rumore di funzionamento molto silenzioso, pari a soli 26 decibel. Questo lo rende perfetto per l'uso in salotti e camere da letto.<\/p>\n<p>Questo moderno condizionatore assicura la vostra indipendenza dalle temperature esterne.<br \/>\nPortate una ventata di aria fresca in casa vostra.<\/p>\n<p>I condizionatori d'aria non devono essere installati in stanze o bagni umidi.<\/p>","protected":false},"excerpt":{"rendered":"<p>Il modello inverter estremamente silenzioso per quasi tutte le applicazioni - il nostro sistema di condizionamento d'aria pi\u00f9 venduto<\/p>","protected":false},"featured_media":10842,"template":"","meta":{"_acf_changed":false,"_et_pb_use_builder":"","_et_pb_old_content":"","_et_gb_content_width":""},"product_brand":[],"product_cat":[91,15],"product_tag":[139],"class_list":{"0":"post-9394","1":"product","2":"type-product","3":"status-publish","4":"has-post-thumbnail","6":"product_cat-horizontal","7":"product_cat-klimaanlagen","8":"product_tag-b2c-erlaubt","10":"first","11":"instock","12":"taxable","13":"shipping-taxable","14":"purchasable","15":"product-type-simple"},"acf":[],"_links":{"self":[{"href":"https:\/\/raumluft24.de\/it\/wp-json\/wp\/v2\/product\/9394","targetHints":{"allow":["GET"]}}],"collection":[{"href":"https:\/\/raumluft24.de\/it\/wp-json\/wp\/v2\/product"}],"about":[{"href":"https:\/\/raumluft24.de\/it\/wp-json\/wp\/v2\/types\/product"}],"wp:featuredmedia":[{"embeddable":true,"href":"https:\/\/raumluft24.de\/it\/wp-json\/wp\/v2\/media\/10842"}],"wp:attachment":[{"href":"https:\/\/raumluft24.de\/it\/wp-json\/wp\/v2\/media?parent=9394"}],"wp:term":[{"taxonomy":"product_brand","embeddable":true,"href":"https:\/\/raumluft24.de\/it\/wp-json\/wp\/v2\/product_brand?post=9394"},{"taxonomy":"product_cat","embeddable":true,"href":"https:\/\/raumluft24.de\/it\/wp-json\/wp\/v2\/product_cat?post=9394"},{"taxonomy":"product_tag","embeddable":true,"href":"https:\/\/raumluft24.de\/it\/wp-json\/wp\/v2\/product_tag?post=9394"}],"curies":[{"name":"wp","href":"https:\/\/api.w.org\/{rel}","templated":true}]}}