{"id":9151,"date":"2024-12-04T17:49:53","date_gmt":"2024-12-04T16:49:53","guid":{"rendered":"https:\/\/raumluft24.de\/?page_id=9151"},"modified":"2025-03-27T09:06:29","modified_gmt":"2025-03-27T08:06:29","slug":"dat-werkte","status":"publish","type":"page","link":"https:\/\/raumluft24.de\/nl\/das-hat-geklappt\/","title":{"rendered":"Hartelijk dank voor uw registratie!"},"content":{"rendered":"<p>[et_pb_section fb_built=&#8220;1&#8243; _builder_version=&#8220;4.16&#8243; _module_preset=&#8220;default&#8220; width=&#8220;100%&#8220; custom_padding=&#8220;0px||0px||false|false&#8220; global_colors_info=&#8220;{}&#8220;][et_pb_row use_custom_gutter=&#8220;on&#8220; gutter_width=&#8220;2&#8243; _builder_version=&#8220;4.16&#8243; _module_preset=&#8220;default&#8220; width=&#8220;100%&#8220; global_colors_info=&#8220;{}&#8220;][et_pb_column type=&#8220;4_4&#8243; _builder_version=&#8220;4.16&#8243; _module_preset=&#8220;default&#8220; global_colors_info=&#8220;{}&#8220;][et_pb_text _builder_version=&#8220;4.27.4&#8243; _module_preset=&#8220;default&#8220; global_colors_info=&#8220;{}&#8220;]<\/p>\n<p>Ihre Anmeldung zum Raumluft24-Newsletter war erfolgreich. Ab sofort erhalten Sie regelm\u00e4\u00dfig aktuelle Informationen und Angebote rund um unsere Klimaanlagen und Services.<\/p>\n<p><strong>Was erwartet Sie?<\/strong><\/p>\n<ul>\n<li><strong>Exklusive Angebote:<\/strong> Profitieren Sie von speziellen Rabatten und Aktionen.<\/li>\n<li><strong>Produktneuheiten:<\/strong> Seien Sie der Erste, der \u00fcber unsere neuesten Klimaanlagen informiert wird.<\/li>\n<li><strong>Tipps &amp; Tricks:<\/strong> Erhalten Sie wertvolle Hinweise zur optimalen Nutzung und Pflege Ihrer Klimaanlage.<\/li>\n<\/ul>\n<p>Wir freuen uns, Sie in unserer Community begr\u00fc\u00dfen zu d\u00fcrfen!<\/p>\n<p><strong>Mit freundlichen Gr\u00fc\u00dfen,<\/strong><br \/>Ihr Raumluft24-Team<\/p>\n<p>[\/et_pb_text][\/et_pb_column][\/et_pb_row][et_pb_row use_custom_gutter=&#8220;on&#8220; gutter_width=&#8220;2&#8243; _builder_version=&#8220;4.16&#8243; _module_preset=&#8220;default&#8220; width=&#8220;100%&#8220; custom_padding=&#8220;1em||0px||false|false&#8220; global_colors_info=&#8220;{}&#8220;][et_pb_column type=&#8220;4_4&#8243; _builder_version=&#8220;4.16&#8243; _module_preset=&#8220;default&#8220; global_colors_info=&#8220;{}&#8220;][et_pb_divider color=&#8220;#475D77&#8243; divider_style=&#8220;dotted&#8220; _builder_version=&#8220;4.16&#8243; _module_preset=&#8220;default&#8220; module_alignment=&#8220;center&#8220; global_colors_info=&#8220;{}&#8220;][\/et_pb_divider][\/et_pb_column][\/et_pb_row][\/et_pb_section]<\/p>\n","protected":false},"excerpt":{"rendered":"<p>Ihre Anmeldung zum Raumluft24-Newsletter war erfolgreich. Ab sofort erhalten Sie regelm\u00e4\u00dfig aktuelle Informationen und Angebote rund um unsere Klimaanlagen und Services. Was erwartet Sie? Exklusive Angebote: Profitieren Sie von speziellen Rabatten und Aktionen. Produktneuheiten: Seien Sie der Erste, der \u00fcber unsere neuesten Klimaanlagen informiert wird. Tipps &amp; Tricks: Erhalten Sie wertvolle Hinweise zur optimalen Nutzung [&hellip;]<\/p>\n","protected":false},"author":1,"featured_media":0,"parent":0,"menu_order":0,"comment_status":"closed","ping_status":"closed","template":"","meta":{"_acf_changed":false,"_et_pb_use_builder":"on","_et_pb_old_content":"","_et_gb_content_width":"","footnotes":""},"class_list":["post-9151","page","type-page","status-publish","hentry"],"acf":[],"_links":{"self":[{"href":"https:\/\/raumluft24.de\/nl\/wp-json\/wp\/v2\/pages\/9151","targetHints":{"allow":["GET"]}}],"collection":[{"href":"https:\/\/raumluft24.de\/nl\/wp-json\/wp\/v2\/pages"}],"about":[{"href":"https:\/\/raumluft24.de\/nl\/wp-json\/wp\/v2\/types\/page"}],"author":[{"embeddable":true,"href":"https:\/\/raumluft24.de\/nl\/wp-json\/wp\/v2\/users\/1"}],"replies":[{"embeddable":true,"href":"https:\/\/raumluft24.de\/nl\/wp-json\/wp\/v2\/comments?post=9151"}],"version-history":[{"count":4,"href":"https:\/\/raumluft24.de\/nl\/wp-json\/wp\/v2\/pages\/9151\/revisions"}],"predecessor-version":[{"id":9156,"href":"https:\/\/raumluft24.de\/nl\/wp-json\/wp\/v2\/pages\/9151\/revisions\/9156"}],"wp:attachment":[{"href":"https:\/\/raumluft24.de\/nl\/wp-json\/wp\/v2\/media?parent=9151"}],"curies":[{"name":"wp","href":"https:\/\/api.w.org\/{rel}","templated":true}]}}