{"id":10438,"date":"2025-10-08T11:29:44","date_gmt":"2025-10-08T09:29:44","guid":{"rendered":"https:\/\/raumluft24.de\/?post_type=product&#038;p=10438"},"modified":"2026-02-05T13:03:49","modified_gmt":"2026-02-05T12:03:49","slug":"klimaanlage-rimini-inhp09","status":"publish","type":"product","link":"https:\/\/raumluft24.de\/pl\/produkt\/klimaanlage-rimini-inhp09\/","title":{"rendered":"Klimaanlage Rimini INHP09"},"content":{"rendered":"<p>Nasz oszcz\u0119dzaj\u0105cy miejsce model inwerterowy (z technologi\u0105 inwerterow\u0105 i w\u0105sk\u0105 szeroko\u015bci\u0105 zaledwie 81 cm oraz sterowaniem WiFi) - dalszy rozw\u00f3j serii klimatyzator\u00f3w \u015bciennych z malowan\u0105 obudow\u0105 ze stali nierdzewnej.<\/p>\n<p>Mit einem sehr niedrigen Ger\u00e4uschpegel von nur 27 Dezibel und einer geringen Geh\u00e4usetiefe von nur 16,5 cm ist das neue Design Monoblock Wand-Klimager\u00e4t Rimini INHP09 ein Blickfang f\u00fcr Ihre R\u00e4ume mit komfortabler Wlan Steuerung. Unsere erste Monoblockwandklimaanlage ohne Au\u00dfenger\u00e4t mit K\u00e4ltemittel R290!<\/p>\n<div id=\"attachment_1545\" style=\"width: 420px\" class=\"wp-caption alignright\"><img decoding=\"async\" aria-describedby=\"caption-attachment-1545\" class=\"wp-image-1545\" src=\"https:\/\/raumluft24.de\/wp-content\/uploads\/2021\/03\/6018-capri-mini-1024x1024.jpg\" alt=\"\" width=\"410\" height=\"410\" \/><p id=\"caption-attachment-1545\" class=\"wp-caption-text\">Tylko 81 cm szeroko\u00c5\u203aci, szczeg\u00c3\u00b3lnie oszcz\u00c4\u2122dno\u00c5\u203a\u00c4\u2021 miejsca, a przy tym niezwyk\u00c5\u201aa moc!<\/p><\/div>\n<p>Klimatyzator jest odpowiedni do pomieszcze\u00c5\u201e o powierzchni do 30 m\u00b2.<\/p>\n<p>Kolejn\u00c4\u2026 zalet\u00c4\u2026 tego nowo opracowanego klimatyzatora jest to, \u00c5\u00bce klapy pokrywy zewn\u00c4\u2122trznej zamykaj\u00c4\u2026 si\u00c4\u2122 automatycznie, gdy klimatyzator nie pracuje.<\/p>\n<p>Ten klimatyzator \u00c5\u201a\u00c4\u2026czy w sobie klimatyzacj\u00c4\u2122 i ogrzewanie w jednym urz\u00c4\u2026dzeniu. Ponadto, nasze klimatyzatory nie wymagaj\u00c4\u2026 ju\u00c5\u00bc szpec\u00c4\u2026cej jednostki zewn\u00c4\u2122trznej na fasadzie Pa\u00c5\u201estwa budynku.<\/p>\n<p>Sie erwerben hier ein extrem leises und hochwertiges Klimager\u00e4t der neusten Generation in ansprechendem, schicken grauem RAL9007 Design.<\/p>\n<p>Nasze klimatyzatory s\u00c4\u2026 projektowane i produkowane w Europie i charakteryzuj\u00c4\u2026 si\u00c4\u2122 wysok\u00c4\u2026 jako\u00c5\u203aci\u00c4\u2026, bardzo cich\u00c4\u2026 prac\u00c4\u2026 i niskim zu\u00c5\u00bcyciem energii.<\/p>\n<p>Klimatyzatorami mo\u00c5\u00bcna sterowa\u00c4\u2021 za pomoc\u00c4\u2026 do\u00c5\u201a\u00c4\u2026czonego pilota. Ponadto, klimatyzator jest wyposa\u00c5\u00bcony w wy\u00c5\u203awietlacz dotykowy, co oznacza, \u00c5\u00bce w ka\u00c5\u00bcdej chwili mo\u00c5\u00bcna go u\u00c5\u00bcywa\u00c4\u2021 bez pilota.<\/p>\n<p>Funkcja osuszania umo\u00c5\u00bcliwia ustawienie wielofunkcyjnego klimatyzatora na tryb \"tylko\" osuszania.<\/p>\n<p>Absolutn\u00c4\u2026 atrakcj\u00c4\u2026 jest to, \u00c5\u00bce mog\u00c4\u2026 Pa\u00c5\u201estwo zainstalowa\u00c4\u2021 klimatyzator zar\u00c3\u00b3wno na wysoko\u00c5\u203aci st\u00c3\u00b3p, jak i g\u00c5\u201aowy. Dzi\u00c4\u2122ki temu mo\u00c5\u00bcna klimatyzowa\u00c4\u2021 pomieszczenie praktycznie na ka\u00c5\u00bcdej wysoko\u00c5\u203aci zabudowy.<\/p>\n<p>Klimatyzator charakteryzuje si\u00c4\u2122 bardzo cichym ha\u00c5\u201aasem pracy, wynosz\u00c4\u2026cym tylko 27 decybeli. Dzi\u00c4\u2122ki temu doskonale nadaje si\u00c4\u2122 do zastosowania w salonach i sypialniach.<\/p>\n<p>Ten nowoczesny klimatyzator zapewnia Pa\u00c5\u201estwu niezale\u00c5\u00bcno\u00c5\u203a\u00c4\u2021 od temperatur zewn\u00c4\u2122trznych.<\/p>\n<p>Wprowad\u00c5\u00bacie Pa\u00c5\u201estwo do swojego domu powiew \u00c5\u203awie\u00c5\u00bcego powietrza.<\/p>","protected":false},"excerpt":{"rendered":"<p>Model falownika oszcz\u00c4\u2122dzaj\u00c4\u2026cy miejsce<\/p>","protected":false},"featured_media":10357,"template":"","meta":{"_acf_changed":false,"_et_pb_use_builder":"","_et_pb_old_content":"","_et_gb_content_width":""},"product_brand":[],"product_cat":[113],"product_tag":[],"class_list":{"0":"post-10438","1":"product","2":"type-product","3":"status-publish","4":"has-post-thumbnail","6":"product_cat-haendlershop","8":"first","9":"instock","10":"taxable","11":"shipping-taxable","12":"product-type-simple"},"acf":[],"_links":{"self":[{"href":"https:\/\/raumluft24.de\/pl\/wp-json\/wp\/v2\/product\/10438","targetHints":{"allow":["GET"]}}],"collection":[{"href":"https:\/\/raumluft24.de\/pl\/wp-json\/wp\/v2\/product"}],"about":[{"href":"https:\/\/raumluft24.de\/pl\/wp-json\/wp\/v2\/types\/product"}],"wp:featuredmedia":[{"embeddable":true,"href":"https:\/\/raumluft24.de\/pl\/wp-json\/wp\/v2\/media\/10357"}],"wp:attachment":[{"href":"https:\/\/raumluft24.de\/pl\/wp-json\/wp\/v2\/media?parent=10438"}],"wp:term":[{"taxonomy":"product_brand","embeddable":true,"href":"https:\/\/raumluft24.de\/pl\/wp-json\/wp\/v2\/product_brand?post=10438"},{"taxonomy":"product_cat","embeddable":true,"href":"https:\/\/raumluft24.de\/pl\/wp-json\/wp\/v2\/product_cat?post=10438"},{"taxonomy":"product_tag","embeddable":true,"href":"https:\/\/raumluft24.de\/pl\/wp-json\/wp\/v2\/product_tag?post=10438"}],"curies":[{"name":"wp","href":"https:\/\/api.w.org\/{rel}","templated":true}]}}