{"id":262,"date":"2021-01-20T18:01:59","date_gmt":"2021-01-20T17:01:59","guid":{"rendered":"https:\/\/raumluft24.de\/?post_type=product&#038;p=262"},"modified":"2026-04-30T10:37:04","modified_gmt":"2026-04-30T08:37:04","slug":"klimatyzator-venice-inhp10","status":"publish","type":"product","link":"https:\/\/raumluft24.de\/pl\/produkt\/klimaanlage-venedig-inhp10\/","title":{"rendered":"Klimatyzator Wenecja INHP10"},"content":{"rendered":"<p>Nasz wyj\u00c4\u2026tkowo cichy model inwerterowy z modu\u00c5\u201aem WLAN i sterowaniem APP - dalszy rozw\u00c3\u00b3j klimatyzator\u00c3\u00b3w \u00c5\u203aciennych z obudow\u00c4\u2026 z lakierowanej stali szlachetnej.<\/p>\n<p>Bardzo niski poziom ha\u00c5\u201aasu wynosz\u00c4\u2026cy tylko 26 decybeli i niewielka g\u00c5\u201a\u00c4\u2122boko\u00c5\u203a\u00c4\u2021 obudowy wynosz\u00c4\u2026ca tylko 16,5 cm sprawiaj\u00c4\u2026, \u00c5\u00bce nowy monoblokowy klimatyzator \u00c5\u203acienny Venice INHP10 design przyci\u00c4\u2026ga wzrok do Pa\u00c5\u201estwa pomieszcze\u00c5\u201e.<\/p>\n<p>Klimatyzator jest odpowiedni do pomieszcze\u00c5\u201e o powierzchni do 50 m\u00b2.<\/p>\n<p>Kolejn\u00c4\u2026 zalet\u00c4\u2026 tego nowo opracowanego klimatyzatora jest to, \u00c5\u00bce klapy pokrywy zewn\u00c4\u2122trznej zamykaj\u00c4\u2026 si\u00c4\u2122 automatycznie, gdy klimatyzator nie pracuje.<\/p>\n<p>Ten klimatyzator \u00c5\u201a\u00c4\u2026czy w sobie klimatyzacj\u00c4\u2122 i ogrzewanie w jednym urz\u00c4\u2026dzeniu. Ponadto, nasze klimatyzatory nie wymagaj\u00c4\u2026 ju\u00c5\u00bc szpec\u00c4\u2026cej jednostki zewn\u00c4\u2122trznej na fasadzie Pa\u00c5\u201estwa budynku.<\/p>\n<p>Kupuj\u00c4\u2026 Pa\u00c5\u201estwo niezwykle cichy i wysokiej jako\u00c5\u203aci klimatyzator najnowszej generacji w atrakcyjnym, szykownym, czysto bia\u00c5\u201aym wzornictwie.<\/p>\n<p>Nasze klimatyzatory s\u00c4\u2026 projektowane i produkowane w Europie i charakteryzuj\u00c4\u2026 si\u00c4\u2122 wysok\u00c4\u2026 jako\u00c5\u203aci\u00c4\u2026, bardzo cich\u00c4\u2026 prac\u00c4\u2026 i niskim zu\u00c5\u00bcyciem energii.<\/p>\n<p>Klimatyzatorami mo\u00c5\u00bcna sterowa\u00c4\u2021 za pomoc\u00c4\u2026 do\u00c5\u201a\u00c4\u2026czonego pilota. Ponadto, klimatyzator jest wyposa\u00c5\u00bcony w wy\u00c5\u203awietlacz dotykowy, co oznacza, \u00c5\u00bce w ka\u00c5\u00bcdej chwili mo\u00c5\u00bcna go u\u00c5\u00bcywa\u00c4\u2021 bez pilota. Dost\u00c4\u2122p, ustawienie lub zmiana wszystkich funkcji jest r\u00c3\u00b3wnie\u00c5\u00bc mo\u00c5\u00bcliwa za po\u00c5\u203arednictwem Pa\u00c5\u201estwa urz\u00c4\u2026dzenia mobilnego (tabletu lub smartfona).<\/p>\n<p>Funkcja osuszania umo\u00c5\u00bcliwia ustawienie wielofunkcyjnego klimatyzatora na tryb \"tylko\" osuszania.<\/p>\n<p>Absolutn\u00c4\u2026 atrakcj\u00c4\u2026 jest to, \u00c5\u00bce mog\u00c4\u2026 Pa\u00c5\u201estwo zainstalowa\u00c4\u2021 klimatyzator zar\u00c3\u00b3wno na wysoko\u00c5\u203aci st\u00c3\u00b3p, jak i g\u00c5\u201aowy. Dzi\u00c4\u2122ki temu mo\u00c5\u00bcna klimatyzowa\u00c4\u2021 pomieszczenie praktycznie na ka\u00c5\u00bcdej wysoko\u00c5\u203aci zabudowy.<\/p>\n<p>Klimatyzator charakteryzuje si\u00c4\u2122 bardzo cichym ha\u00c5\u201aasem pracy, wynosz\u00c4\u2026cym zaledwie 26 decybeli. Dzi\u00c4\u2122ki temu doskonale nadaje si\u00c4\u2122 do zastosowania w salonach i sypialniach.<\/p>\n<p>Ten nowoczesny klimatyzator zapewnia Pa\u00c5\u201estwu niezale\u00c5\u00bcno\u00c5\u203a\u00c4\u2021 od temperatur zewn\u00c4\u2122trznych.<br \/>\nWprowad\u00c5\u00bacie Pa\u00c5\u201estwo do swojego domu powiew \u00c5\u203awie\u00c5\u00bcego powietrza.<\/p>\n<p>Klimatyzator\u00c3\u00b3w nie wolno instalowa\u00c4\u2021 w wilgotnych pomieszczeniach lub \u00c5\u201aazienkach.<\/p>","protected":false},"excerpt":{"rendered":"<p>Niezwykle cichy model inwerterowy do niemal ka\u017cdego zastosowania - nasz najlepiej sprzedaj\u0105cy si\u0119 system klimatyzacji<\/p>","protected":false},"featured_media":147,"template":"","meta":{"_acf_changed":false,"_et_pb_use_builder":"","_et_pb_old_content":"","_et_gb_content_width":""},"product_brand":[],"product_cat":[91,15],"product_tag":[139],"class_list":{"0":"post-262","1":"product","2":"type-product","3":"status-publish","4":"has-post-thumbnail","6":"product_cat-horizontal","7":"product_cat-klimaanlagen","8":"product_tag-b2c-erlaubt","10":"first","11":"instock","12":"taxable","13":"shipping-taxable","14":"purchasable","15":"product-type-simple"},"acf":[],"_links":{"self":[{"href":"https:\/\/raumluft24.de\/pl\/wp-json\/wp\/v2\/product\/262","targetHints":{"allow":["GET"]}}],"collection":[{"href":"https:\/\/raumluft24.de\/pl\/wp-json\/wp\/v2\/product"}],"about":[{"href":"https:\/\/raumluft24.de\/pl\/wp-json\/wp\/v2\/types\/product"}],"wp:featuredmedia":[{"embeddable":true,"href":"https:\/\/raumluft24.de\/pl\/wp-json\/wp\/v2\/media\/147"}],"wp:attachment":[{"href":"https:\/\/raumluft24.de\/pl\/wp-json\/wp\/v2\/media?parent=262"}],"wp:term":[{"taxonomy":"product_brand","embeddable":true,"href":"https:\/\/raumluft24.de\/pl\/wp-json\/wp\/v2\/product_brand?post=262"},{"taxonomy":"product_cat","embeddable":true,"href":"https:\/\/raumluft24.de\/pl\/wp-json\/wp\/v2\/product_cat?post=262"},{"taxonomy":"product_tag","embeddable":true,"href":"https:\/\/raumluft24.de\/pl\/wp-json\/wp\/v2\/product_tag?post=262"}],"curies":[{"name":"wp","href":"https:\/\/api.w.org\/{rel}","templated":true}]}}