{"id":268,"date":"2021-01-21T01:02:14","date_gmt":"2021-01-21T00:02:14","guid":{"rendered":"https:\/\/raumluft24.de\/?post_type=product&#038;p=268"},"modified":"2026-01-14T18:51:21","modified_gmt":"2026-01-14T17:51:21","slug":"klimatyzator-linia-pionowa-inhp10","status":"publish","type":"product","link":"https:\/\/raumluft24.de\/pl\/produkt\/klimaanlage-linate-vertical-inhp10\/","title":{"rendered":"Klimaanlage Linate Vertikal INHP10"},"content":{"rendered":"<p>Nasz cichy i solidny model komercyjny z modu\u00c5\u201aem WLAN i sterowaniem APP - dalszy rozw\u00c3\u00b3j klimatyzator\u00c3\u00b3w \u00c5\u203aciennych z obudow\u00c4\u2026 z lakierowanej stali szlachetnej.<\/p>\n<p>Dzi\u0119ki bardzo niskiemu poziomowi ha\u0142asu wynosz\u0105cemu zaledwie 28 decybeli i niewielkiej g\u0142\u0119boko\u015bci obudowy wynosz\u0105cej zaledwie 18,5 cm, nowy monoblokowy klimatyzator \u015bcienny Linate Vertical INHP10 przyci\u0105ga wzrok w Pa\u0144stwa pomieszczeniach.<\/p>\n<p>Klimatyzator jest odpowiedni do pomieszcze\u00c5\u201e o powierzchni do 50 m\u00b2.<\/p>\n<p>Kolejn\u00c4\u2026 zalet\u00c4\u2026 tego nowo opracowanego klimatyzatora jest to, \u00c5\u00bce klapy pokrywy zewn\u00c4\u2122trznej zamykaj\u00c4\u2026 si\u00c4\u2122 automatycznie, gdy klimatyzator nie pracuje.<\/p>\n<p>Ten klimatyzator \u00c5\u201a\u00c4\u2026czy w sobie klimatyzacj\u00c4\u2122 i ogrzewanie w jednym urz\u00c4\u2026dzeniu. Ponadto, nasze klimatyzatory nie wymagaj\u00c4\u2026 ju\u00c5\u00bc szpec\u00c4\u2026cej jednostki zewn\u00c4\u2122trznej na fasadzie Pa\u00c5\u201estwa budynku.<\/p>\n<p>Kupuj\u00c4\u2026 Pa\u00c5\u201estwo niezwykle cichy i wysokiej jako\u00c5\u203aci klimatyzator najnowszej generacji w atrakcyjnym, szykownym, czysto bia\u00c5\u201aym wzornictwie.<\/p>\n<p>Nasze klimatyzatory s\u00c4\u2026 projektowane i produkowane w Europie i charakteryzuj\u00c4\u2026 si\u00c4\u2122 wysok\u00c4\u2026 jako\u00c5\u203aci\u00c4\u2026, bardzo cich\u00c4\u2026 prac\u00c4\u2026 i niskim zu\u00c5\u00bcyciem energii.<\/p>\n<p>Klimatyzatorami mo\u00c5\u00bcna sterowa\u00c4\u2021 za pomoc\u00c4\u2026 do\u00c5\u201a\u00c4\u2026czonego pilota. Ponadto, klimatyzator jest wyposa\u00c5\u00bcony w wy\u00c5\u203awietlacz dotykowy, co oznacza, \u00c5\u00bce w ka\u00c5\u00bcdej chwili mo\u00c5\u00bcna go u\u00c5\u00bcywa\u00c4\u2021 bez pilota. Dost\u00c4\u2122p, ustawienie lub zmiana wszystkich funkcji jest r\u00c3\u00b3wnie\u00c5\u00bc mo\u00c5\u00bcliwa za po\u00c5\u203arednictwem Pa\u00c5\u201estwa urz\u00c4\u2026dzenia mobilnego (tabletu lub smartfona).<\/p>\n<p>Funkcja osuszania umo\u00c5\u00bcliwia ustawienie wielofunkcyjnego klimatyzatora na tryb \"tylko\" osuszania.<\/p>\n<p>Klimatyzator charakteryzuje si\u0119 bardzo cich\u0105 prac\u0105 wynosz\u0105c\u0105 zaledwie 28 decybeli. Dzi\u0119ki temu doskonale nadaje si\u0119 do u\u017cytku w salonach i sypialniach.<\/p>\n<p>Ten nowoczesny klimatyzator zapewnia Pa\u00c5\u201estwu niezale\u00c5\u00bcno\u00c5\u203a\u00c4\u2021 od temperatur zewn\u00c4\u2122trznych.<\/p>\n<p><strong>Nale\u00c5\u00bcy zwr\u00c3\u00b3ci\u00c4\u2021 uwag\u00c4\u2122 na nast\u00c4\u2122puj\u00c4\u2026ce kwestie:<\/strong><br \/>\nTen klimatyzator mo\u00c5\u00bce by\u00c4\u2021 zainstalowany tylko na wysoko\u00c5\u203aci st\u00c3\u00b3p. Nie jest mo\u00c5\u00bcliwe zainstalowanie tego klimatyzatora blisko sufitu.<\/p>\n<p>Jest to model komercyjny, kt\u00c3\u00b3ry nie mo\u00c5\u00bce by\u00c4\u2021 dostarczany prywatnym konsumentom. Prywatni konsumenci, kt\u00c3\u00b3rzy s\u00c4\u2026 zainteresowani tym klimatyzatorem, powinni skontaktowa\u00c4\u2021 si\u00c4\u2122 z nami telefonicznie. Istnieje mo\u00c5\u00bcliwo\u00c5\u203a\u00c4\u2021 zam\u00c3\u00b3wienia tego modelu, \u00c5\u201a\u00c4\u2026cznie z profesjonalnym monta\u00c5\u00bcem, poprzez zak\u00c5\u201aad rzemie\u00c5\u203alniczy w Pa\u00c5\u201estwa okolicy.<\/p>\n<p>Klimatyzator\u00c3\u00b3w nie wolno instalowa\u00c4\u2021 w wilgotnych pomieszczeniach lub \u00c5\u201aazienkach.<\/p>","protected":false},"excerpt":{"rendered":"<p>Solidny model handlowy<\/p>","protected":false},"featured_media":271,"template":"","meta":{"_acf_changed":false,"_et_pb_use_builder":"","_et_pb_old_content":"","_et_gb_content_width":""},"product_brand":[],"product_cat":[15,90],"product_tag":[],"class_list":{"0":"post-268","1":"product","2":"type-product","3":"status-publish","4":"has-post-thumbnail","6":"product_cat-klimaanlagen","7":"product_cat-vertikal","9":"first","10":"instock","11":"taxable","12":"shipping-taxable","13":"purchasable","14":"product-type-simple"},"acf":[],"_links":{"self":[{"href":"https:\/\/raumluft24.de\/pl\/wp-json\/wp\/v2\/product\/268","targetHints":{"allow":["GET"]}}],"collection":[{"href":"https:\/\/raumluft24.de\/pl\/wp-json\/wp\/v2\/product"}],"about":[{"href":"https:\/\/raumluft24.de\/pl\/wp-json\/wp\/v2\/types\/product"}],"wp:featuredmedia":[{"embeddable":true,"href":"https:\/\/raumluft24.de\/pl\/wp-json\/wp\/v2\/media\/271"}],"wp:attachment":[{"href":"https:\/\/raumluft24.de\/pl\/wp-json\/wp\/v2\/media?parent=268"}],"wp:term":[{"taxonomy":"product_brand","embeddable":true,"href":"https:\/\/raumluft24.de\/pl\/wp-json\/wp\/v2\/product_brand?post=268"},{"taxonomy":"product_cat","embeddable":true,"href":"https:\/\/raumluft24.de\/pl\/wp-json\/wp\/v2\/product_cat?post=268"},{"taxonomy":"product_tag","embeddable":true,"href":"https:\/\/raumluft24.de\/pl\/wp-json\/wp\/v2\/product_tag?post=268"}],"curies":[{"name":"wp","href":"https:\/\/api.w.org\/{rel}","templated":true}]}}