{"id":8174,"date":"2024-03-27T09:16:23","date_gmt":"2024-03-27T08:16:23","guid":{"rendered":"https:\/\/raumluft24.de\/?post_type=product&#038;p=8174"},"modified":"2025-10-08T10:48:18","modified_gmt":"2025-10-08T08:48:18","slug":"klimatyzator-florence-inhp15-3","status":"publish","type":"product","link":"https:\/\/raumluft24.de\/pl\/produkt\/luftwaermepumpe-neapel-inhp15elec-kopie\/","title":{"rendered":"Powietrzna pompa ciep\u0142a Naples INHP15ELEC"},"content":{"rendered":"<p>Nasz wyj\u00c4\u2026tkowo cichy i mocny model inwertera z modu\u00c5\u201aem WLAN i sterowaniem APP do bardzo du\u00c5\u00bcych pomieszcze\u00c5\u201e. Nasz pierwszy monoblokowy klimatyzator \u00c5\u203acienny z czynnikiem ch\u00c5\u201aodniczym R32.<\/p>\n<p>Klimatyzator ten charakteryzuje si\u0119 du\u017c\u0105 moc\u0105 grzewcz\u0105 nawet przy bardzo niskich temperaturach zewn\u0119trznych i nadaje si\u0119 r\u00f3wnie\u017c jako jedyne \u017ar\u00f3d\u0142o ogrzewania pomieszcze\u0144 o maksymalnej powierzchni 80 m\u00b2.<\/p>\n<p>Dzi\u0119ki bardzo niskiemu poziomowi ha\u0142asu wynosz\u0105cemu zaledwie 29 decybeli i niewielkiej g\u0142\u0119boko\u015bci obudowy wynosz\u0105cej zaledwie 16,5 cm, nowy monoblokowy klimatyzator \u015bcienny NEAPEL INHP15ELEC 2 KW przyci\u0105ga wzrok w Pa\u0144stwa pomieszczeniach.<\/p>\n<p>Kolejn\u00c4\u2026 zalet\u00c4\u2026 tego nowo opracowanego klimatyzatora jest to, \u00c5\u00bce klapy pokrywy zewn\u00c4\u2122trznej zamykaj\u00c4\u2026 si\u00c4\u2122 automatycznie, gdy klimatyzator nie pracuje.<\/p>\n<p>Ten klimatyzator \u00c5\u201a\u00c4\u2026czy w sobie klimatyzacj\u00c4\u2122 i ogrzewanie w jednym urz\u00c4\u2026dzeniu. Ponadto, nasze klimatyzatory nie wymagaj\u00c4\u2026 ju\u00c5\u00bc szpec\u00c4\u2026cej jednostki zewn\u00c4\u2122trznej na fasadzie Pa\u00c5\u201estwa budynku.<\/p>\n<p>Kupuj\u00c4\u2026 Pa\u00c5\u201estwo niezwykle cichy i wysokiej jako\u00c5\u203aci klimatyzator najnowszej generacji w atrakcyjnym, szykownym, czysto bia\u00c5\u201aym wzornictwie.<\/p>\n<p>Nasze klimatyzatory s\u00c4\u2026 projektowane i produkowane w Europie i charakteryzuj\u00c4\u2026 si\u00c4\u2122 wysok\u00c4\u2026 jako\u00c5\u203aci\u00c4\u2026, bardzo cich\u00c4\u2026 prac\u00c4\u2026 i niskim zu\u00c5\u00bcyciem energii.<\/p>\n<p>Klimatyzatorami mo\u00c5\u00bcna sterowa\u00c4\u2021 za pomoc\u00c4\u2026 do\u00c5\u201a\u00c4\u2026czonego pilota. Ponadto, klimatyzator jest wyposa\u00c5\u00bcony w wy\u00c5\u203awietlacz dotykowy, co oznacza, \u00c5\u00bce w ka\u00c5\u00bcdej chwili mo\u00c5\u00bcna go u\u00c5\u00bcywa\u00c4\u2021 bez pilota. Dost\u00c4\u2122p, ustawienie lub zmiana wszystkich funkcji jest r\u00c3\u00b3wnie\u00c5\u00bc mo\u00c5\u00bcliwa za po\u00c5\u203arednictwem Pa\u00c5\u201estwa urz\u00c4\u2026dzenia mobilnego (tabletu lub smartfona).<\/p>\n<p>Funkcja osuszania umo\u00c5\u00bcliwia ustawienie wielofunkcyjnego klimatyzatora na tryb \"tylko\" osuszania.<br \/>\nAbsolutn\u00c4\u2026 atrakcj\u00c4\u2026 jest to, \u00c5\u00bce mog\u00c4\u2026 Pa\u00c5\u201estwo zainstalowa\u00c4\u2021 klimatyzator zar\u00c3\u00b3wno na wysoko\u00c5\u203aci st\u00c3\u00b3p, jak i g\u00c5\u201aowy. Dzi\u00c4\u2122ki temu mo\u00c5\u00bcna klimatyzowa\u00c4\u2021 pomieszczenie praktycznie na ka\u00c5\u00bcdej wysoko\u00c5\u203aci zabudowy.<br \/>\nKlimatyzator charakteryzuje si\u00c4\u2122 bardzo cichym ha\u00c5\u201aasem pracy, wynosz\u00c4\u2026cym tylko 29 decybeli. Dzi\u00c4\u2122ki temu doskonale nadaje si\u00c4\u2122 do zastosowania w salonach i sypialniach.<\/p>\n<p>Ten nowoczesny klimatyzator zapewnia Pa\u00c5\u201estwu niezale\u00c5\u00bcno\u00c5\u203a\u00c4\u2021 od temperatur zewn\u00c4\u2122trznych.<\/p>\n<p>Prosz\u00c4\u2122 wnie\u00c5\u203a\u00c4\u2021 do domu powiew \u00c5\u203awie\u00c5\u00bcego powietrza i zaoszcz\u00c4\u2122dzi\u00c4\u2021 na kosztach pocz\u00c4\u2026tkowych dodatkowego \u00c5\u00bar\u00c3\u00b3d\u00c5\u201aa ogrzewania.<\/p>\n<p>Klimatyzator\u00c3\u00b3w nie wolno instalowa\u00c4\u2021 w wilgotnych pomieszczeniach lub \u00c5\u201aazienkach.<\/p>","protected":false},"excerpt":{"rendered":"<p>Das Winter-Powermodell f\u00fcr gro\u00dfe R\u00e4ume und Gewerbeobjekte bis 80m\u00b2 &#8211; Kann einen Heizk\u00f6rper ersetzen<\/p>","protected":false},"featured_media":147,"template":"","meta":{"_acf_changed":false,"_et_pb_use_builder":"","_et_pb_old_content":"","_et_gb_content_width":""},"product_brand":[],"product_cat":[113],"product_tag":[139],"class_list":{"0":"post-8174","1":"product","2":"type-product","3":"status-publish","4":"has-post-thumbnail","6":"product_cat-haendlershop","7":"product_tag-b2c-erlaubt","9":"first","10":"instock","11":"taxable","12":"shipping-taxable","13":"product-type-simple"},"acf":[],"_links":{"self":[{"href":"https:\/\/raumluft24.de\/pl\/wp-json\/wp\/v2\/product\/8174","targetHints":{"allow":["GET"]}}],"collection":[{"href":"https:\/\/raumluft24.de\/pl\/wp-json\/wp\/v2\/product"}],"about":[{"href":"https:\/\/raumluft24.de\/pl\/wp-json\/wp\/v2\/types\/product"}],"wp:featuredmedia":[{"embeddable":true,"href":"https:\/\/raumluft24.de\/pl\/wp-json\/wp\/v2\/media\/147"}],"wp:attachment":[{"href":"https:\/\/raumluft24.de\/pl\/wp-json\/wp\/v2\/media?parent=8174"}],"wp:term":[{"taxonomy":"product_brand","embeddable":true,"href":"https:\/\/raumluft24.de\/pl\/wp-json\/wp\/v2\/product_brand?post=8174"},{"taxonomy":"product_cat","embeddable":true,"href":"https:\/\/raumluft24.de\/pl\/wp-json\/wp\/v2\/product_cat?post=8174"},{"taxonomy":"product_tag","embeddable":true,"href":"https:\/\/raumluft24.de\/pl\/wp-json\/wp\/v2\/product_tag?post=8174"}],"curies":[{"name":"wp","href":"https:\/\/api.w.org\/{rel}","templated":true}]}}